{"id":946,"date":"2019-12-19T18:13:55","date_gmt":"2019-12-19T18:13:55","guid":{"rendered":"https:\/\/www.ttisuccessinsights.hu\/?page_id=946"},"modified":"2023-11-21T15:51:25","modified_gmt":"2023-11-21T15:51:25","slug":"our-network","status":"publish","type":"page","link":"https:\/\/www.ttisuccessinsights.hu\/sk\/our-network\/","title":{"rendered":"Na\u0161a sie\u0165"},"content":{"rendered":"<div class=\"wpb-content-wrapper\"><p>[vc_row][vc_column][vc_column_text]<\/p>\n<div class=\"articleBody\">\n<p><strong>Na\u0161ich 7 000 konzultantov a master distrib\u00fatorov spolupracuje so v\u0161etk\u00fdmi typmi klientov, mal\u00fdmi, stredn\u00fdmi a ve\u013ek\u00fdmi podnikmi, vr\u00e1tane finan\u010dn\u00fdch slu\u017eieb, hi-tech, softv\u00e9ru, telekomunik\u00e1ci\u00ed, vydavate\u013estiev, neziskov\u00fdch organiz\u00e1ci\u00ed, zdravotn\u00edckych a v\u00fdrobn\u00fdch \u010dinnost\u00ed, a poskytuje svojim klientom vynikaj\u00face poradenstvo, podporen\u00e9 produktmi TTI SI.<\/strong><\/p>\n<p>\u010clenovia siete dost\u00e1vaj\u00fa podporu a \u0161kolenia od t\u00edmu TTI SI, s cie\u013eom maximalizova\u0165 svoj v\u00fdkon a schopnosti, a tak splni\u0165 a prekona\u0165 o\u010dak\u00e1vania svojich klientov.<\/p>\n<p>Na\u0161i konzultanti a master distrib\u00fatori, ktor\u00ed tvoria sie\u0165 TTI SI, s\u00fa tie\u017e zn\u00e1mi svoj\u00edm duchom spolupr\u00e1ce a vz\u00e1jomnej podpory. Na\u0161ej ka\u017edoro\u010dnej konferencie sa z\u00fa\u010dast\u0148uj\u00fa \u010dlenovia siete z cel\u00e9ho sveta, aby spolupracovali, zdie\u013eali a u\u010dili sa od seba navz\u00e1jom osved\u010den\u00e9 praxe.<\/p>\n<h3>Poradn\u00e1 rada funguj\u00faca na celom svete<\/h3>\n<p>Poradn\u00fa radu funguj\u00facu na celom svete tvoria hlavn\u00ed distrib\u00fatori a poradcovia zo \u0161tyroch kontinentov. K povinnostiam rady patria nasleduj\u00face \u00falohy:<\/p>\n<ul>\n<li>Ochrana zna\u010dky TTI SI a zabezpe\u010denie jej etiky a integrity;<\/li>\n<li>Presadzovanie a udr\u017eiavanie poslania, v\u00edzi\u00ed a hodn\u00f4t spolo\u010dnosti;<\/li>\n<li>Budovanie povedomia o trhu a odvetv\u00ed v podnikov\u00fdch kancel\u00e1ri\u00e1ch a v r\u00e1mci siete TTI;<\/li>\n<li>Poskytovanie sp\u00e4tnej v\u00e4zby ku v\u0161etk\u00fdm produktom, slu\u017eb\u00e1m a materi\u00e1lom, ktor\u00e9 s\u00fa v s\u00fa\u010dasnosti k dispoz\u00edcii, podporovanie a podnecovanie v\u00fdvoja nov\u00fdch produktov.<\/li>\n<\/ul>\n<\/div>\n<p>[\/vc_column_text][\/vc_column][\/vc_row]<\/p>\n<\/div>","protected":false},"excerpt":{"rendered":"<p>[vc_row][vc_column][vc_column_text] Na\u0161ich 7 000 konzultantov a master distrib\u00fatorov spolupracuje so v\u0161etk\u00fdmi typmi klientov, mal\u00fdmi, stredn\u00fdmi a ve\u013ek\u00fdmi podnikmi, vr\u00e1tane finan\u010dn\u00fdch slu\u017eieb, hi-tech, softv\u00e9ru, telekomunik\u00e1ci\u00ed, vydavate\u013estiev, neziskov\u00fdch organiz\u00e1ci\u00ed, zdravotn\u00edckych a v\u00fdrobn\u00fdch \u010dinnost\u00ed, a poskytuje svojim klientom vynikaj\u00face poradenstvo, podporen\u00e9 produktmi TTI SI. \u010clenovia siete dost\u00e1vaj\u00fa podporu a \u0161kolenia od t\u00edmu TTI<span class=\"excerpt-hellip\"> [\u2026]<\/span><\/p>\n","protected":false},"author":1,"featured_media":0,"parent":0,"menu_order":0,"comment_status":"closed","ping_status":"closed","template":"","meta":{"inline_featured_image":false,"footnotes":""},"class_list":["post-946","page","type-page","status-publish","hentry"],"_links":{"self":[{"href":"https:\/\/www.ttisuccessinsights.hu\/sk\/wp-json\/wp\/v2\/pages\/946","targetHints":{"allow":["GET"]}}],"collection":[{"href":"https:\/\/www.ttisuccessinsights.hu\/sk\/wp-json\/wp\/v2\/pages"}],"about":[{"href":"https:\/\/www.ttisuccessinsights.hu\/sk\/wp-json\/wp\/v2\/types\/page"}],"author":[{"embeddable":true,"href":"https:\/\/www.ttisuccessinsights.hu\/sk\/wp-json\/wp\/v2\/users\/1"}],"replies":[{"embeddable":true,"href":"https:\/\/www.ttisuccessinsights.hu\/sk\/wp-json\/wp\/v2\/comments?post=946"}],"version-history":[{"count":4,"href":"https:\/\/www.ttisuccessinsights.hu\/sk\/wp-json\/wp\/v2\/pages\/946\/revisions"}],"predecessor-version":[{"id":2226,"href":"https:\/\/www.ttisuccessinsights.hu\/sk\/wp-json\/wp\/v2\/pages\/946\/revisions\/2226"}],"wp:attachment":[{"href":"https:\/\/www.ttisuccessinsights.hu\/sk\/wp-json\/wp\/v2\/media?parent=946"}],"curies":[{"name":"wp","href":"https:\/\/api.w.org\/{rel}","templated":true}]}}