{"id":835,"date":"2019-12-11T21:10:52","date_gmt":"2019-12-11T21:10:52","guid":{"rendered":"https:\/\/www.ttisuccessinsights.hu\/?page_id=835"},"modified":"2023-11-21T17:50:55","modified_gmt":"2023-11-21T17:50:55","slug":"reliable-around-the-world","status":"publish","type":"page","link":"https:\/\/www.ttisuccessinsights.hu\/sk\/reliable-around-the-world\/","title":{"rendered":"Spo\u013eahliv\u00e9 na celom svete"},"content":{"rendered":"<div class=\"wpb-content-wrapper\"><p>[vc_row][vc_column][vc_column_text]<\/p>\n<div class=\"et_pb_module et_pb_text et_pb_text_3 et_pb_bg_layout_light et_pb_text_align_left\">\n<div class=\"et_pb_text_inner\">\n<p style=\"text-align: center;\">Na\u0161a najnov\u0161ia \u0161t\u00fadia spo\u013eahlivosti hodnoten\u00ed Style Insights\u00ae a Motivation Insights\u00ae spolo\u010dnosti TTI Success Insights bola zverejnen\u00e1 v auguste 2017.<\/p>\n<p style=\"text-align: center;\">Na z\u00e1klade zisten\u00ed tejto \u0161t\u00fadie v porovnan\u00ed s priemyseln\u00fdmi \u0161tandardmi mo\u017eno kon\u0161tatova\u0165, \u017ee hodnotenia Style &amp; Motiation Insights vykazuj\u00fa vn\u00fatorn\u00fa konzistenciu, ktor\u00e1 je jedn\u00fdm z k\u013e\u00fa\u010dov\u00fdch prvkov spo\u013eahlivosti hodnotenia.<\/p>\n<\/div>\n<\/div>\n<p>[\/vc_column_text][\/vc_column][\/vc_row][vc_row][vc_column width=&#8220;1\/3&#8243;][vc_single_image image=&#8220;246&#8243; img_size=&#8220;full&#8220; alignment=&#8220;center&#8220; onclick=&#8220;custom_link&#8220; img_link_target=&#8220;_blank&#8220; link=&#8220;https:\/\/www.ttisuccessinsights.hu\/wp-content\/uploads\/2019\/06\/StyleInsightsStudy_2017.pdf&#8220;][vc_column_text]<\/p>\n<h4 style=\"text-align: center;\"><a href=\"https:\/\/www.ttisuccessinsights.hu\/wp-content\/uploads\/2019\/06\/StyleInsightsStudy_2017.pdf\" target=\"_blank\" rel=\"noopener noreferrer\">Style Insights\u00ae 2017<\/a><br \/>\nReliability Study<\/h4>\n<p>[\/vc_column_text][\/vc_column][vc_column width=&#8220;1\/3&#8243;][vc_single_image image=&#8220;251&#8243; img_size=&#8220;full&#8220; alignment=&#8220;center&#8220; onclick=&#8220;custom_link&#8220; img_link_target=&#8220;_blank&#8220; link=&#8220;https:\/\/www.ttisuccessinsights.hu\/wp-content\/uploads\/2019\/06\/MotivationInsightsStudy_2017.pdf&#8220;][vc_column_text]<\/p>\n<h4 style=\"text-align: center;\"><a href=\"https:\/\/www.ttisuccessinsights.hu\/wp-content\/uploads\/2019\/06\/MotivationInsightsStudy_2017.pdf\">Motivation Insights\u00ae 2017<\/a><br \/>\nReliability Study<\/h4>\n<p>[\/vc_column_text][\/vc_column][vc_column width=&#8220;1\/3&#8243;][vc_single_image image=&#8220;249&#8243; img_size=&#8220;full&#8220; alignment=&#8220;center&#8220; onclick=&#8220;custom_link&#8220; img_link_target=&#8220;_blank&#8220; link=&#8220;https:\/\/www.ttisuccessinsights.hu\/wp-content\/uploads\/2019\/06\/TalantInsightsStudy_2017.pdf&#8220;][vc_column_text]<\/p>\n<h4 style=\"text-align: center;\"><a href=\"https:\/\/www.ttisuccessinsights.hu\/wp-content\/uploads\/2019\/06\/TalantInsightsStudy_2017.pdf\" target=\"_blank\" rel=\"noopener noreferrer\">Talent Insights\u00ae 2017<\/a><br \/>\nReliability Study<\/h4>\n<p>[\/vc_column_text][\/vc_column][\/vc_row]<\/p>\n<\/div>","protected":false},"excerpt":{"rendered":"<p>[vc_row][vc_column][vc_column_text] Na\u0161a najnov\u0161ia \u0161t\u00fadia spo\u013eahlivosti hodnoten\u00ed Style Insights\u00ae a Motivation Insights\u00ae spolo\u010dnosti TTI Success Insights bola zverejnen\u00e1 v auguste 2017. Na z\u00e1klade zisten\u00ed tejto \u0161t\u00fadie v porovnan\u00ed s priemyseln\u00fdmi \u0161tandardmi mo\u017eno kon\u0161tatova\u0165, \u017ee hodnotenia Style &amp; Motiation Insights vykazuj\u00fa vn\u00fatorn\u00fa konzistenciu, ktor\u00e1 je jedn\u00fdm z k\u013e\u00fa\u010dov\u00fdch prvkov spo\u013eahlivosti hodnotenia. [\/vc_column_text][\/vc_column][\/vc_row][vc_row][vc_column<span class=\"excerpt-hellip\"> [\u2026]<\/span><\/p>\n","protected":false},"author":1,"featured_media":0,"parent":0,"menu_order":0,"comment_status":"closed","ping_status":"closed","template":"","meta":{"inline_featured_image":false,"footnotes":""},"class_list":["post-835","page","type-page","status-publish","hentry"],"_links":{"self":[{"href":"https:\/\/www.ttisuccessinsights.hu\/sk\/wp-json\/wp\/v2\/pages\/835","targetHints":{"allow":["GET"]}}],"collection":[{"href":"https:\/\/www.ttisuccessinsights.hu\/sk\/wp-json\/wp\/v2\/pages"}],"about":[{"href":"https:\/\/www.ttisuccessinsights.hu\/sk\/wp-json\/wp\/v2\/types\/page"}],"author":[{"embeddable":true,"href":"https:\/\/www.ttisuccessinsights.hu\/sk\/wp-json\/wp\/v2\/users\/1"}],"replies":[{"embeddable":true,"href":"https:\/\/www.ttisuccessinsights.hu\/sk\/wp-json\/wp\/v2\/comments?post=835"}],"version-history":[{"count":3,"href":"https:\/\/www.ttisuccessinsights.hu\/sk\/wp-json\/wp\/v2\/pages\/835\/revisions"}],"predecessor-version":[{"id":2253,"href":"https:\/\/www.ttisuccessinsights.hu\/sk\/wp-json\/wp\/v2\/pages\/835\/revisions\/2253"}],"wp:attachment":[{"href":"https:\/\/www.ttisuccessinsights.hu\/sk\/wp-json\/wp\/v2\/media?parent=835"}],"curies":[{"name":"wp","href":"https:\/\/api.w.org\/{rel}","templated":true}]}}