{"id":784,"date":"2019-12-11T20:54:13","date_gmt":"2019-12-11T20:54:13","guid":{"rendered":"https:\/\/www.ttisuccessinsights.hu\/?page_id=784"},"modified":"2025-10-30T18:12:39","modified_gmt":"2025-10-30T18:12:39","slug":"emotional-intelligence-eq","status":"publish","type":"page","link":"https:\/\/www.ttisuccessinsights.hu\/sk\/five-sciences-how-we-do-it\/emotional-intelligence-eq\/","title":{"rendered":"Emocion\u00e1lna inteligencia\/EQ"},"content":{"rendered":"<div class=\"wpb-content-wrapper\"><p>[vc_row][vc_column width=&#8220;2\/3&#8243;][vc_column_text]<strong>Emocion\u00e1lna inteligencia sa zaober\u00e1 schopnos\u0165ou jednotlivca vn\u00edma\u0165, ch\u00e1pa\u0165 a efekt\u00edvne vyu\u017e\u00edva\u0165 silu em\u00f3ci\u00ed a rozhodnut\u00ed zalo\u017een\u00fdch na em\u00f3ci\u00e1ch, na zlep\u0161enie spolupr\u00e1ce a efekt\u00edvnosti.<\/strong><\/p>\n<p>V\u00fdskumy uk\u00e1zali, \u017ee \u00faspe\u0161n\u00ed l\u00eddri a vysok\u00fd v\u00fdkon pod\u00e1vaj\u00faci jedinci maj\u00fa vysoko rozvinut\u00fa oblas\u0165 emocion\u00e1lnej inteligencie, a preto dok\u00e1\u017eu dobre spolupracova\u0165 takmer so v\u0161etk\u00fdmi \u013eu\u010fmi bez oh\u013eadu na typ osobnosti a \u00fa\u010dinne reagova\u0165 na neust\u00e1le sa meniace v\u00fdzvy sveta podnikania.<\/p>\n<p>Hodnotenie TTI Success Insights meraj\u00face emocion\u00e1lnu inteligenciu (EQ) sk\u00fama p\u00e4\u0165 k\u013e\u00fa\u010dov\u00fdch oblast\u00ed, ktor\u00e9 sa t\u00fdkaj\u00fa intraperson\u00e1lnych a interperson\u00e1lnych vz\u0165ahov:<\/p>\n<ul>\n<li><strong>Sebauvedomenie<\/strong> &#8211; schopnos\u0165 rozpozna\u0165 a pochopi\u0165 vlastn\u00e9 n\u00e1lady, em\u00f3cie a pohn\u00fatky a ich vplyv na ostatn\u00fdch.<\/li>\n<li><strong>Sebaovl\u00e1danie<\/strong> &#8211; schopnos\u0165 ovl\u00e1da\u0165 svoje \u0161kodliv\u00e9 impulzy a n\u00e1lady a prij\u00edma\u0165 uv\u00e1\u017een\u00e9 rozhodnutia.<\/li>\n<li><strong>Motiv\u00e1cia<\/strong> &#8211; v\u00e1\u0161e\u0148, vn\u00fatorn\u00e1 pohn\u00fatka alebo sklon, v\u010faka ktor\u00e9mu sme ochotn\u00ed tvrdo, vytrvalo pracova\u0165 na dosiahnut\u00ed svojich cie\u013eov, nielen kv\u00f4li vedomostiam, zisku, prostrediu, ostatn\u00fdm, moci, met\u00f3dam a podobn\u00fdm vonkaj\u0161\u00edm pohn\u00fatkam.<\/li>\n<li><strong>Empatia<\/strong> &#8211; schopnos\u0165 porozumie\u0165 emocion\u00e1lnemu svetu druh\u00fdch a tomu, ak\u00fd maj\u00fa slov\u00e1 a \u010diny \u00fa\u010dinok na druh\u00fdch.<\/li>\n<li><strong>Soci\u00e1lne zru\u010dnosti<\/strong> &#8211; Schopnos\u0165 ovplyv\u0148ova\u0165 emocion\u00e1lnu triezvos\u0165 druh\u00fdch prostredn\u00edctvom zru\u010dnosti v riaden\u00ed vz\u0165ahov a budovan\u00ed siet\u00ed.<\/li>\n<\/ul>\n<p>[\/vc_column_text][\/vc_column][vc_column width=&#8220;1\/3&#8243;][vc_single_image image=&#8220;3039&#8243; img_size=&#8220;full&#8220; alignment=&#8220;center&#8220;][\/vc_column][\/vc_row]<\/p>\n<\/div>","protected":false},"excerpt":{"rendered":"<p>[vc_row][vc_column width=&#8220;2\/3&#8243;][vc_column_text]Emocion\u00e1lna inteligencia sa zaober\u00e1 schopnos\u0165ou jednotlivca vn\u00edma\u0165, ch\u00e1pa\u0165 a efekt\u00edvne vyu\u017e\u00edva\u0165 silu em\u00f3ci\u00ed a rozhodnut\u00ed zalo\u017een\u00fdch na em\u00f3ci\u00e1ch, na zlep\u0161enie spolupr\u00e1ce a efekt\u00edvnosti. V\u00fdskumy uk\u00e1zali, \u017ee \u00faspe\u0161n\u00ed l\u00eddri a vysok\u00fd v\u00fdkon pod\u00e1vaj\u00faci jedinci maj\u00fa vysoko rozvinut\u00fa oblas\u0165 emocion\u00e1lnej inteligencie, a preto dok\u00e1\u017eu dobre spolupracova\u0165 takmer so v\u0161etk\u00fdmi \u013eu\u010fmi bez<span class=\"excerpt-hellip\"> [\u2026]<\/span><\/p>\n","protected":false},"author":1,"featured_media":0,"parent":663,"menu_order":0,"comment_status":"closed","ping_status":"closed","template":"","meta":{"inline_featured_image":false,"footnotes":""},"class_list":["post-784","page","type-page","status-publish","hentry"],"_links":{"self":[{"href":"https:\/\/www.ttisuccessinsights.hu\/sk\/wp-json\/wp\/v2\/pages\/784","targetHints":{"allow":["GET"]}}],"collection":[{"href":"https:\/\/www.ttisuccessinsights.hu\/sk\/wp-json\/wp\/v2\/pages"}],"about":[{"href":"https:\/\/www.ttisuccessinsights.hu\/sk\/wp-json\/wp\/v2\/types\/page"}],"author":[{"embeddable":true,"href":"https:\/\/www.ttisuccessinsights.hu\/sk\/wp-json\/wp\/v2\/users\/1"}],"replies":[{"embeddable":true,"href":"https:\/\/www.ttisuccessinsights.hu\/sk\/wp-json\/wp\/v2\/comments?post=784"}],"version-history":[{"count":5,"href":"https:\/\/www.ttisuccessinsights.hu\/sk\/wp-json\/wp\/v2\/pages\/784\/revisions"}],"predecessor-version":[{"id":3074,"href":"https:\/\/www.ttisuccessinsights.hu\/sk\/wp-json\/wp\/v2\/pages\/784\/revisions\/3074"}],"up":[{"embeddable":true,"href":"https:\/\/www.ttisuccessinsights.hu\/sk\/wp-json\/wp\/v2\/pages\/663"}],"wp:attachment":[{"href":"https:\/\/www.ttisuccessinsights.hu\/sk\/wp-json\/wp\/v2\/media?parent=784"}],"curies":[{"name":"wp","href":"https:\/\/api.w.org\/{rel}","templated":true}]}}