{"id":735,"date":"2019-12-11T20:52:14","date_gmt":"2019-12-11T20:52:14","guid":{"rendered":"https:\/\/www.ttisuccessinsights.hu\/?page_id=735"},"modified":"2025-10-22T18:35:50","modified_gmt":"2025-10-22T18:35:50","slug":"behaviors-disc","status":"publish","type":"page","link":"https:\/\/www.ttisuccessinsights.hu\/sk\/five-sciences-how-we-do-it\/behaviors-disc\/","title":{"rendered":"Spr\u00e1vanie\/DISC"},"content":{"rendered":"<div class=\"wpb-content-wrapper\"><p>[vc_row][vc_column width=&#8220;2\/3&#8243;][vc_column_text]<strong>Pod\u013ea v\u00fdskumu spr\u00e1vania TTI s\u00fa najefekt\u00edvnej\u0161\u00ed t\u00ed \u013eudia, ktor\u00ed rozumej\u00fa sebe sam\u00fdm, poznaj\u00fa svoje siln\u00e9 a slab\u00e9 str\u00e1nky, a tak si dok\u00e1\u017eu vytvori\u0165 strat\u00e9gie, ktor\u00e9 im pom\u00f4\u017eu splni\u0165 po\u017eiadavky ich okolia.<\/strong><\/p>\n<p>Hodnotenia TTI Success Insights meraj\u00face \u0161t\u00fdl spr\u00e1vania\/DISC sk\u00famaj\u00fa dominanciu, vplyv, st\u00e1los\u0165 a poddajnos\u0165 jednotlivca a odha\u013euj\u00fa ako jedinec reaguje na nasleduj\u00face skuto\u010dnosti:<\/p>\n<ul>\n<li>Probl\u00e9my a v\u00fdzvy<\/li>\n<li>Ovplyv\u0148ovanie druh\u00fdch<\/li>\n<li>Rytmus prostredia<\/li>\n<li>Pravidl\u00e1 a postupy<\/li>\n<\/ul>\n<p>[\/vc_column_text][\/vc_column][vc_column width=&#8220;1\/3&#8243;][vc_single_image image=&#8220;2800&#8243; img_size=&#8220;full&#8220; alignment=&#8220;center&#8220;][\/vc_column][\/vc_row]<\/p>\n<\/div>","protected":false},"excerpt":{"rendered":"<p>[vc_row][vc_column width=&#8220;2\/3&#8243;][vc_column_text]Pod\u013ea v\u00fdskumu spr\u00e1vania TTI s\u00fa najefekt\u00edvnej\u0161\u00ed t\u00ed \u013eudia, ktor\u00ed rozumej\u00fa sebe sam\u00fdm, poznaj\u00fa svoje siln\u00e9 a slab\u00e9 str\u00e1nky, a tak si dok\u00e1\u017eu vytvori\u0165 strat\u00e9gie, ktor\u00e9 im pom\u00f4\u017eu splni\u0165 po\u017eiadavky ich okolia. Hodnotenia TTI Success Insights meraj\u00face \u0161t\u00fdl spr\u00e1vania\/DISC sk\u00famaj\u00fa dominanciu, vplyv, st\u00e1los\u0165 a poddajnos\u0165 jednotlivca a odha\u013euj\u00fa ako jedinec<span class=\"excerpt-hellip\"> [\u2026]<\/span><\/p>\n","protected":false},"author":1,"featured_media":0,"parent":663,"menu_order":0,"comment_status":"closed","ping_status":"closed","template":"","meta":{"inline_featured_image":false,"footnotes":""},"class_list":["post-735","page","type-page","status-publish","hentry"],"_links":{"self":[{"href":"https:\/\/www.ttisuccessinsights.hu\/sk\/wp-json\/wp\/v2\/pages\/735","targetHints":{"allow":["GET"]}}],"collection":[{"href":"https:\/\/www.ttisuccessinsights.hu\/sk\/wp-json\/wp\/v2\/pages"}],"about":[{"href":"https:\/\/www.ttisuccessinsights.hu\/sk\/wp-json\/wp\/v2\/types\/page"}],"author":[{"embeddable":true,"href":"https:\/\/www.ttisuccessinsights.hu\/sk\/wp-json\/wp\/v2\/users\/1"}],"replies":[{"embeddable":true,"href":"https:\/\/www.ttisuccessinsights.hu\/sk\/wp-json\/wp\/v2\/comments?post=735"}],"version-history":[{"count":5,"href":"https:\/\/www.ttisuccessinsights.hu\/sk\/wp-json\/wp\/v2\/pages\/735\/revisions"}],"predecessor-version":[{"id":2842,"href":"https:\/\/www.ttisuccessinsights.hu\/sk\/wp-json\/wp\/v2\/pages\/735\/revisions\/2842"}],"up":[{"embeddable":true,"href":"https:\/\/www.ttisuccessinsights.hu\/sk\/wp-json\/wp\/v2\/pages\/663"}],"wp:attachment":[{"href":"https:\/\/www.ttisuccessinsights.hu\/sk\/wp-json\/wp\/v2\/media?parent=735"}],"curies":[{"name":"wp","href":"https:\/\/api.w.org\/{rel}","templated":true}]}}