{"id":531,"date":"2019-12-09T12:29:15","date_gmt":"2019-12-09T12:29:15","guid":{"rendered":"https:\/\/www.ttisuccessinsights.hu\/?page_id=531"},"modified":"2025-10-22T08:46:57","modified_gmt":"2025-10-22T08:46:57","slug":"trimetrix-dna","status":"publish","type":"page","link":"https:\/\/www.ttisuccessinsights.hu\/sk\/our-products\/trimetrix-dna\/","title":{"rendered":"TriMetrix \u00ae DNA"},"content":{"rendered":"<div class=\"wpb-content-wrapper\"><p>[vc_row][vc_column width=&#8220;2\/3&#8243;][vc_column_text]<strong>TTI TriMetrix\u00ae DNA sk\u00fama spr\u00e1vanie, ktor\u00e9 jednotlivci prin\u00e1\u0161aj\u00fa do pr\u00e1ce, motiv\u00e1tory, ktor\u00e9 ich poh\u00e1\u0148aj\u00fa, a schopnos\u0165 preuk\u00e1za\u0165 kompetencie vy\u017eadovan\u00e9 danou pr\u00e1cou.<\/strong><\/p>\n<p>TriMetrix DNA odha\u013euje konkr\u00e9tne detaily v t\u00fdchto troch oblastiach, ktor\u00e9 opisuj\u00fa body vynikaj\u00faceho v\u00fdkonu &#8222;ako&#8220;, &#8222;pre\u010do&#8220; a &#8222;\u010do&#8220;.<\/p>\n<p>\u010ealej t\u00e1to spr\u00e1va sp\u00e1ja spr\u00e1vanie a motiv\u00e1tory do integrovanej \u010dasti, ktor\u00e1 v\u00e1m pom\u00f4\u017ee pochopi\u0165 &#8222;ako&#8220; a &#8222;pre\u010do&#8220; konania jednotlivca. Tieto spr\u00e1vy sa skladaj\u00fa z troch vied: Spr\u00e1vanie, motiv\u00e1tory a kompetencie.<\/p>\n<p>Toto hodnotenie sa pou\u017e\u00edva na celom svete na:<\/p>\n<ul>\n<li>Efekt\u00edvny rozvoj talentov<\/li>\n<li>Vhodnos\u0165 na \u00faspe\u0161n\u00e9 zast\u00e1vanie pracovnej poz\u00edcie<\/li>\n<\/ul>\n<p>[\/vc_column_text][\/vc_column][vc_column width=&#8220;1\/3&#8243;][vc_single_image image=&#8220;2335&#8243; img_size=&#8220;full&#8220; alignment=&#8220;center&#8220; onclick=&#8220;custom_link&#8220; img_link_target=&#8220;_blank&#8220; link=&#8220;https:\/\/www.ttisuccessinsights.hu\/wp-content\/uploads\/2025\/10\/TriDNA2man.pdf&#8220;][\/vc_column][\/vc_row]<\/p>\n<\/div>","protected":false},"excerpt":{"rendered":"<p>[vc_row][vc_column width=&#8220;2\/3&#8243;][vc_column_text]TTI TriMetrix\u00ae DNA sk\u00fama spr\u00e1vanie, ktor\u00e9 jednotlivci prin\u00e1\u0161aj\u00fa do pr\u00e1ce, motiv\u00e1tory, ktor\u00e9 ich poh\u00e1\u0148aj\u00fa, a schopnos\u0165 preuk\u00e1za\u0165 kompetencie vy\u017eadovan\u00e9 danou pr\u00e1cou. TriMetrix DNA odha\u013euje konkr\u00e9tne detaily v t\u00fdchto troch oblastiach, ktor\u00e9 opisuj\u00fa body vynikaj\u00faceho v\u00fdkonu &#8222;ako&#8220;, &#8222;pre\u010do&#8220; a &#8222;\u010do&#8220;. \u010ealej t\u00e1to spr\u00e1va sp\u00e1ja spr\u00e1vanie a motiv\u00e1tory do integrovanej \u010dasti,<span class=\"excerpt-hellip\"> [\u2026]<\/span><\/p>\n","protected":false},"author":1,"featured_media":0,"parent":968,"menu_order":0,"comment_status":"closed","ping_status":"closed","template":"","meta":{"inline_featured_image":false,"footnotes":""},"class_list":["post-531","page","type-page","status-publish","hentry"],"_links":{"self":[{"href":"https:\/\/www.ttisuccessinsights.hu\/sk\/wp-json\/wp\/v2\/pages\/531","targetHints":{"allow":["GET"]}}],"collection":[{"href":"https:\/\/www.ttisuccessinsights.hu\/sk\/wp-json\/wp\/v2\/pages"}],"about":[{"href":"https:\/\/www.ttisuccessinsights.hu\/sk\/wp-json\/wp\/v2\/types\/page"}],"author":[{"embeddable":true,"href":"https:\/\/www.ttisuccessinsights.hu\/sk\/wp-json\/wp\/v2\/users\/1"}],"replies":[{"embeddable":true,"href":"https:\/\/www.ttisuccessinsights.hu\/sk\/wp-json\/wp\/v2\/comments?post=531"}],"version-history":[{"count":5,"href":"https:\/\/www.ttisuccessinsights.hu\/sk\/wp-json\/wp\/v2\/pages\/531\/revisions"}],"predecessor-version":[{"id":2545,"href":"https:\/\/www.ttisuccessinsights.hu\/sk\/wp-json\/wp\/v2\/pages\/531\/revisions\/2545"}],"up":[{"embeddable":true,"href":"https:\/\/www.ttisuccessinsights.hu\/sk\/wp-json\/wp\/v2\/pages\/968"}],"wp:attachment":[{"href":"https:\/\/www.ttisuccessinsights.hu\/sk\/wp-json\/wp\/v2\/media?parent=531"}],"curies":[{"name":"wp","href":"https:\/\/api.w.org\/{rel}","templated":true}]}}