{"id":481,"date":"2019-12-09T12:12:16","date_gmt":"2019-12-09T12:12:16","guid":{"rendered":"https:\/\/www.ttisuccessinsights.hu\/?page_id=481"},"modified":"2025-10-22T08:35:50","modified_gmt":"2025-10-22T08:35:50","slug":"emotional-quotient","status":"publish","type":"page","link":"https:\/\/www.ttisuccessinsights.hu\/sk\/our-products\/emotional-quotient\/","title":{"rendered":"Emocion\u00e1lny kvocient&#x2122;"},"content":{"rendered":"<div class=\"wpb-content-wrapper\"><p>[vc_row][vc_column width=&#8220;2\/3&#8243;][vc_column_text]<strong>N\u00e1\u0161 produkt Emocion\u00e1lny kvocient (EQ) sa zaober\u00e1 emocion\u00e1lnou inteligenciou \u010dloveka, \u010do je schopnos\u0165 vyc\u00edti\u0165, pochopi\u0165 a efekt\u00edvne vyu\u017e\u00edva\u0165 silu a schopnos\u0165 em\u00f3ci\u00ed na u\u013eah\u010denie vy\u0161\u0161ej \u00farovne spolupr\u00e1ce a produktivity.<\/strong><\/p>\n<p>T\u00e1to spr\u00e1va pozost\u00e1va z jednej vedy: EQ.<\/p>\n<p>Toto hodnotenie sa pou\u017e\u00edva na celom svete na:<\/p>\n<ul>\n<li>Rozvoj l\u00eddrov<\/li>\n<li>Anga\u017eovanie t\u00edmov<\/li>\n<li>Kou\u010ding<\/li>\n<li>Pl\u00e1novanie n\u00e1stupn\u00edctva<\/li>\n<\/ul>\n<p>[\/vc_column_text][\/vc_column][vc_column width=&#8220;1\/3&#8243;][vc_single_image image=&#8220;2350&#8243; img_size=&#8220;full&#8220; alignment=&#8220;center&#8220; onclick=&#8220;custom_link&#8220; img_link_target=&#8220;_blank&#8220; link=&#8220;https:\/\/www.ttisuccessinsights.hu\/wp-content\/uploads\/2025\/10\/eq.pdf&#8220;][\/vc_column][\/vc_row]<\/p>\n<\/div>","protected":false},"excerpt":{"rendered":"<p>[vc_row][vc_column width=&#8220;2\/3&#8243;][vc_column_text]N\u00e1\u0161 produkt Emocion\u00e1lny kvocient (EQ) sa zaober\u00e1 emocion\u00e1lnou inteligenciou \u010dloveka, \u010do je schopnos\u0165 vyc\u00edti\u0165, pochopi\u0165 a efekt\u00edvne vyu\u017e\u00edva\u0165 silu a schopnos\u0165 em\u00f3ci\u00ed na u\u013eah\u010denie vy\u0161\u0161ej \u00farovne spolupr\u00e1ce a produktivity. T\u00e1to spr\u00e1va pozost\u00e1va z jednej vedy: EQ. Toto hodnotenie sa pou\u017e\u00edva na celom svete na: Rozvoj l\u00eddrov Anga\u017eovanie t\u00edmov Kou\u010ding<span class=\"excerpt-hellip\"> [\u2026]<\/span><\/p>\n","protected":false},"author":1,"featured_media":0,"parent":968,"menu_order":0,"comment_status":"closed","ping_status":"closed","template":"","meta":{"inline_featured_image":false,"footnotes":""},"class_list":["post-481","page","type-page","status-publish","hentry"],"_links":{"self":[{"href":"https:\/\/www.ttisuccessinsights.hu\/sk\/wp-json\/wp\/v2\/pages\/481","targetHints":{"allow":["GET"]}}],"collection":[{"href":"https:\/\/www.ttisuccessinsights.hu\/sk\/wp-json\/wp\/v2\/pages"}],"about":[{"href":"https:\/\/www.ttisuccessinsights.hu\/sk\/wp-json\/wp\/v2\/types\/page"}],"author":[{"embeddable":true,"href":"https:\/\/www.ttisuccessinsights.hu\/sk\/wp-json\/wp\/v2\/users\/1"}],"replies":[{"embeddable":true,"href":"https:\/\/www.ttisuccessinsights.hu\/sk\/wp-json\/wp\/v2\/comments?post=481"}],"version-history":[{"count":6,"href":"https:\/\/www.ttisuccessinsights.hu\/sk\/wp-json\/wp\/v2\/pages\/481\/revisions"}],"predecessor-version":[{"id":2480,"href":"https:\/\/www.ttisuccessinsights.hu\/sk\/wp-json\/wp\/v2\/pages\/481\/revisions\/2480"}],"up":[{"embeddable":true,"href":"https:\/\/www.ttisuccessinsights.hu\/sk\/wp-json\/wp\/v2\/pages\/968"}],"wp:attachment":[{"href":"https:\/\/www.ttisuccessinsights.hu\/sk\/wp-json\/wp\/v2\/media?parent=481"}],"curies":[{"name":"wp","href":"https:\/\/api.w.org\/{rel}","templated":true}]}}