{"id":363,"date":"2019-05-02T15:41:32","date_gmt":"2019-05-02T15:41:32","guid":{"rendered":"https:\/\/www.ttisuccessinsights.hu\/?page_id=363"},"modified":"2023-11-21T15:32:08","modified_gmt":"2023-11-21T15:32:08","slug":"fooldal","status":"publish","type":"page","link":"https:\/\/www.ttisuccessinsights.hu\/sk\/","title":{"rendered":"O n\u00e1s"},"content":{"rendered":"<div class=\"wpb-content-wrapper\"><p>[vc_row full_width=&#8220;stretch_row&#8220; equal_height=&#8220;yes&#8220; content_placement=&#8220;middle&#8220; css=&#8220;.vc_custom_1557074019843{margin-top: 30px !important;}&#8220;][vc_column width=&#8220;1\/2&#8243;][vc_single_image image=&#8220;180&#8243; img_size=&#8220;full&#8220; alignment=&#8220;center&#8220; css_animation=&#8220;fadeIn&#8220;][\/vc_column][vc_column width=&#8220;1\/2&#8243;]<div class=\"ult-animation  ult-animate-viewport  ult-no-mobile \" data-animate=\"slideInUp\" data-animation-delay=\"0\" data-animation-duration=\"2\" data-animation-iteration=\"1\" style=\"opacity:0;\" data-opacity_start_effect=\"\">[vc_column_text]O n\u00e1s[\/vc_column_text]<\/div>[vc_column_text]Ver\u00edme, \u017ee v\u0161etci \u013eudia maj\u00fa jedine\u010dn\u00e9 talenty a schopnosti, o ktor\u00fdch \u010dasto ani nevedia. Na\u0161im cie\u013eom je tieto talenty odhali\u0165 a vyu\u017ei\u0165 pomocou Vedy jedinca.<\/p>\n<p>U\u017e viac ako 30 rokov sk\u00famame \u013eudsk\u00e9 spr\u00e1vanie, motiv\u00e1tory, potenci\u00e1l a schopnosti, zru\u010dnosti a citov\u00fa inteligenciu. Vytvorili sme dotazn\u00edky, aby sme na celom svete dok\u00e1zali vybra\u0165, rozv\u00edja\u0165 a udr\u017ea\u0165 najv\u00e4\u010d\u0161ie talenty.<\/p>\n<p>Sme zaviazan\u00ed neust\u00e1lemu v\u00fdskumu. N\u00e1\u0161 v\u00fdskum je zalo\u017een\u00fd na piatich oblastiach merania, na\u0161a sie\u0165 klientov zah\u0155\u0148a viac ako 7 000 partnerov na celom svete.[\/vc_column_text][\/vc_column][\/vc_row][vc_row full_width=&#8220;stretch_row&#8220; css_animation=&#8220;fadeIn&#8220; css=&#8220;.vc_custom_1569846672081{margin-top: 30px !important;}&#8220;][vc_column width=&#8220;1\/4&#8243;][vc_single_image image=&#8220;258&#8243; img_size=&#8220;full&#8220; alignment=&#8220;center&#8220;][vc_column_text el_class=&#8220;fel35&#8243;]<\/p>\n<h3 style=\"text-align: center;\">Objavenie<\/h3>\n<p style=\"text-align: center;\">N\u00e1\u0161 patentovan\u00fd proces benchmarkingu pracovn\u00fdch poz\u00edci\u00ed a najmodernej\u0161ie merania pom\u00e1haj\u00fa objavi\u0165 tie vhodn\u00e9 talenty, ktor\u00e9 podporuj\u00fa organiza\u010dn\u00fa a osobn\u00fa dokonalos\u0165.<\/p>\n<p>[\/vc_column_text][\/vc_column][vc_column width=&#8220;1\/4&#8243;][vc_single_image image=&#8220;260&#8243; img_size=&#8220;full&#8220; alignment=&#8220;center&#8220;][vc_column_text el_class=&#8220;fel35&#8243;]<\/p>\n<h3 style=\"text-align: center;\">Anga\u017eovanos\u0165<\/h3>\n<p style=\"text-align: center;\">Dotazn\u00edky sme navrhli tak, aby u\u017e\u00edvate\u013eov merali \u010do najrozsiahlej\u0161ie,\u00a0 formou merania piatich osobnostn\u00fdch typov, poskytuj\u00fac tak v\u00fdnimo\u010dne podrobn\u00e9 v\u00fdsledky.<\/p>\n<p>[\/vc_column_text][\/vc_column][vc_column width=&#8220;1\/4&#8243;][vc_single_image image=&#8220;262&#8243; img_size=&#8220;full&#8220; alignment=&#8220;center&#8220;][vc_column_text el_class=&#8220;fel35&#8243;]<\/p>\n<h3 style=\"text-align: center;\">Rozvoj<\/h3>\n<p style=\"text-align: center;\">Na\u0161e merania umo\u017e\u0148uj\u00fa \u013eu\u010fom vyu\u017e\u00edva\u0165 hlb\u0161ie poznatky pri pomoci jednotlivcom a organiz\u00e1ci\u00e1m dosiahnu\u0165 vy\u0161\u0161iu \u00farove\u0148 anga\u017eovanosti, spokojnosti a efekt\u00edvnosti.<\/p>\n<p>[\/vc_column_text][\/vc_column][vc_column width=&#8220;1\/4&#8243;][vc_single_image image=&#8220;261&#8243; img_size=&#8220;full&#8220; alignment=&#8220;center&#8220;][vc_column_text el_class=&#8220;fel35&#8243;]<\/p>\n<h3 style=\"text-align: center;\">Dosiahnut\u00e9 v\u00fdsledky<\/h3>\n<p style=\"text-align: center;\">Na\u0161e merania pom\u00e1haj\u00fa jednotlivcom a organiz\u00e1ci\u00e1m dosahova\u0165 najlep\u0161ie v\u00fdsledky prostredn\u00edctvom pochopenia a uplatnenia vlastn\u00fdch jedine\u010dn\u00fdch schopnost\u00ed.<\/p>\n<p>[\/vc_column_text][\/vc_column][\/vc_row][vc_row][vc_column css=&#8220;.vc_custom_1614296630611{margin-bottom: 30px !important;}&#8220;][vc_column_text css=&#8220;.vc_custom_1700580286191{margin-top: 50px !important;}&#8220;]<\/p>\n<div class=\"et_pb_module et_pb_text et_pb_text_20 et_pb_bg_layout_light et_pb_text_align_left et_had_animation\">\n<div class=\"et_pb_text_inner\">\n<h2 style=\"text-align: center;\">N\u00e1stroje, ktor\u00e9 pom\u00e1haj\u00fa v\u00e1\u0161mu t\u00edmu.<\/h2>\n<h3 style=\"text-align: center;\">Poskytujeme overen\u00e9 n\u00e1stroje na rie\u0161enie najv\u00e4\u010d\u0161\u00edch probl\u00e9mov, vyskytuj\u00facich sa v organiz\u00e1ci\u00e1ch.<\/h3>\n<\/div>\n<\/div>\n<p>[\/vc_column_text][\/vc_column][vc_column width=&#8220;1\/3&#8243;][vc_column_text]<\/p>\n<h4 style=\"text-align: center;\">Merania<\/h4>\n<p style=\"text-align: center;\">Online dotazn\u00edky, ktor\u00e9 zaznamen\u00e1vaj\u00fa jedine\u010dn\u00e9 kombin\u00e1cie odpoved\u00ed respondentov na ot\u00e1zky.<\/p>\n<p>[\/vc_column_text][\/vc_column][vc_column width=&#8220;1\/3&#8243;][vc_column_text]<\/p>\n<h4 style=\"text-align: center;\">Spr\u00e1vy<\/h4>\n<p style=\"text-align: center;\">Rozpr\u00e1vanie, grafy a\/alebo tabu\u013eky spojen\u00e9 do jedn\u00e9ho dokumentu na z\u00e1klade odpoved\u00ed jednotlivca v meran\u00ed.<\/p>\n<p>[\/vc_column_text][\/vc_column][vc_column width=&#8220;1\/3&#8243;][vc_column_text]<\/p>\n<h4 style=\"text-align: center;\">Syst\u00e9m<\/h4>\n<p style=\"text-align: center;\">Technol\u00f3gie a platformy, ktor\u00e9 umo\u017enia jednotlivcovi aj t\u00edmom spravova\u0165 hodnotenia, spr\u00e1vy a procesy v s\u00falade s GDPR a \u010fal\u0161\u00edmi regula\u010dn\u00fdmi normami.<\/p>\n<p>[\/vc_column_text][\/vc_column][\/vc_row][vc_row][vc_column][vc_column_text]<\/p>\n<h3 style=\"text-align: center;\">\u010co sa skr\u00fdva za na\u0161imi n\u00e1strojmi<\/h3>\n<p>[\/vc_column_text][\/vc_column][vc_column width=&#8220;1\/3&#8243;][vc_single_image image=&#8220;239&#8243; img_size=&#8220;full&#8220; alignment=&#8220;center&#8220;][vc_column_text]<\/p>\n<div class=\"et_pb_module et_pb_text et_pb_text_25 productHeader et_pb_bg_layout_light et_pb_text_align_left\">\n<div class=\"et_pb_text_inner\">\n<h4 style=\"text-align: center;\">Spr\u00e1vanie<\/h4>\n<p style=\"text-align: center;\">Meria \u0161tyri dimenzie (dominancia\u2014dominance, vplyv\u2014influence, v\u00fddr\u017e\u2014steadiness a\u00a0poddajnos\u0165\u2014compliance), DISC meria preferencie konania \u010dloveka a odha\u013euje, ako sa bude jednotlivec spr\u00e1va\u0165.<\/p>\n<\/div>\n<\/div>\n<p>[\/vc_column_text][\/vc_column][vc_column width=&#8220;1\/3&#8243;][vc_single_image image=&#8220;240&#8243; img_size=&#8220;full&#8220; alignment=&#8220;center&#8220;][vc_column_text]<\/p>\n<div class=\"et_pb_module et_pb_text et_pb_text_26 productHeader et_pb_bg_layout_light et_pb_text_align_left\">\n<div class=\"et_pb_text_inner\">\n<h4 style=\"text-align: center;\">Hnacie sily<\/h4>\n<p style=\"text-align: center;\">Odhal\u00ed, \u010do jedinca motivuje a zauj\u00edma, a to sk\u00faman\u00edm 6 jedine\u010dn\u00fdch aspektov: vedomosti, v\u00fdhody, prostredie, ostatn\u00ed, moc, met\u00f3da.<\/p>\n<\/div>\n<\/div>\n<p>[\/vc_column_text][\/vc_column][vc_column width=&#8220;1\/3&#8243;][vc_single_image image=&#8220;241&#8243; img_size=&#8220;full&#8220; alignment=&#8220;center&#8220;][vc_column_text]<\/p>\n<div class=\"et_pb_module et_pb_text et_pb_text_27 productHeader et_pb_bg_layout_light et_pb_text_align_left\">\n<div class=\"et_pb_text_inner\">\n<h4 style=\"text-align: center;\">Kompetencie<\/h4>\n<p style=\"text-align: center;\">Zist\u00ed a zorad\u00ed 25 meran\u00fdch kompetenci\u00ed.<\/p>\n<\/div>\n<\/div>\n<p>[\/vc_column_text][\/vc_column][\/vc_row][vc_row][vc_column width=&#8220;1\/3&#8243;][vc_single_image image=&#8220;242&#8243; img_size=&#8220;full&#8220; alignment=&#8220;center&#8220;][vc_column_text]<\/p>\n<div class=\"et_pb_module et_pb_text et_pb_text_25 productHeader et_pb_bg_layout_light et_pb_text_align_left\">\n<div class=\"et_pb_text_inner\">\n<div class=\"et_pb_module et_pb_text et_pb_text_28 productHeader et_pb_bg_layout_light et_pb_text_align_left\">\n<div class=\"et_pb_text_inner\">\n<h4 style=\"text-align: center;\">Emocion\u00e1lna inteligencia<\/h4>\n<p style=\"text-align: center;\">Uk\u00e1\u017ee emocion\u00e1lne povedomie \u010dloveka a jeho schopnos\u0165 zvl\u00e1da\u0165 em\u00f3cie na individu\u00e1lnej aj spolo\u010denskej \u00farovni.<\/p>\n<\/div>\n<\/div>\n<\/div>\n<\/div>\n<p>[\/vc_column_text][\/vc_column][vc_column width=&#8220;1\/3&#8243;][vc_single_image image=&#8220;243&#8243; img_size=&#8220;full&#8220; alignment=&#8220;center&#8220;][vc_column_text]<\/p>\n<div class=\"et_pb_module et_pb_text et_pb_text_26 productHeader et_pb_bg_layout_light et_pb_text_align_left\">\n<div class=\"et_pb_text_inner\">\n<div class=\"et_pb_module et_pb_text et_pb_text_29 productHeader et_pb_bg_layout_light et_pb_text_align_left\">\n<div class=\"et_pb_text_inner\" style=\"text-align: center;\">\n<h4>Bystros\u0165<\/h4>\n<p>Zist\u00ed sp\u00f4sob myslenia \u010dloveka v troch dimenzi\u00e1ch: c\u00edtenie, konanie a myslenie.<\/p>\n<\/div>\n<\/div>\n<\/div>\n<\/div>\n<p>[\/vc_column_text][\/vc_column][vc_column width=&#8220;1\/3&#8243;][vc_single_image image=&#8220;244&#8243; img_size=&#8220;full&#8220; alignment=&#8220;center&#8220;][vc_column_text]<\/p>\n<div class=\"et_pb_module et_pb_text et_pb_text_27 productHeader et_pb_bg_layout_light et_pb_text_align_left\">\n<div class=\"et_pb_text_inner\">\n<div class=\"et_pb_module et_pb_text et_pb_text_30 productHeader et_pb_bg_layout_light et_pb_text_align_left\">\n<div class=\"et_pb_text_inner\">\n<h4 style=\"text-align: center;\">Na\u0161e najob\u013e\u00fabenej\u0161ie n\u00e1stroje<\/h4>\n<ul>\n<li><a href=\"https:\/\/www.ttisuccessinsights.hu\/sk\/our-products\/talent-insights\/\">Talent Insights\u00ae<\/a><\/li>\n<li><a href=\"https:\/\/www.ttisuccessinsights.hu\/sk\/our-products\/trimetrix-dna\/\">TriMetrix \u00ae DNA<\/a><\/li>\n<li><a href=\"https:\/\/www.ttisuccessinsights.hu\/sk\/our-products\/trimetrixhd\/\">TriMetrix\u00aeHD<\/a><\/li>\n<li><a href=\"https:\/\/www.ttisuccessinsights.hu\/sk\/our-products\/emotional-quotient\/\">Emotional Quotient&#x2122;\u00ae<\/a><\/li>\n<\/ul>\n<\/div>\n<\/div>\n<\/div>\n<\/div>\n<p>[\/vc_column_text][\/vc_column][\/vc_row][vc_row full_width=&#8220;stretch_row&#8220; bg_type=&#8220;image&#8220; parallax_style=&#8220;vcpb-vz-jquery&#8220; bg_image_new=&#8220;id^1874|url^https:\/\/www.ttisuccessinsights.hu\/wp-content\/uploads\/2021\/02\/ttisi-background1-scaled-1.jpg|caption^null|alt^null|title^ttisi-background1-scaled-1|description^null&#8220; el_class=&#8220;why&#8220;][vc_column]<div class=\"ult-animation  ult-animate-viewport  ult-no-mobile \" data-animate=\"fadeIn\" data-animation-delay=\"0\" data-animation-duration=\"2\" data-animation-iteration=\"1\" style=\"opacity:0;\" data-opacity_start_effect=\"\">[vc_column_text]<\/p>\n<h2 style=\"text-align: center;\">Na\u0161e najob\u013e\u00fabenej\u0161ie n\u00e1stroje?<\/h2>\n<p>[\/vc_column_text]<\/div>[vc_column_text]<\/p>\n<h4 style=\"text-align: center;\">L\u00edder na trhu, s okam\u017eit\u00fdm dosiahnut\u00fdm v\u00fdsledkom.<\/h4>\n<h3 style=\"text-align: center;\">Vedecky podlo\u017een\u00e9 hodnotenia, spr\u00e1vy, ktor\u00e9 integruj\u00fa spr\u00e1vanie a motiv\u00e1tory, kompetencie aj EQ.<\/h3>\n<p>[\/vc_column_text][\/vc_column][vc_column width=&#8220;1\/3&#8243;]<div class=\"stats-block stats-top  \"><div class=\"aio-icon-top\"><div class=\"ult-just-icon-wrapper  \"><div class=\"align-icon\" style=\"text-align:center;\">\n<div class=\"aio-icon none \"  style=\"color:#333333;font-size:32px;display:inline-block;\">\n\t<i class=\"none\"><\/i>\n<\/div><\/div><\/div><\/div><div class=\"stats-desc\" id=\"counter-responsv-wrap-9118\"><div id=\"counter_393538591569f1e4b7b142d\" data-id=\"counter_393538591569f1e4b7b142d\"  data-ultimate-target='#counter-responsv-wrap-9118 .stats-number'  data-responsive-json-new='{\"font-size\":\"desktop:100px;\",\"line-height\":\"\"}'  class=\"stats-number ult-responsive\" style=\" color:#222222; font-weight:bold;color:#222222;\" data-speed=\"3\" data-counter-value=\"30\" data-separator=\",\" data-decimal=\".\">0<\/div><div id=\"title-counter_393538591569f1e4b7b142d\"  data-ultimate-target='#counter-responsv-wrap-9118 .stats-text'  data-responsive-json-new='{\"font-size\":\"\",\"line-height\":\"\"}'  class=\"stats-text ult-responsive\" style=\"font-size:18px; color:#222222; \"><\/div><\/div><\/div>[vc_column_text]<\/p>\n<h4 style=\"text-align: center;\">Viac ako 30 mili\u00f3nov administrovan\u00fdch hodnoten\u00ed po celom svete.<\/h4>\n<p>[\/vc_column_text][\/vc_column][vc_column width=&#8220;1\/3&#8243;]<div class=\"stats-block stats-top  \"><div class=\"aio-icon-top\"><div class=\"ult-just-icon-wrapper  \"><div class=\"align-icon\" style=\"text-align:center;\">\n<div class=\"aio-icon none \"  style=\"color:#333333;font-size:32px;display:inline-block;\">\n\t<i class=\"none\"><\/i>\n<\/div><\/div><\/div><\/div><div class=\"stats-desc\" id=\"counter-responsv-wrap-7452\"><div id=\"counter_424466345269f1e4b7b1497\" data-id=\"counter_424466345269f1e4b7b1497\"  data-ultimate-target='#counter-responsv-wrap-7452 .stats-number'  data-responsive-json-new='{\"font-size\":\"desktop:100px;\",\"line-height\":\"\"}'  class=\"stats-number ult-responsive\" style=\" color:#222222; font-weight:bold;color:#222222;\" data-speed=\"3\" data-counter-value=\"48\" data-separator=\",\" data-decimal=\".\">0<\/div><div id=\"title-counter_424466345269f1e4b7b1497\"  data-ultimate-target='#counter-responsv-wrap-7452 .stats-text'  data-responsive-json-new='{\"font-size\":\"\",\"line-height\":\"\"}'  class=\"stats-text ult-responsive\" style=\"font-size:18px; color:#222222; \"><\/div><\/div><\/div>[vc_column_text]<\/p>\n<h4 style=\"text-align: center;\">Hodnotenia dostupn\u00e9 v 115 krajin\u00e1ch v 48 jazykoch.<\/h4>\n<p>[\/vc_column_text][\/vc_column][vc_column width=&#8220;1\/3&#8243;]<div class=\"stats-block stats-top  \"><div class=\"aio-icon-top\"><div class=\"ult-just-icon-wrapper  \"><div class=\"align-icon\" style=\"text-align:center;\">\n<div class=\"aio-icon none \"  style=\"color:#333333;font-size:32px;display:inline-block;\">\n\t<i class=\"none\"><\/i>\n<\/div><\/div><\/div><\/div><div class=\"stats-desc\" id=\"counter-responsv-wrap-3365\"><div id=\"counter_384969941669f1e4b7b14e7\" data-id=\"counter_384969941669f1e4b7b14e7\"  data-ultimate-target='#counter-responsv-wrap-3365 .stats-number'  data-responsive-json-new='{\"font-size\":\"desktop:100px;\",\"line-height\":\"\"}'  class=\"stats-number ult-responsive\" style=\" color:#222222; font-weight:bold;color:#222222;\" data-speed=\"3\" data-counter-value=\"65\" data-separator=\",\" data-decimal=\".\">0<\/div><div id=\"title-counter_384969941669f1e4b7b14e7\"  data-ultimate-target='#counter-responsv-wrap-3365 .stats-text'  data-responsive-json-new='{\"font-size\":\"\",\"line-height\":\"\"}'  class=\"stats-text ult-responsive\" style=\"font-size:18px; color:#222222; \"><\/div><\/div><\/div>[vc_column_text]<\/p>\n<h4 style=\"text-align: center;\">Na\u0161a sie\u0165 je bezprostredne pr\u00edtomn\u00e1 v 65 krajin\u00e1ch sveta.<\/h4>\n<p>[\/vc_column_text][\/vc_column][\/vc_row][vc_row full_width=&#8220;stretch_row&#8220; gap=&#8220;15&#8243; equal_height=&#8220;yes&#8220;][vc_column][vc_column_text]<\/p>\n<h2 style=\"text-align: center;\">\u010co hovoria na\u0161i klienti a distrib\u00fatori o na\u0161ich produktoch a slu\u017eb\u00e1ch?<\/h2>\n<p>[\/vc_column_text][\/vc_column][vc_column width=&#8220;1\/4&#8243; css=&#8220;.vc_custom_1558547804972{background-color: #f2f2f2 !important;}&#8220;][vc_column_text]<em><img loading=\"lazy\" decoding=\"async\" class=\"alignnone wp-image-172\" src=\"https:\/\/www.ttisuccessinsights.hu\/wp-content\/uploads\/2019\/05\/quote-graphic-coral.png\" alt=\"\" width=\"30\" height=\"23\" \/><\/em>Spolo\u010dnos\u0165 TTI vykon\u00e1va vynikaj\u00faci v\u00fdskum, reaguje na moje potreby a ot\u00e1zky, d\u00e1va mi pocit istoty v s\u00favislosti s ich produktami, pon\u00faka \u0161irok\u00fa \u0161k\u00e1lu mo\u017enost\u00ed vzdel\u00e1vania a zamestn\u00e1va kompetentn\u00fdch \u013eud\u00ed.<em>\u00a0<img loading=\"lazy\" decoding=\"async\" class=\"alignnone wp-image-172\" src=\"https:\/\/www.ttisuccessinsights.hu\/wp-content\/uploads\/2019\/05\/quote-graphic-coral.png\" alt=\"\" width=\"30\" height=\"23\" \/><\/em>[\/vc_column_text][\/vc_column][vc_column width=&#8220;1\/4&#8243; css=&#8220;.vc_custom_1558547809271{background-color: #f2f2f2 !important;}&#8220;][vc_column_text]<em><img loading=\"lazy\" decoding=\"async\" class=\"alignnone wp-image-172\" src=\"https:\/\/www.ttisuccessinsights.hu\/wp-content\/uploads\/2019\/05\/quote-graphic-coral.png\" alt=\"\" width=\"30\" height=\"23\" \/><\/em>Spolo\u010dnos\u0165 TTI konzistentne vypracov\u00e1va zmyslupln\u00e9 a na trhu uplatnite\u013en\u00e9 merania. Tieto n\u00e1stroje sa stali z\u00e1kladom pr\u00edstupu k rie\u0161eniu probl\u00e9mov klientov.<em><img loading=\"lazy\" decoding=\"async\" class=\"alignnone wp-image-172\" src=\"https:\/\/www.ttisuccessinsights.hu\/wp-content\/uploads\/2019\/05\/quote-graphic-coral.png\" alt=\"\" width=\"30\" height=\"23\" \/><\/em>[\/vc_column_text][\/vc_column][vc_column width=&#8220;1\/4&#8243; css=&#8220;.vc_custom_1558547814703{background-color: #f2f2f2 !important;}&#8220;][vc_column_text]<em><img loading=\"lazy\" decoding=\"async\" class=\"alignnone wp-image-172\" src=\"https:\/\/www.ttisuccessinsights.hu\/wp-content\/uploads\/2019\/05\/quote-graphic-coral.png\" alt=\"\" width=\"30\" height=\"23\" \/><\/em>Produkty TTI s\u00fa komplexn\u00e9, dobre sformulovan\u00e9 a \u013eahko zrozumite\u013en\u00e9. Mysl\u00edm si, \u017ee s\u00fa to pou\u017e\u00edvate\u013esky najpr\u00edvetivej\u0161ie produkty na trhu.<em><img loading=\"lazy\" decoding=\"async\" class=\"alignnone wp-image-172\" src=\"https:\/\/www.ttisuccessinsights.hu\/wp-content\/uploads\/2019\/05\/quote-graphic-coral.png\" alt=\"\" width=\"30\" height=\"23\" \/><\/em>[\/vc_column_text][\/vc_column][vc_column width=&#8220;1\/4&#8243; css=&#8220;.vc_custom_1558547819592{background-color: #f2f2f2 !important;}&#8220;][vc_column_text]<em><img loading=\"lazy\" decoding=\"async\" class=\"alignnone wp-image-172\" src=\"https:\/\/www.ttisuccessinsights.hu\/wp-content\/uploads\/2019\/05\/quote-graphic-coral.png\" alt=\"\" width=\"30\" height=\"23\" \/><\/em>Produkty TTI s\u00fa komplexn\u00e9, dobre sformulovan\u00e9 a \u013eahko zrozumite\u013en\u00e9. Mysl\u00edm si, \u017ee s\u00fa to pou\u017e\u00edvate\u013esky najpr\u00edvetivej\u0161ie produkty na trhu.<em><img loading=\"lazy\" decoding=\"async\" class=\"alignnone wp-image-172\" src=\"https:\/\/www.ttisuccessinsights.hu\/wp-content\/uploads\/2019\/05\/quote-graphic-coral.png\" alt=\"\" width=\"30\" height=\"23\" \/><\/em>[\/vc_column_text][\/vc_column][vc_column]<div id=\"ult-carousel-321736080169f1e4b7b1597\" class=\"ult-carousel-wrapper   ult_horizontal\" data-gutter=\"15\" data-rtl=\"false\" ><div class=\"ult-carousel-105227791569f1e4b7b152a \" >[vc_single_image image=&#8220;1811&#8243; img_size=&#8220;full&#8220;][vc_single_image image=&#8220;1818&#8243; img_size=&#8220;full&#8220;][vc_single_image image=&#8220;1825&#8243; img_size=&#8220;full&#8220;][vc_single_image image=&#8220;1839&#8243; img_size=&#8220;full&#8220;][vc_single_image image=&#8220;1832&#8243; img_size=&#8220;full&#8220;][vc_single_image image=&#8220;1846&#8243; img_size=&#8220;full&#8220;]<\/div><\/div>\t\t\t<script type=\"text\/javascript\">\n\t\t\t\tjQuery(document).ready(function ($) {\n\t\t\t\t\tif( typeof jQuery('.ult-carousel-105227791569f1e4b7b152a').slick == \"function\"){\n\t\t\t\t\t\t$('.ult-carousel-105227791569f1e4b7b152a').slick({dots: false,autoplay: true,autoplaySpeed: \"3000\",speed: \"400\",infinite: true,arrows: false,slidesToScroll:1,slidesToShow:5,swipe: true,draggable: true,touchMove: true,pauseOnHover: true,pauseOnFocus: false,responsive: [\n\t\t\t\t\t\t\t{\n\t\t\t\t\t\t\t  breakpoint: 1026,\n\t\t\t\t\t\t\t  settings: {\n\t\t\t\t\t\t\t\tslidesToShow: 5,\n\t\t\t\t\t\t\t\tslidesToScroll: 1,  \n\t\t\t\t\t\t\t  }\n\t\t\t\t\t\t\t},\n\t\t\t\t\t\t\t{\n\t\t\t\t\t\t\t  breakpoint: 1025,\n\t\t\t\t\t\t\t  settings: {\n\t\t\t\t\t\t\t\tslidesToShow: 3,\n\t\t\t\t\t\t\t\tslidesToScroll: 1\n\t\t\t\t\t\t\t  }\n\t\t\t\t\t\t\t},\n\t\t\t\t\t\t\t{\n\t\t\t\t\t\t\t  breakpoint: 760,\n\t\t\t\t\t\t\t  settings: {\n\t\t\t\t\t\t\t\tslidesToShow: 2,\n\t\t\t\t\t\t\t\tslidesToScroll: 1\n\t\t\t\t\t\t\t  }\n\t\t\t\t\t\t\t}\n\t\t\t\t\t\t],pauseOnDotsHover: true,customPaging: function(slider, i) {\n                   return '<i type=\"button\" style= \"color:#333333;\" class=\"ultsl-record\" data-role=\"none\"><\/i>';\n                },});\n\t\t\t\t\t}\n\t\t\t\t});\n\t\t\t<\/script>\n\t\t\t[\/vc_column][\/vc_row]<\/p>\n<\/div>","protected":false},"excerpt":{"rendered":"<p>[vc_row full_width=&#8220;stretch_row&#8220; equal_height=&#8220;yes&#8220; content_placement=&#8220;middle&#8220; css=&#8220;.vc_custom_1557074019843{margin-top: 30px !important;}&#8220;][vc_column width=&#8220;1\/2&#8243;][vc_single_image image=&#8220;180&#8243; img_size=&#8220;full&#8220; alignment=&#8220;center&#8220; css_animation=&#8220;fadeIn&#8220;][\/vc_column][vc_column width=&#8220;1\/2&#8243;][vc_column_text]Ver\u00edme, \u017ee v\u0161etci \u013eudia maj\u00fa jedine\u010dn\u00e9 talenty a schopnosti, o ktor\u00fdch \u010dasto ani nevedia. Na\u0161im cie\u013eom je tieto talenty odhali\u0165 a vyu\u017ei\u0165 pomocou Vedy jedinca. U\u017e viac ako 30 rokov sk\u00famame \u013eudsk\u00e9 spr\u00e1vanie, motiv\u00e1tory, potenci\u00e1l a schopnosti, zru\u010dnosti<span class=\"excerpt-hellip\"> [\u2026]<\/span><\/p>\n","protected":false},"author":1,"featured_media":0,"parent":0,"menu_order":0,"comment_status":"closed","ping_status":"closed","template":"","meta":{"inline_featured_image":false,"footnotes":""},"class_list":["post-363","page","type-page","status-publish","hentry"],"_links":{"self":[{"href":"https:\/\/www.ttisuccessinsights.hu\/sk\/wp-json\/wp\/v2\/pages\/363","targetHints":{"allow":["GET"]}}],"collection":[{"href":"https:\/\/www.ttisuccessinsights.hu\/sk\/wp-json\/wp\/v2\/pages"}],"about":[{"href":"https:\/\/www.ttisuccessinsights.hu\/sk\/wp-json\/wp\/v2\/types\/page"}],"author":[{"embeddable":true,"href":"https:\/\/www.ttisuccessinsights.hu\/sk\/wp-json\/wp\/v2\/users\/1"}],"replies":[{"embeddable":true,"href":"https:\/\/www.ttisuccessinsights.hu\/sk\/wp-json\/wp\/v2\/comments?post=363"}],"version-history":[{"count":8,"href":"https:\/\/www.ttisuccessinsights.hu\/sk\/wp-json\/wp\/v2\/pages\/363\/revisions"}],"predecessor-version":[{"id":2224,"href":"https:\/\/www.ttisuccessinsights.hu\/sk\/wp-json\/wp\/v2\/pages\/363\/revisions\/2224"}],"wp:attachment":[{"href":"https:\/\/www.ttisuccessinsights.hu\/sk\/wp-json\/wp\/v2\/media?parent=363"}],"curies":[{"name":"wp","href":"https:\/\/api.w.org\/{rel}","templated":true}]}}