{"id":2263,"date":"2023-11-21T18:00:35","date_gmt":"2023-11-21T18:00:35","guid":{"rendered":"https:\/\/www.ttisuccessinsights.hu\/our-solutions\/executive-coaching\/"},"modified":"2023-11-21T18:00:35","modified_gmt":"2023-11-21T18:00:35","slug":"executive-coaching","status":"publish","type":"page","link":"https:\/\/www.ttisuccessinsights.hu\/sk\/our-solutions\/executive-coaching\/","title":{"rendered":"Executive Coaching"},"content":{"rendered":"<div class=\"wpb-content-wrapper\"><p>[vc_row][vc_column][vc_column_text]<\/p>\n<h3>Siln\u00ed a in\u0161pirovan\u00ed l\u00eddri dosiahnu svoje ciele.<\/h3>\n<p>Sme presved\u010den\u00ed, \u017ee hlavn\u00fdm cie\u013eom kou\u010dovania ved\u00facich pracovn\u00edkov je in\u0161pirovanie jednotlivca a zlep\u0161enie v\u00fdkonu. Posilnen\u00ed a in\u0161pirovan\u00ed ved\u00faci pracovn\u00edci ved\u00fa s\u00fadr\u017en\u00e9 a kreat\u00edvne t\u00edmy, ktor\u00e9 dosahuj\u00fa svoje ciele a podporuj\u00fa v\u00fdkonnos\u0165 spolo\u010dnosti. \u00da\u010delom executive coachingu je<\/p>\n<ul>\n<li>pochopi\u0165 svoje vlastn\u00e9 talenty a schopnosti a schopnosti svojho t\u00edmu<\/li>\n<li>nau\u010di\u0165 sa jasne komunikova\u0165 ciele<\/li>\n<li>vytvori\u0165 pevn\u00fd r\u00e1mec na in\u0161pirovanie k lep\u0161\u00edm v\u00fdkonom<\/li>\n<\/ul>\n<p>Benchmark pracovn\u00fdch poz\u00edci\u00ed spolu s overen\u00fdmi hodnoteniami spr\u00e1vania a motiv\u00e1cie a cielen\u00fdm profesijn\u00fdm rozvojom zabezpe\u010dia, \u017ee kou\u010dovanie povedie k \u010fal\u0161iemu zvy\u0161ovaniu v\u00fdkonu organiz\u00e1cie.<\/p>\n<p>[\/vc_column_text][\/vc_column][\/vc_row]<\/p>\n<\/div>","protected":false},"excerpt":{"rendered":"<p>[vc_row][vc_column][vc_column_text] Siln\u00ed a in\u0161pirovan\u00ed l\u00eddri dosiahnu svoje ciele. Sme presved\u010den\u00ed, \u017ee hlavn\u00fdm cie\u013eom kou\u010dovania ved\u00facich pracovn\u00edkov je in\u0161pirovanie jednotlivca a zlep\u0161enie v\u00fdkonu. Posilnen\u00ed a in\u0161pirovan\u00ed ved\u00faci pracovn\u00edci ved\u00fa s\u00fadr\u017en\u00e9 a kreat\u00edvne t\u00edmy, ktor\u00e9 dosahuj\u00fa svoje ciele a podporuj\u00fa v\u00fdkonnos\u0165 spolo\u010dnosti. \u00da\u010delom executive coachingu je pochopi\u0165 svoje vlastn\u00e9 talenty a schopnosti<span class=\"excerpt-hellip\"> [\u2026]<\/span><\/p>\n","protected":false},"author":1,"featured_media":0,"parent":581,"menu_order":0,"comment_status":"closed","ping_status":"closed","template":"","meta":{"inline_featured_image":false,"footnotes":""},"class_list":["post-2263","page","type-page","status-publish","hentry"],"_links":{"self":[{"href":"https:\/\/www.ttisuccessinsights.hu\/sk\/wp-json\/wp\/v2\/pages\/2263","targetHints":{"allow":["GET"]}}],"collection":[{"href":"https:\/\/www.ttisuccessinsights.hu\/sk\/wp-json\/wp\/v2\/pages"}],"about":[{"href":"https:\/\/www.ttisuccessinsights.hu\/sk\/wp-json\/wp\/v2\/types\/page"}],"author":[{"embeddable":true,"href":"https:\/\/www.ttisuccessinsights.hu\/sk\/wp-json\/wp\/v2\/users\/1"}],"replies":[{"embeddable":true,"href":"https:\/\/www.ttisuccessinsights.hu\/sk\/wp-json\/wp\/v2\/comments?post=2263"}],"version-history":[{"count":2,"href":"https:\/\/www.ttisuccessinsights.hu\/sk\/wp-json\/wp\/v2\/pages\/2263\/revisions"}],"predecessor-version":[{"id":2265,"href":"https:\/\/www.ttisuccessinsights.hu\/sk\/wp-json\/wp\/v2\/pages\/2263\/revisions\/2265"}],"up":[{"embeddable":true,"href":"https:\/\/www.ttisuccessinsights.hu\/sk\/wp-json\/wp\/v2\/pages\/581"}],"wp:attachment":[{"href":"https:\/\/www.ttisuccessinsights.hu\/sk\/wp-json\/wp\/v2\/media?parent=2263"}],"curies":[{"name":"wp","href":"https:\/\/api.w.org\/{rel}","templated":true}]}}