{"id":876,"date":"2019-12-11T21:13:25","date_gmt":"2019-12-11T21:13:25","guid":{"rendered":"https:\/\/www.ttisuccessinsights.hu\/?page_id=876"},"modified":"2021-04-29T18:28:34","modified_gmt":"2021-04-29T18:28:34","slug":"selection","status":"publish","type":"page","link":"https:\/\/www.ttisuccessinsights.hu\/ro\/our-solutions\/selection\/","title":{"rendered":"Selec\u021bie"},"content":{"rendered":"<div class=\"wpb-content-wrapper\"><p>[vc_row][vc_column][vc_column_text]<\/p>\n<h3>Angaja\u021bi \u00eentreaga persoan\u0103.<\/h3>\n<div class=\"articleBody\">\n<p>Consider\u0103m, c\u0103 angajatorii trebuie s\u0103 aib\u0103 o abordare holistic\u0103 c\u00e2nd vine vorba de angajare. Este important s\u0103 \u00een\u021belegem, c\u0103 angaj\u0103m \u00eentreaga persoan\u0103, nu doar experien\u021bele, abilit\u0103\u021bile sau stilul de comportament al acesteia. Din aceast\u0103 cauz\u0103 este esen\u021bial s\u0103 folosi\u021bi Science of Self &#x2122;, care include evaluarea noastr\u0103 a celor cinci \u0219tiin\u021be sociale \u0219i psihologice, pentru a \u00een\u021belege unicitatea individului \u0219i pentru a crea potrivirea perfect\u0103 pentru locul de munc\u0103.<\/p>\n<p>Utilizarea evalu\u0103rilor noastre ca parte a unui proces de selec\u021bie robust \u0219i divers ofer\u0103 informa\u021bii despre:<\/p>\n<ul>\n<li>Comportamente<\/li>\n<li>Motivatori<\/li>\n<li>Competen\u021be<\/li>\n<li>Acumen<\/li>\n<\/ul>\n<p>C\u00e2nd se utilizeaz\u0103 job benchmarkingul nostru brevetat \u00een selec\u021bie, cele mai bune practici ob\u021bin o rat\u0103 de succes de 92% \u0219i respect\u0103 orient\u0103rile stabilite de EEOC \u0219i OFCCP.<\/p>\n<p>&nbsp;<\/p>\n<\/div>\n<p>Job benchmarkingul identific\u0103:<\/p>\n<ul>\n<li>Responsabilit\u0103\u021bile cheie<\/li>\n<li>Abilit\u0103\u021bile necesare pentru performan\u021ba superioar\u0103<\/li>\n<li>Comportamentul \u0219i motivatorii interni a candidatului pentru realizarea responsabilit\u0103\u021bilor cheie pentru locul de munc\u0103.<\/li>\n<\/ul>\n<p><strong>Colabor\u0103m cu consultan\u021bi, pentru a folosi job benckmarkingul pentru:<\/strong> <em>selec\u021bie, dezvoltare \u0219i managementul talentelor.<\/em>[\/vc_column_text][\/vc_column][\/vc_row]<\/p>\n<\/div>","protected":false},"excerpt":{"rendered":"<p>[vc_row][vc_column][vc_column_text] Angaja\u021bi \u00eentreaga persoan\u0103. Consider\u0103m, c\u0103 angajatorii trebuie s\u0103 aib\u0103 o abordare holistic\u0103 c\u00e2nd vine vorba de angajare. Este important s\u0103 \u00een\u021belegem, c\u0103 angaj\u0103m \u00eentreaga persoan\u0103, nu doar experien\u021bele, abilit\u0103\u021bile sau stilul de comportament al acesteia. Din aceast\u0103 cauz\u0103 este esen\u021bial s\u0103 folosi\u021bi Science of Self &#x2122;, care include evaluarea<span class=\"excerpt-hellip\"> [\u2026]<\/span><\/p>\n","protected":false},"author":1,"featured_media":0,"parent":582,"menu_order":0,"comment_status":"closed","ping_status":"closed","template":"","meta":{"inline_featured_image":false,"footnotes":""},"class_list":["post-876","page","type-page","status-publish","hentry"],"_links":{"self":[{"href":"https:\/\/www.ttisuccessinsights.hu\/ro\/wp-json\/wp\/v2\/pages\/876","targetHints":{"allow":["GET"]}}],"collection":[{"href":"https:\/\/www.ttisuccessinsights.hu\/ro\/wp-json\/wp\/v2\/pages"}],"about":[{"href":"https:\/\/www.ttisuccessinsights.hu\/ro\/wp-json\/wp\/v2\/types\/page"}],"author":[{"embeddable":true,"href":"https:\/\/www.ttisuccessinsights.hu\/ro\/wp-json\/wp\/v2\/users\/1"}],"replies":[{"embeddable":true,"href":"https:\/\/www.ttisuccessinsights.hu\/ro\/wp-json\/wp\/v2\/comments?post=876"}],"version-history":[{"count":4,"href":"https:\/\/www.ttisuccessinsights.hu\/ro\/wp-json\/wp\/v2\/pages\/876\/revisions"}],"predecessor-version":[{"id":2059,"href":"https:\/\/www.ttisuccessinsights.hu\/ro\/wp-json\/wp\/v2\/pages\/876\/revisions\/2059"}],"up":[{"embeddable":true,"href":"https:\/\/www.ttisuccessinsights.hu\/ro\/wp-json\/wp\/v2\/pages\/582"}],"wp:attachment":[{"href":"https:\/\/www.ttisuccessinsights.hu\/ro\/wp-json\/wp\/v2\/media?parent=876"}],"curies":[{"name":"wp","href":"https:\/\/api.w.org\/{rel}","templated":true}]}}