{"id":834,"date":"2019-12-11T21:10:49","date_gmt":"2019-12-11T21:10:49","guid":{"rendered":"https:\/\/www.ttisuccessinsights.hu\/?page_id=834"},"modified":"2021-04-30T11:48:06","modified_gmt":"2021-04-30T11:48:06","slug":"reliable-around-the-world","status":"publish","type":"page","link":"https:\/\/www.ttisuccessinsights.hu\/ro\/reliable-around-the-world\/","title":{"rendered":"Research"},"content":{"rendered":"<div class=\"wpb-content-wrapper\"><p>[vc_row][vc_column][vc_column_text]<\/p>\n<div class=\"et_pb_module et_pb_text et_pb_text_3 et_pb_bg_layout_light et_pb_text_align_left\">\n<div class=\"et_pb_text_inner\">\n<p style=\"text-align: center;\">Studiul cel mai nou de reliabilitate al evalu\u0103rilor TTI Success Insights\u2019 Style Insights\u00ae and Motivation Insights\u00ae a fost lansat \u00een august 2017.<\/p>\n<p style=\"text-align: center;\">Pe baza constat\u0103rilor din acest studiu, \u00een compara\u021bie cu standardele din industrie, se poate spune c\u0103 evalu\u0103rile privind stilul \u0219i motiva\u021bia arat\u0103 dovezi ale consisten\u021bei interne, care este o pies\u0103 cheie a reliabilit\u0103\u021bii evalu\u0103rii.<\/p>\n<\/div>\n<\/div>\n<p>[\/vc_column_text][\/vc_column][\/vc_row][vc_row][vc_column width=&#8221;1\/3&#8243;][vc_single_image image=&#8221;246&#8243; img_size=&#8221;full&#8221; alignment=&#8221;center&#8221; onclick=&#8221;custom_link&#8221; img_link_target=&#8221;_blank&#8221; link=&#8221;https:\/\/www.ttisuccessinsights.hu\/wp-content\/uploads\/2019\/06\/StyleInsightsStudy_2017.pdf&#8221;][vc_column_text]<\/p>\n<h4 style=\"text-align: center;\"><a href=\"https:\/\/www.ttisuccessinsights.hu\/wp-content\/uploads\/2019\/06\/StyleInsightsStudy_2017.pdf\" target=\"_blank\" rel=\"noopener noreferrer\">Style Insights\u00ae 2017<\/a><br \/>\nReliability Study<\/h4>\n<p>[\/vc_column_text][\/vc_column][vc_column width=&#8221;1\/3&#8243;][vc_single_image image=&#8221;251&#8243; img_size=&#8221;full&#8221; alignment=&#8221;center&#8221; onclick=&#8221;custom_link&#8221; img_link_target=&#8221;_blank&#8221; link=&#8221;https:\/\/www.ttisuccessinsights.hu\/wp-content\/uploads\/2019\/06\/MotivationInsightsStudy_2017.pdf&#8221;][vc_column_text]<\/p>\n<h4 style=\"text-align: center;\"><a href=\"https:\/\/www.ttisuccessinsights.hu\/wp-content\/uploads\/2019\/06\/MotivationInsightsStudy_2017.pdf\">Motivation Insights\u00ae 2017<\/a><br \/>\nReliability Study<\/h4>\n<p>[\/vc_column_text][\/vc_column][vc_column width=&#8221;1\/3&#8243;][vc_single_image image=&#8221;249&#8243; img_size=&#8221;full&#8221; alignment=&#8221;center&#8221; onclick=&#8221;custom_link&#8221; img_link_target=&#8221;_blank&#8221; link=&#8221;https:\/\/www.ttisuccessinsights.hu\/wp-content\/uploads\/2019\/06\/TalantInsightsStudy_2017.pdf&#8221;][vc_column_text]<\/p>\n<h4 style=\"text-align: center;\"><a href=\"https:\/\/www.ttisuccessinsights.hu\/wp-content\/uploads\/2019\/06\/TalantInsightsStudy_2017.pdf\" target=\"_blank\" rel=\"noopener noreferrer\">Talent Insights\u00ae 2017<\/a><br \/>\nReliability Study<\/h4>\n<p>[\/vc_column_text][\/vc_column][\/vc_row]<\/p>\n<\/div>","protected":false},"excerpt":{"rendered":"<p>[vc_row][vc_column][vc_column_text] Studiul cel mai nou de reliabilitate al evalu\u0103rilor TTI Success Insights\u2019 Style Insights\u00ae and Motivation Insights\u00ae a fost lansat \u00een august 2017. Pe baza constat\u0103rilor din acest studiu, \u00een compara\u021bie cu standardele din industrie, se poate spune c\u0103 evalu\u0103rile privind stilul \u0219i motiva\u021bia arat\u0103 dovezi ale consisten\u021bei interne, care<span class=\"excerpt-hellip\"> [\u2026]<\/span><\/p>\n","protected":false},"author":1,"featured_media":0,"parent":0,"menu_order":0,"comment_status":"closed","ping_status":"closed","template":"","meta":{"inline_featured_image":false,"footnotes":""},"class_list":["post-834","page","type-page","status-publish","hentry"],"_links":{"self":[{"href":"https:\/\/www.ttisuccessinsights.hu\/ro\/wp-json\/wp\/v2\/pages\/834","targetHints":{"allow":["GET"]}}],"collection":[{"href":"https:\/\/www.ttisuccessinsights.hu\/ro\/wp-json\/wp\/v2\/pages"}],"about":[{"href":"https:\/\/www.ttisuccessinsights.hu\/ro\/wp-json\/wp\/v2\/types\/page"}],"author":[{"embeddable":true,"href":"https:\/\/www.ttisuccessinsights.hu\/ro\/wp-json\/wp\/v2\/users\/1"}],"replies":[{"embeddable":true,"href":"https:\/\/www.ttisuccessinsights.hu\/ro\/wp-json\/wp\/v2\/comments?post=834"}],"version-history":[{"count":8,"href":"https:\/\/www.ttisuccessinsights.hu\/ro\/wp-json\/wp\/v2\/pages\/834\/revisions"}],"predecessor-version":[{"id":2077,"href":"https:\/\/www.ttisuccessinsights.hu\/ro\/wp-json\/wp\/v2\/pages\/834\/revisions\/2077"}],"wp:attachment":[{"href":"https:\/\/www.ttisuccessinsights.hu\/ro\/wp-json\/wp\/v2\/media?parent=834"}],"curies":[{"name":"wp","href":"https:\/\/api.w.org\/{rel}","templated":true}]}}