{"id":783,"date":"2019-12-11T20:54:10","date_gmt":"2019-12-11T20:54:10","guid":{"rendered":"https:\/\/www.ttisuccessinsights.hu\/?page_id=783"},"modified":"2025-10-30T18:12:07","modified_gmt":"2025-10-30T18:12:07","slug":"emotional-intelligence-eq","status":"publish","type":"page","link":"https:\/\/www.ttisuccessinsights.hu\/ro\/five-sciences-how-we-do-it\/emotional-intelligence-eq\/","title":{"rendered":"Inteligen\u021ba Emo\u021bional\u0103\/EQ"},"content":{"rendered":"<div class=\"wpb-content-wrapper\"><p>[vc_row][vc_column width=&#8221;2\/3&#8243;][vc_column_text]<strong>Inteligen\u021ba emo\u021bional\u0103 constituie abilitatea de a percepe, \u00a0a \u00een\u021belege \u0219i a aplica \u00een mod eficient puterea \u0219i priceperea emo\u021biilor pentru a facilita niveluri mai ridicate de colaborare \u0219i productivitate.<\/strong><\/p>\n<p>Cercet\u0103rile noastre indic\u0103 faptul c\u0103 liderii de succes \u0219i persoanele cu performan\u021be excep\u021bionale au abilit\u0103\u021bi de inteligen\u021b\u0103 emo\u021bional\u0103 bine dezvoltate, f\u0103c\u00e2ndu-le posibil s\u0103 lucreze bine cu o mare varietate de oameni \u0219i s\u0103 r\u0103spund\u0103 \u00een mod eficient la condi\u021biile \u00een schimbare rapid\u0103 din lumea afacerilor.<\/p>\n<p>Evaluarea TTI Succes Insights\u00a0 care m\u0103soar\u0103 Inteligen\u021ba Emo\u021bional\u0103 (EQ), examineaz\u0103 cinci domenii cheie \u00een leg\u0103tur\u0103 cu rela\u021biile intrapersonale \u0219i interpersonale:<\/p>\n<ul>\n<li><strong>Con\u0219tiin\u021ba de sine<\/strong> \u2013 Abilitatea de a recunoa\u0219te \u0219i a \u00een\u021belege propriile noastre dispozi\u021bii, emo\u021bii \u0219i for\u021be conduc\u0103toare, \u0219i modul \u00een care acestea \u00eei afecteaz\u0103 pe ceilal\u021bi.<\/li>\n<li><strong>Autoreglare<\/strong> \u2013 Abilitatea de a controla sau redirec\u021biona impulsurile \u0219i instinctele d\u0103unatoare.<\/li>\n<li><strong>Motivare<\/strong> \u2013 Pasiunea sau tendin\u021ba de a lucra din motive dincolo de bani, statut sau alte beneficii externe, urm\u0103rirea obiectivelor cu energie \u0219i persisten\u021b\u0103<\/li>\n<li><strong>Empatie <\/strong>\u2013 Abilitatea de a \u00een\u021belege emo\u021biile altora.<\/li>\n<li><strong>Abilit\u0103\u021bi sociale <\/strong>\u2013 Abilitatea de a influen\u021ba clarviziunea emo\u021bional\u0103 a celorlal\u021bi, prin gestionarea competent\u0103 a rela\u021biilor.<\/li>\n<\/ul>\n<p>[\/vc_column_text][\/vc_column][vc_column width=&#8221;1\/3&#8243;][vc_single_image image=&#8221;3038&#8243; img_size=&#8221;full&#8221; alignment=&#8221;center&#8221;][\/vc_column][\/vc_row]<\/p>\n<\/div>","protected":false},"excerpt":{"rendered":"<p>[vc_row][vc_column width=&#8221;2\/3&#8243;][vc_column_text]Inteligen\u021ba emo\u021bional\u0103 constituie abilitatea de a percepe, \u00a0a \u00een\u021belege \u0219i a aplica \u00een mod eficient puterea \u0219i priceperea emo\u021biilor pentru a facilita niveluri mai ridicate de colaborare \u0219i productivitate. Cercet\u0103rile noastre indic\u0103 faptul c\u0103 liderii de succes \u0219i persoanele cu performan\u021be excep\u021bionale au abilit\u0103\u021bi de inteligen\u021b\u0103 emo\u021bional\u0103 bine dezvoltate,<span class=\"excerpt-hellip\"> [\u2026]<\/span><\/p>\n","protected":false},"author":1,"featured_media":0,"parent":662,"menu_order":0,"comment_status":"closed","ping_status":"closed","template":"","meta":{"inline_featured_image":false,"footnotes":""},"class_list":["post-783","page","type-page","status-publish","hentry"],"_links":{"self":[{"href":"https:\/\/www.ttisuccessinsights.hu\/ro\/wp-json\/wp\/v2\/pages\/783","targetHints":{"allow":["GET"]}}],"collection":[{"href":"https:\/\/www.ttisuccessinsights.hu\/ro\/wp-json\/wp\/v2\/pages"}],"about":[{"href":"https:\/\/www.ttisuccessinsights.hu\/ro\/wp-json\/wp\/v2\/types\/page"}],"author":[{"embeddable":true,"href":"https:\/\/www.ttisuccessinsights.hu\/ro\/wp-json\/wp\/v2\/users\/1"}],"replies":[{"embeddable":true,"href":"https:\/\/www.ttisuccessinsights.hu\/ro\/wp-json\/wp\/v2\/comments?post=783"}],"version-history":[{"count":6,"href":"https:\/\/www.ttisuccessinsights.hu\/ro\/wp-json\/wp\/v2\/pages\/783\/revisions"}],"predecessor-version":[{"id":3073,"href":"https:\/\/www.ttisuccessinsights.hu\/ro\/wp-json\/wp\/v2\/pages\/783\/revisions\/3073"}],"up":[{"embeddable":true,"href":"https:\/\/www.ttisuccessinsights.hu\/ro\/wp-json\/wp\/v2\/pages\/662"}],"wp:attachment":[{"href":"https:\/\/www.ttisuccessinsights.hu\/ro\/wp-json\/wp\/v2\/media?parent=783"}],"curies":[{"name":"wp","href":"https:\/\/api.w.org\/{rel}","templated":true}]}}