{"id":758,"date":"2019-12-11T20:53:17","date_gmt":"2019-12-11T20:53:17","guid":{"rendered":"https:\/\/www.ttisuccessinsights.hu\/?page_id=758"},"modified":"2025-10-29T17:56:13","modified_gmt":"2025-10-29T17:56:13","slug":"competencies","status":"publish","type":"page","link":"https:\/\/www.ttisuccessinsights.hu\/ro\/five-sciences-how-we-do-it\/competencies\/","title":{"rendered":"Competen\u021be"},"content":{"rendered":"<div class=\"wpb-content-wrapper\"><p>[vc_row][vc_column width=&#8221;2\/3&#8243;][vc_column_text]<strong>Cercet\u0103rile f\u0103cute de TTI Succes Insights arat\u0103, c\u0103 \u00een cazul multor locuri de munc\u0103 pentru ob\u021binerea performan\u021bei excelente abilit\u0103\u021bile personale sunt la fel de importante ca \u0219i abilit\u0103\u021bile tehnice.<\/strong><\/p>\n<p>Abilit\u0103\u021bile personale sunt adesea transferabile la diferite locuri de munc\u0103, \u00een timp ce abilit\u0103\u021bile tehnice sunt de obicei mai specifice.<\/p>\n<p>Evaluarea competen\u021belor TTI Success Insights examineaz\u0103 nivelul de dezvoltare a 23 de abilit\u0103\u021bi personale unice, clasific\u00e2ndu-le de la cele mai avansate, la abilit\u0103\u021bile care necesit\u0103 o dezvoltare ulterioar\u0103.<\/p>\n<p>De\u0219i nu fiecare loc de munc\u0103 necesit\u0103 dezvoltarea celor 23 de competen\u021be, TTI Succes Insight examineaz\u0103 urm\u0103toarele abilit\u0103\u021bi personale:<\/p>\n<ul>\n<li>Rezolvarea problemelor analitice<\/li>\n<li>Administrarea conflictelor<\/li>\n<li>\u00cenv\u0103\u021barea continu\u0103<\/li>\n<li>Creativitatea\/Inova\u021bia<\/li>\n<li>Serviciu clien\u021bi<\/li>\n<li>Abilitatea de a lua decizii<\/li>\n<li>Empatia<\/li>\n<li>Dezvoltarea angaja\u021bilor\/coaching<\/li>\n<li>Flexibilitatea<\/li>\n<li>G\u00e2ndirea futuristic\u0103<\/li>\n<li>Orintarea obiectivelor<\/li>\n<li>Abilit\u0103\u021bi interpersonale<\/li>\n<li>Conducere<\/li>\n<li>Gestionare<\/li>\n<li>Negociere<\/li>\n<li>Eficien\u021ba personal\u0103<\/li>\n<li>Convingere<\/li>\n<li>Pl\u0103nuire \u0219i organizare<\/li>\n<li>Prezentare<\/li>\n<li>Self-Management<\/li>\n<li>Munca \u00een echip\u0103<\/li>\n<li>Comunicare prin scris<\/li>\n<\/ul>\n<p>[\/vc_column_text][\/vc_column][vc_column width=&#8221;1\/3&#8243;][vc_single_image image=&#8221;3023&#8243; img_size=&#8221;full&#8221; alignment=&#8221;center&#8221;][\/vc_column][\/vc_row]<\/p>\n<\/div>","protected":false},"excerpt":{"rendered":"<p>[vc_row][vc_column width=&#8221;2\/3&#8243;][vc_column_text]Cercet\u0103rile f\u0103cute de TTI Succes Insights arat\u0103, c\u0103 \u00een cazul multor locuri de munc\u0103 pentru ob\u021binerea performan\u021bei excelente abilit\u0103\u021bile personale sunt la fel de importante ca \u0219i abilit\u0103\u021bile tehnice. Abilit\u0103\u021bile personale sunt adesea transferabile la diferite locuri de munc\u0103, \u00een timp ce abilit\u0103\u021bile tehnice sunt de obicei mai specifice.<span class=\"excerpt-hellip\"> [\u2026]<\/span><\/p>\n","protected":false},"author":1,"featured_media":0,"parent":662,"menu_order":0,"comment_status":"closed","ping_status":"closed","template":"","meta":{"inline_featured_image":false,"footnotes":""},"class_list":["post-758","page","type-page","status-publish","hentry"],"_links":{"self":[{"href":"https:\/\/www.ttisuccessinsights.hu\/ro\/wp-json\/wp\/v2\/pages\/758","targetHints":{"allow":["GET"]}}],"collection":[{"href":"https:\/\/www.ttisuccessinsights.hu\/ro\/wp-json\/wp\/v2\/pages"}],"about":[{"href":"https:\/\/www.ttisuccessinsights.hu\/ro\/wp-json\/wp\/v2\/types\/page"}],"author":[{"embeddable":true,"href":"https:\/\/www.ttisuccessinsights.hu\/ro\/wp-json\/wp\/v2\/users\/1"}],"replies":[{"embeddable":true,"href":"https:\/\/www.ttisuccessinsights.hu\/ro\/wp-json\/wp\/v2\/comments?post=758"}],"version-history":[{"count":5,"href":"https:\/\/www.ttisuccessinsights.hu\/ro\/wp-json\/wp\/v2\/pages\/758\/revisions"}],"predecessor-version":[{"id":3030,"href":"https:\/\/www.ttisuccessinsights.hu\/ro\/wp-json\/wp\/v2\/pages\/758\/revisions\/3030"}],"up":[{"embeddable":true,"href":"https:\/\/www.ttisuccessinsights.hu\/ro\/wp-json\/wp\/v2\/pages\/662"}],"wp:attachment":[{"href":"https:\/\/www.ttisuccessinsights.hu\/ro\/wp-json\/wp\/v2\/media?parent=758"}],"curies":[{"name":"wp","href":"https:\/\/api.w.org\/{rel}","templated":true}]}}