{"id":734,"date":"2019-12-11T20:52:11","date_gmt":"2019-12-11T20:52:11","guid":{"rendered":"https:\/\/www.ttisuccessinsights.hu\/?page_id=734"},"modified":"2025-10-22T18:35:07","modified_gmt":"2025-10-22T18:35:07","slug":"behaviors-disc","status":"publish","type":"page","link":"https:\/\/www.ttisuccessinsights.hu\/ro\/five-sciences-how-we-do-it\/behaviors-disc\/","title":{"rendered":"Comportamente\/DISC"},"content":{"rendered":"<div class=\"wpb-content-wrapper\"><p>[vc_row][vc_column width=&#8221;2\/3&#8243;][vc_column_text]<strong>Cercet\u0103rile comportamentale TTI sugereaz\u0103 c\u0103 cele mai eficiente persoane sunt cele care se \u00een\u021beleg pe ei \u00een\u0219i\u0219i, \u00ee\u0219i cunosc punctele forte \u0219i punctele slabe, \u00a0astfel \u00eenc\u00e2t s\u0103 poat\u0103 dezvolta strategii pentru a satisface cerin\u021bele mediului lor.<\/strong><\/p>\n<p>Evalu\u0103rile TTI Success Insights care m\u0103soar\u0103 Comportamentele \/ DISC examineaz\u0103 domina\u021ba, influen\u021ba, stabilitatea \u0219i conformitatea unui individ, dezv\u0103luind modalit\u0103\u021bile prin care se r\u0103spunde la urm\u0103toarele:<\/p>\n<ul>\n<li>Probleme \u0219i provoc\u0103ri<\/li>\n<li>Influen\u021barea altora<\/li>\n<li>Ritmul mediului<\/li>\n<li>Reguli \u0219i proceduri<\/li>\n<\/ul>\n<p>[\/vc_column_text][\/vc_column][vc_column width=&#8221;1\/3&#8243;][vc_single_image image=&#8221;2834&#8243; img_size=&#8221;full&#8221; alignment=&#8221;center&#8221;][\/vc_column][\/vc_row]<\/p>\n<\/div>","protected":false},"excerpt":{"rendered":"<p>[vc_row][vc_column width=&#8221;2\/3&#8243;][vc_column_text]Cercet\u0103rile comportamentale TTI sugereaz\u0103 c\u0103 cele mai eficiente persoane sunt cele care se \u00een\u021beleg pe ei \u00een\u0219i\u0219i, \u00ee\u0219i cunosc punctele forte \u0219i punctele slabe, \u00a0astfel \u00eenc\u00e2t s\u0103 poat\u0103 dezvolta strategii pentru a satisface cerin\u021bele mediului lor. Evalu\u0103rile TTI Success Insights care m\u0103soar\u0103 Comportamentele \/ DISC examineaz\u0103 domina\u021ba, influen\u021ba, stabilitatea<span class=\"excerpt-hellip\"> [\u2026]<\/span><\/p>\n","protected":false},"author":1,"featured_media":0,"parent":662,"menu_order":0,"comment_status":"closed","ping_status":"closed","template":"","meta":{"inline_featured_image":false,"footnotes":""},"class_list":["post-734","page","type-page","status-publish","hentry"],"_links":{"self":[{"href":"https:\/\/www.ttisuccessinsights.hu\/ro\/wp-json\/wp\/v2\/pages\/734","targetHints":{"allow":["GET"]}}],"collection":[{"href":"https:\/\/www.ttisuccessinsights.hu\/ro\/wp-json\/wp\/v2\/pages"}],"about":[{"href":"https:\/\/www.ttisuccessinsights.hu\/ro\/wp-json\/wp\/v2\/types\/page"}],"author":[{"embeddable":true,"href":"https:\/\/www.ttisuccessinsights.hu\/ro\/wp-json\/wp\/v2\/users\/1"}],"replies":[{"embeddable":true,"href":"https:\/\/www.ttisuccessinsights.hu\/ro\/wp-json\/wp\/v2\/comments?post=734"}],"version-history":[{"count":5,"href":"https:\/\/www.ttisuccessinsights.hu\/ro\/wp-json\/wp\/v2\/pages\/734\/revisions"}],"predecessor-version":[{"id":2841,"href":"https:\/\/www.ttisuccessinsights.hu\/ro\/wp-json\/wp\/v2\/pages\/734\/revisions\/2841"}],"up":[{"embeddable":true,"href":"https:\/\/www.ttisuccessinsights.hu\/ro\/wp-json\/wp\/v2\/pages\/662"}],"wp:attachment":[{"href":"https:\/\/www.ttisuccessinsights.hu\/ro\/wp-json\/wp\/v2\/media?parent=734"}],"curies":[{"name":"wp","href":"https:\/\/api.w.org\/{rel}","templated":true}]}}