{"id":710,"date":"2019-12-11T20:51:13","date_gmt":"2019-12-11T20:51:13","guid":{"rendered":"https:\/\/www.ttisuccessinsights.hu\/?page_id=710"},"modified":"2025-10-29T17:29:17","modified_gmt":"2025-10-29T17:29:17","slug":"acumen","status":"publish","type":"page","link":"https:\/\/www.ttisuccessinsights.hu\/ro\/five-sciences-how-we-do-it\/acumen\/","title":{"rendered":"Acumen"},"content":{"rendered":"<div class=\"wpb-content-wrapper\"><p>[vc_row][vc_column width=&#8221;2\/3&#8243;][vc_column_text]<strong>Indicatorii TTI Acumen \u00eei ajut\u0103 pe oameni s\u0103 se \u00een\u021beleag\u0103 pe ei \u00een\u0219i\u0219i, cum \u00ee\u0219i analizeaz\u0103 \u0219i interpreteaz\u0103 experien\u021bele.<\/strong><\/p>\n<p>Acumenul unei persoane sau agilitatea \u0219i profunzimea percep\u021biei, este direct legat\u0103 de nivelul s\u0103u de performan\u021b\u0103. Cu c\u00e2t este mai puternic acumenul unei persoane , cu at\u00e2t este mai con\u0219tient de realitatea sa interioar\u0103 \u0219i exterioar\u0103.<\/p>\n<p>TTI Succes Insights Acumen m\u0103soar\u0103 echilibrul urm\u0103toarelor \u0219ase domenii, care se refer\u0103 la factori interiori \u0219i exteriori:<\/p>\n<ul>\n<li>\u00cen\u021belegerea altora<\/li>\n<li>G\u00e2ndirea practic\u0103<\/li>\n<li>Systems Judgment<\/li>\n<li>Con\u0219tiin\u021ba de sine<\/li>\n<li>Con\u0219tientizarea rolului<\/li>\n<li>Managementul de sine<\/li>\n<\/ul>\n<p>[\/vc_column_text][\/vc_column][vc_column width=&#8221;1\/3&#8243;][vc_single_image image=&#8221;2973&#8243; img_size=&#8221;full&#8221; alignment=&#8221;center&#8221;][\/vc_column][\/vc_row]<\/p>\n<\/div>","protected":false},"excerpt":{"rendered":"<p>[vc_row][vc_column width=&#8221;2\/3&#8243;][vc_column_text]Indicatorii TTI Acumen \u00eei ajut\u0103 pe oameni s\u0103 se \u00een\u021beleag\u0103 pe ei \u00een\u0219i\u0219i, cum \u00ee\u0219i analizeaz\u0103 \u0219i interpreteaz\u0103 experien\u021bele. Acumenul unei persoane sau agilitatea \u0219i profunzimea percep\u021biei, este direct legat\u0103 de nivelul s\u0103u de performan\u021b\u0103. Cu c\u00e2t este mai puternic acumenul unei persoane , cu at\u00e2t este mai con\u0219tient<span class=\"excerpt-hellip\"> [\u2026]<\/span><\/p>\n","protected":false},"author":1,"featured_media":0,"parent":662,"menu_order":0,"comment_status":"closed","ping_status":"closed","template":"","meta":{"inline_featured_image":false,"footnotes":""},"class_list":["post-710","page","type-page","status-publish","hentry"],"_links":{"self":[{"href":"https:\/\/www.ttisuccessinsights.hu\/ro\/wp-json\/wp\/v2\/pages\/710","targetHints":{"allow":["GET"]}}],"collection":[{"href":"https:\/\/www.ttisuccessinsights.hu\/ro\/wp-json\/wp\/v2\/pages"}],"about":[{"href":"https:\/\/www.ttisuccessinsights.hu\/ro\/wp-json\/wp\/v2\/types\/page"}],"author":[{"embeddable":true,"href":"https:\/\/www.ttisuccessinsights.hu\/ro\/wp-json\/wp\/v2\/users\/1"}],"replies":[{"embeddable":true,"href":"https:\/\/www.ttisuccessinsights.hu\/ro\/wp-json\/wp\/v2\/comments?post=710"}],"version-history":[{"count":5,"href":"https:\/\/www.ttisuccessinsights.hu\/ro\/wp-json\/wp\/v2\/pages\/710\/revisions"}],"predecessor-version":[{"id":2980,"href":"https:\/\/www.ttisuccessinsights.hu\/ro\/wp-json\/wp\/v2\/pages\/710\/revisions\/2980"}],"up":[{"embeddable":true,"href":"https:\/\/www.ttisuccessinsights.hu\/ro\/wp-json\/wp\/v2\/pages\/662"}],"wp:attachment":[{"href":"https:\/\/www.ttisuccessinsights.hu\/ro\/wp-json\/wp\/v2\/media?parent=710"}],"curies":[{"name":"wp","href":"https:\/\/api.w.org\/{rel}","templated":true}]}}