{"id":557,"date":"2019-12-09T12:31:19","date_gmt":"2019-12-09T12:31:19","guid":{"rendered":"https:\/\/www.ttisuccessinsights.hu\/?page_id=557"},"modified":"2025-10-22T08:57:20","modified_gmt":"2025-10-22T08:57:20","slug":"trimetrixhd","status":"publish","type":"page","link":"https:\/\/www.ttisuccessinsights.hu\/ro\/our-products\/trimetrixhd\/","title":{"rendered":"TriMetrix\u00aeHD"},"content":{"rendered":"<div class=\"wpb-content-wrapper\"><p>[vc_row][vc_column width=&#8221;2\/3&#8243;][vc_column_text]<strong>Trimetrix HD examineaz\u0103 comportamentele pe care indivizii le aduc la locul de munc\u0103, motivatorii, care \u00eei conduc, posedarea priceperii pentru \u00eendeplinirea slujbei \u0219i abilit\u0103\u021bile de a demonstra competen\u021bele cerute de locul de munc\u0103.<\/strong><\/p>\n<p>Trimetrix HD dezv\u0103luie detalii specifice despre performan\u021ba superioar\u0103 \u00een aceste patru domenii care descriu \u201ecum\u201d, \u201cde ce\u201d, \u201cce\u201d \u0219i \u201epoate\u201d. Aceste rapoarte sunt compuse din patru \u0219tiin\u021be: Comportamente, Motivatori, Competen\u021be \u0219i Acumen.<\/p>\n<p>Aceast\u0103 evaluare este utilizat\u0103 la nivel mondial pentru:<\/p>\n<ul>\n<li>Selec\u021bie<\/li>\n<li>Men\u021binere<\/li>\n<li>Cre\u0219terea\/formarea performan\u021bei<\/li>\n<li>Eficacitatea echipei<\/li>\n<li>Leadership<\/li>\n<li>Planificarea succesiuni<\/li>\n<\/ul>\n<p>[\/vc_column_text][\/vc_column][vc_column width=&#8221;1\/3&#8243;][vc_single_image image=&#8221;2423&#8243; img_size=&#8221;full&#8221; alignment=&#8221;center&#8221; onclick=&#8221;custom_link&#8221; img_link_target=&#8221;_blank&#8221; link=&#8221;https:\/\/www.ttisuccessinsights.hu\/wp-content\/uploads\/2025\/10\/TriHD2manRO.pdf&#8221;][\/vc_column][\/vc_row]<\/p>\n<\/div>","protected":false},"excerpt":{"rendered":"<p>[vc_row][vc_column width=&#8221;2\/3&#8243;][vc_column_text]Trimetrix HD examineaz\u0103 comportamentele pe care indivizii le aduc la locul de munc\u0103, motivatorii, care \u00eei conduc, posedarea priceperii pentru \u00eendeplinirea slujbei \u0219i abilit\u0103\u021bile de a demonstra competen\u021bele cerute de locul de munc\u0103. Trimetrix HD dezv\u0103luie detalii specifice despre performan\u021ba superioar\u0103 \u00een aceste patru domenii care descriu \u201ecum\u201d, \u201cde<span class=\"excerpt-hellip\"> [\u2026]<\/span><\/p>\n","protected":false},"author":1,"featured_media":0,"parent":967,"menu_order":0,"comment_status":"closed","ping_status":"closed","template":"","meta":{"inline_featured_image":false,"footnotes":""},"class_list":["post-557","page","type-page","status-publish","hentry"],"_links":{"self":[{"href":"https:\/\/www.ttisuccessinsights.hu\/ro\/wp-json\/wp\/v2\/pages\/557","targetHints":{"allow":["GET"]}}],"collection":[{"href":"https:\/\/www.ttisuccessinsights.hu\/ro\/wp-json\/wp\/v2\/pages"}],"about":[{"href":"https:\/\/www.ttisuccessinsights.hu\/ro\/wp-json\/wp\/v2\/types\/page"}],"author":[{"embeddable":true,"href":"https:\/\/www.ttisuccessinsights.hu\/ro\/wp-json\/wp\/v2\/users\/1"}],"replies":[{"embeddable":true,"href":"https:\/\/www.ttisuccessinsights.hu\/ro\/wp-json\/wp\/v2\/comments?post=557"}],"version-history":[{"count":4,"href":"https:\/\/www.ttisuccessinsights.hu\/ro\/wp-json\/wp\/v2\/pages\/557\/revisions"}],"predecessor-version":[{"id":2599,"href":"https:\/\/www.ttisuccessinsights.hu\/ro\/wp-json\/wp\/v2\/pages\/557\/revisions\/2599"}],"up":[{"embeddable":true,"href":"https:\/\/www.ttisuccessinsights.hu\/ro\/wp-json\/wp\/v2\/pages\/967"}],"wp:attachment":[{"href":"https:\/\/www.ttisuccessinsights.hu\/ro\/wp-json\/wp\/v2\/media?parent=557"}],"curies":[{"name":"wp","href":"https:\/\/api.w.org\/{rel}","templated":true}]}}