{"id":530,"date":"2019-12-09T12:29:12","date_gmt":"2019-12-09T12:29:12","guid":{"rendered":"https:\/\/www.ttisuccessinsights.hu\/?page_id=530"},"modified":"2025-10-22T08:47:35","modified_gmt":"2025-10-22T08:47:35","slug":"trimetrix-dna","status":"publish","type":"page","link":"https:\/\/www.ttisuccessinsights.hu\/ro\/our-products\/trimetrix-dna\/","title":{"rendered":"TriMetrix \u00ae DNA"},"content":{"rendered":"<div class=\"wpb-content-wrapper\"><p>[vc_row][vc_column width=&#8221;2\/3&#8243;][vc_column_text]<strong>TTI Trimetrix DNA examineaz\u0103 comportamentele pe care indivizii le aduc la locul de munc\u0103, motivatorii care \u00eei conduc \u0219i abilit\u0103\u021bile de a demonstra competen\u021bele cerute de locul de munc\u0103.<\/strong><\/p>\n<p>Trimetrix DNA dezv\u0103luie detalii specifice despre performan\u021ba superioar\u0103 \u00een aceste trei domenii care descriu \u201ecum\u201d, \u201cde ce\u201d \u0219i \u201cce\u201d.<\/p>\n<p>\u00cen plus, acest raport \u00eembin\u0103 comportamentele, motivarorii \u0219i competen\u021bele \u00eentr-o sec\u021biune integrat\u0103, care ajut\u0103 la unirea \u201ccum\u201d \u0219i \u201ede ce\u201d a ac\u021biunilor unui individ. Aceste rapoarte sunt compuse din trei \u0219tiin\u021be: Comportamente, Motivatori \u0219i Competen\u021be.<\/p>\n<p>Acest raport este folosit la nivel mondial petru:<\/p>\n<ul>\n<li>Dezvoltarea eficient\u0103 a talentului<\/li>\n<li>Potrivirea corespondent\u0103 pentru locul de munc\u0103<\/li>\n<\/ul>\n<p>[\/vc_column_text][\/vc_column][vc_column width=&#8221;1\/3&#8243;][vc_single_image image=&#8221;2334&#8243; img_size=&#8221;full&#8221; alignment=&#8221;center&#8221; onclick=&#8221;custom_link&#8221; img_link_target=&#8221;_blank&#8221; link=&#8221;https:\/\/www.ttisuccessinsights.hu\/wp-content\/uploads\/2025\/10\/TriDNA2man.pdf&#8221;][\/vc_column][\/vc_row]<\/p>\n<\/div>","protected":false},"excerpt":{"rendered":"<p>[vc_row][vc_column width=&#8221;2\/3&#8243;][vc_column_text]TTI Trimetrix DNA examineaz\u0103 comportamentele pe care indivizii le aduc la locul de munc\u0103, motivatorii care \u00eei conduc \u0219i abilit\u0103\u021bile de a demonstra competen\u021bele cerute de locul de munc\u0103. Trimetrix DNA dezv\u0103luie detalii specifice despre performan\u021ba superioar\u0103 \u00een aceste trei domenii care descriu \u201ecum\u201d, \u201cde ce\u201d \u0219i \u201cce\u201d. \u00cen<span class=\"excerpt-hellip\"> [\u2026]<\/span><\/p>\n","protected":false},"author":1,"featured_media":0,"parent":967,"menu_order":0,"comment_status":"closed","ping_status":"closed","template":"","meta":{"inline_featured_image":false,"footnotes":""},"class_list":["post-530","page","type-page","status-publish","hentry"],"_links":{"self":[{"href":"https:\/\/www.ttisuccessinsights.hu\/ro\/wp-json\/wp\/v2\/pages\/530","targetHints":{"allow":["GET"]}}],"collection":[{"href":"https:\/\/www.ttisuccessinsights.hu\/ro\/wp-json\/wp\/v2\/pages"}],"about":[{"href":"https:\/\/www.ttisuccessinsights.hu\/ro\/wp-json\/wp\/v2\/types\/page"}],"author":[{"embeddable":true,"href":"https:\/\/www.ttisuccessinsights.hu\/ro\/wp-json\/wp\/v2\/users\/1"}],"replies":[{"embeddable":true,"href":"https:\/\/www.ttisuccessinsights.hu\/ro\/wp-json\/wp\/v2\/comments?post=530"}],"version-history":[{"count":5,"href":"https:\/\/www.ttisuccessinsights.hu\/ro\/wp-json\/wp\/v2\/pages\/530\/revisions"}],"predecessor-version":[{"id":2546,"href":"https:\/\/www.ttisuccessinsights.hu\/ro\/wp-json\/wp\/v2\/pages\/530\/revisions\/2546"}],"up":[{"embeddable":true,"href":"https:\/\/www.ttisuccessinsights.hu\/ro\/wp-json\/wp\/v2\/pages\/967"}],"wp:attachment":[{"href":"https:\/\/www.ttisuccessinsights.hu\/ro\/wp-json\/wp\/v2\/media?parent=530"}],"curies":[{"name":"wp","href":"https:\/\/api.w.org\/{rel}","templated":true}]}}