{"id":506,"date":"2019-12-09T12:13:10","date_gmt":"2019-12-09T12:13:10","guid":{"rendered":"https:\/\/www.ttisuccessinsights.hu\/?page_id=506"},"modified":"2025-10-22T08:39:00","modified_gmt":"2025-10-22T08:39:00","slug":"talent-insights","status":"publish","type":"page","link":"https:\/\/www.ttisuccessinsights.hu\/ro\/our-products\/talent-insights\/","title":{"rendered":"Talent Insights"},"content":{"rendered":"<div class=\"wpb-content-wrapper\"><p>[vc_row][vc_column width=&#8221;2\/3&#8243;][vc_column_text]<strong>Talent Insights examineaz\u0103 comportamentele pe care indivizii le aduc la locul de munc\u0103 \u0219i motivatorii, care \u00eei conduc.<\/strong><\/p>\n<p>\u00cen plus, acest raport \u00eembin\u0103 comportamentele \u0219i motivarorii \u00eentr-o sec\u021biune integrat\u0103, care ajut\u0103 la unirea \u201ccum\u201d \u0219i \u201ede ce\u201d a ac\u021biunilor unui individ. Aceste rapoarte sunt compuse din dou\u0103 \u0219tiin\u021be: Comportamente \u0219i Motivatori.<\/p>\n<p>Acest raport este folosit la nivel mondial petru:<\/p>\n<ul>\n<li>Antrenarea \u0219i implicarea angaja\u021bilor<\/li>\n<li>Conducere \u0219i comunicare<\/li>\n<li>Crearea unui mediu de lucru eficient \u0219i fericit<\/li>\n<li>Selectare \u0219i recrutare<\/li>\n<\/ul>\n<p>[\/vc_column_text][\/vc_column][vc_column width=&#8221;1\/3&#8243;][vc_single_image image=&#8221;2317&#8243; img_size=&#8221;full&#8221; alignment=&#8221;center&#8221; onclick=&#8221;custom_link&#8221; img_link_target=&#8221;_blank&#8221; link=&#8221;https:\/\/www.ttisuccessinsights.hu\/wp-content\/uploads\/2025\/10\/TImanRO.pdf&#8221;][\/vc_column][\/vc_row]<\/p>\n<\/div>","protected":false},"excerpt":{"rendered":"<p>[vc_row][vc_column width=&#8221;2\/3&#8243;][vc_column_text]Talent Insights examineaz\u0103 comportamentele pe care indivizii le aduc la locul de munc\u0103 \u0219i motivatorii, care \u00eei conduc. \u00cen plus, acest raport \u00eembin\u0103 comportamentele \u0219i motivarorii \u00eentr-o sec\u021biune integrat\u0103, care ajut\u0103 la unirea \u201ccum\u201d \u0219i \u201ede ce\u201d a ac\u021biunilor unui individ. Aceste rapoarte sunt compuse din dou\u0103 \u0219tiin\u021be: Comportamente<span class=\"excerpt-hellip\"> [\u2026]<\/span><\/p>\n","protected":false},"author":1,"featured_media":0,"parent":967,"menu_order":0,"comment_status":"closed","ping_status":"closed","template":"","meta":{"inline_featured_image":false,"footnotes":""},"class_list":["post-506","page","type-page","status-publish","hentry"],"_links":{"self":[{"href":"https:\/\/www.ttisuccessinsights.hu\/ro\/wp-json\/wp\/v2\/pages\/506","targetHints":{"allow":["GET"]}}],"collection":[{"href":"https:\/\/www.ttisuccessinsights.hu\/ro\/wp-json\/wp\/v2\/pages"}],"about":[{"href":"https:\/\/www.ttisuccessinsights.hu\/ro\/wp-json\/wp\/v2\/types\/page"}],"author":[{"embeddable":true,"href":"https:\/\/www.ttisuccessinsights.hu\/ro\/wp-json\/wp\/v2\/users\/1"}],"replies":[{"embeddable":true,"href":"https:\/\/www.ttisuccessinsights.hu\/ro\/wp-json\/wp\/v2\/comments?post=506"}],"version-history":[{"count":5,"href":"https:\/\/www.ttisuccessinsights.hu\/ro\/wp-json\/wp\/v2\/pages\/506\/revisions"}],"predecessor-version":[{"id":2497,"href":"https:\/\/www.ttisuccessinsights.hu\/ro\/wp-json\/wp\/v2\/pages\/506\/revisions\/2497"}],"up":[{"embeddable":true,"href":"https:\/\/www.ttisuccessinsights.hu\/ro\/wp-json\/wp\/v2\/pages\/967"}],"wp:attachment":[{"href":"https:\/\/www.ttisuccessinsights.hu\/ro\/wp-json\/wp\/v2\/media?parent=506"}],"curies":[{"name":"wp","href":"https:\/\/api.w.org\/{rel}","templated":true}]}}