{"id":2043,"date":"2019-05-15T09:50:49","date_gmt":"2019-05-15T09:50:49","guid":{"rendered":"https:\/\/www.ttisuccessinsights.hu\/our-solutions\/onboarding\/"},"modified":"2021-04-29T18:00:50","modified_gmt":"2021-04-29T18:00:50","slug":"onboarding","status":"publish","type":"page","link":"https:\/\/www.ttisuccessinsights.hu\/ro\/our-solutions\/onboarding\/","title":{"rendered":"Onboarding"},"content":{"rendered":"<div class=\"wpb-content-wrapper\"><p>[vc_row][vc_column width=&#8221;2\/3&#8243;][vc_column_text]<\/p>\n<h3>Job benchmarkingul ofer\u0103 o baz\u0103 perfoman\u021bei superioare. Totu\u0219i, angaja\u021bii beneficiaz\u0103 cel mai mult atunci, c\u00e2nd organiza\u021biile ofer\u0103 preg\u0103tire onboarding din prima zi.<\/h3>\n<p>Men\u021binerea instruirii angaja\u021bilor \u00een primele luni este esen\u021bial pentru integrarea corect\u0103 \u0219i pentru a deveni un membru de succes al organiza\u021biei. Onboardingul de succes conduce la urm\u0103toarele:<\/p>\n<ul>\n<li>Satisfac\u021bie mai mare \u00een munc\u0103<\/li>\n<li>Permorman\u021b\u0103 mai bun\u0103 \u00een munc\u0103<\/li>\n<li>Mai mult angajament fa\u021b\u0103 de organiza\u021bie<\/li>\n<li>Stres redus<\/li>\n<\/ul>\n<p>Ce ar putea fi o metod\u0103 mai bun\u0103 pentru preg\u0103tirea unui nou angajat, dec\u00e2t :<\/p>\n<ul>\n<li>Job benchmarking pentru ocuparea pozi\u021biei cu succes<\/li>\n<li>Evaluarea comportamentului (DISC) pentru a \u00een\u021belege persoana<\/li>\n<li>Evaluarea motiva\u021bional\u0103<\/li>\n<\/ul>\n<p>[\/vc_column_text][\/vc_column][vc_column width=&#8221;1\/3&#8243;][vc_single_image image=&#8221;154&#8243; img_size=&#8221;full&#8221; alignment=&#8221;center&#8221;][\/vc_column][\/vc_row]<\/p>\n<\/div>","protected":false},"excerpt":{"rendered":"<p>[vc_row][vc_column width=&#8221;2\/3&#8243;][vc_column_text] Job benchmarkingul ofer\u0103 o baz\u0103 perfoman\u021bei superioare. Totu\u0219i, angaja\u021bii beneficiaz\u0103 cel mai mult atunci, c\u00e2nd organiza\u021biile ofer\u0103 preg\u0103tire onboarding din prima zi. Men\u021binerea instruirii angaja\u021bilor \u00een primele luni este esen\u021bial pentru integrarea corect\u0103 \u0219i pentru a deveni un membru de succes al organiza\u021biei. Onboardingul de succes conduce la<span class=\"excerpt-hellip\"> [\u2026]<\/span><\/p>\n","protected":false},"author":1,"featured_media":0,"parent":582,"menu_order":0,"comment_status":"closed","ping_status":"closed","template":"","meta":{"inline_featured_image":false,"footnotes":""},"class_list":["post-2043","page","type-page","status-publish","hentry"],"_links":{"self":[{"href":"https:\/\/www.ttisuccessinsights.hu\/ro\/wp-json\/wp\/v2\/pages\/2043","targetHints":{"allow":["GET"]}}],"collection":[{"href":"https:\/\/www.ttisuccessinsights.hu\/ro\/wp-json\/wp\/v2\/pages"}],"about":[{"href":"https:\/\/www.ttisuccessinsights.hu\/ro\/wp-json\/wp\/v2\/types\/page"}],"author":[{"embeddable":true,"href":"https:\/\/www.ttisuccessinsights.hu\/ro\/wp-json\/wp\/v2\/users\/1"}],"replies":[{"embeddable":true,"href":"https:\/\/www.ttisuccessinsights.hu\/ro\/wp-json\/wp\/v2\/comments?post=2043"}],"version-history":[{"count":2,"href":"https:\/\/www.ttisuccessinsights.hu\/ro\/wp-json\/wp\/v2\/pages\/2043\/revisions"}],"predecessor-version":[{"id":2055,"href":"https:\/\/www.ttisuccessinsights.hu\/ro\/wp-json\/wp\/v2\/pages\/2043\/revisions\/2055"}],"up":[{"embeddable":true,"href":"https:\/\/www.ttisuccessinsights.hu\/ro\/wp-json\/wp\/v2\/pages\/582"}],"wp:attachment":[{"href":"https:\/\/www.ttisuccessinsights.hu\/ro\/wp-json\/wp\/v2\/media?parent=2043"}],"curies":[{"name":"wp","href":"https:\/\/api.w.org\/{rel}","templated":true}]}}