{"id":944,"date":"2019-12-19T18:13:44","date_gmt":"2019-12-19T18:13:44","guid":{"rendered":"https:\/\/www.ttisuccessinsights.hu\/?page_id=944"},"modified":"2023-10-11T18:56:49","modified_gmt":"2023-10-11T18:56:49","slug":"our-network","status":"publish","type":"page","link":"https:\/\/www.ttisuccessinsights.hu\/pl\/our-network\/","title":{"rendered":"Nasza sie\u0107"},"content":{"rendered":"<div class=\"wpb-content-wrapper\"><p>[vc_row][vc_column][vc_column_text]<\/p>\n<div class=\"articleBody\">\n<p>&nbsp;<\/p>\n<p><strong>7000 naszych Partner\u00f3w i Dystrybutor\u00f3w wsp\u00f3\u0142pracuje z klientami ze wszystkich rodzaj\u00f3w korporacji, ma\u0142ych, \u015brednich i du\u017cych firm, w tym z sektora us\u0142ug finansowych, hi-tech, oprogramowania, telekomunikacji, wydawnictw, organizacji non-profit, bran\u017cy medycznej i produkcji &#8211; zapewniaj\u0105c swoim klientom najwy\u017cszej jako\u015bci us\u0142ugi konsultingowe oparte na produktach TTI SI.<\/strong><\/p>\n<p>Cz\u0142onkowie sieci otrzymuj\u0105 wsparcie i szkolenia od zespo\u0142u TTI SI, aby zmaksymalizowa\u0107 ich wydajno\u015b\u0107 i zdolno\u015b\u0107 do spe\u0142niania i przekraczania oczekiwa\u0144 klient\u00f3w.<\/p>\n<p>Partnerzy i Dystrybutorzy tworzacy sie\u0107 TTI SI, s\u0105 r\u00f3wnie\u017c znani z ducha wsp\u00f3\u0142pracy i wzajemnego wsparcia. Nasza coroczna konferencja zaprasza cz\u0142onk\u00f3w sieci z ca\u0142ego \u015bwiata do dzielenia si\u0119, wsp\u00f3\u0142pracy i uczenia si\u0119 najlepszych praktyk od siebie nawzajem.<\/p>\n<h3 style=\"text-align: left;\">Og\u00f3lno\u015bwiatowa Rada Doradcza<\/h3>\n<p>Nasza Og\u00f3lno\u015bwiatowa Rada Doradcza sk\u0142ada si\u0119 z Dystrybutor\u00f3w i Partner\u00f3w z czterech kontynet\u00f3w. Do obowi\u0105zk\u00f3w Rady nale\u017cy m.in:<\/p>\n<ul>\n<li>Ochrona marki TTI SI oraz zapewnienie jej etyczno\u015bci i integralno\u015bci;<\/li>\n<li>Promowanie i utrzymywanie misji, wizji i warto\u015bci firmy;<\/li>\n<li>Budowanie \u015bwiadomo\u015bci rynkowej i bran\u017cowej w biurach korporacyjnych i w sieci TTI; oraz<\/li>\n<li>Dostarczanie informacji zwrotnych na temat wszystkich dost\u0119pnych obecnie produkt\u00f3w, us\u0142ug i materia\u0142\u00f3w, przy jednoczesnym wspieraniu i inspirowaniu rozwoju nowych produkt\u00f3w.<\/li>\n<\/ul>\n<\/div>\n<p>[\/vc_column_text][\/vc_column][\/vc_row]<\/p>\n<\/div>","protected":false},"excerpt":{"rendered":"<p>[vc_row][vc_column][vc_column_text] &nbsp; 7000 naszych Partner\u00f3w i Dystrybutor\u00f3w wsp\u00f3\u0142pracuje z klientami ze wszystkich rodzaj\u00f3w korporacji, ma\u0142ych, \u015brednich i du\u017cych firm, w tym z sektora us\u0142ug finansowych, hi-tech, oprogramowania, telekomunikacji, wydawnictw, organizacji non-profit, bran\u017cy medycznej i produkcji &#8211; zapewniaj\u0105c swoim klientom najwy\u017cszej jako\u015bci us\u0142ugi konsultingowe oparte na produktach TTI SI. Cz\u0142onkowie sieci<span class=\"excerpt-hellip\"> [\u2026]<\/span><\/p>\n","protected":false},"author":1,"featured_media":0,"parent":0,"menu_order":0,"comment_status":"closed","ping_status":"closed","template":"","meta":{"inline_featured_image":false,"footnotes":""},"class_list":["post-944","page","type-page","status-publish","hentry"],"_links":{"self":[{"href":"https:\/\/www.ttisuccessinsights.hu\/pl\/wp-json\/wp\/v2\/pages\/944","targetHints":{"allow":["GET"]}}],"collection":[{"href":"https:\/\/www.ttisuccessinsights.hu\/pl\/wp-json\/wp\/v2\/pages"}],"about":[{"href":"https:\/\/www.ttisuccessinsights.hu\/pl\/wp-json\/wp\/v2\/types\/page"}],"author":[{"embeddable":true,"href":"https:\/\/www.ttisuccessinsights.hu\/pl\/wp-json\/wp\/v2\/users\/1"}],"replies":[{"embeddable":true,"href":"https:\/\/www.ttisuccessinsights.hu\/pl\/wp-json\/wp\/v2\/comments?post=944"}],"version-history":[{"count":5,"href":"https:\/\/www.ttisuccessinsights.hu\/pl\/wp-json\/wp\/v2\/pages\/944\/revisions"}],"predecessor-version":[{"id":2129,"href":"https:\/\/www.ttisuccessinsights.hu\/pl\/wp-json\/wp\/v2\/pages\/944\/revisions\/2129"}],"wp:attachment":[{"href":"https:\/\/www.ttisuccessinsights.hu\/pl\/wp-json\/wp\/v2\/media?parent=944"}],"curies":[{"name":"wp","href":"https:\/\/api.w.org\/{rel}","templated":true}]}}