{"id":809,"date":"2019-12-11T20:54:50","date_gmt":"2019-12-11T20:54:50","guid":{"rendered":"https:\/\/www.ttisuccessinsights.hu\/?page_id=809"},"modified":"2025-10-23T17:18:53","modified_gmt":"2025-10-23T17:18:53","slug":"motivators","status":"publish","type":"page","link":"https:\/\/www.ttisuccessinsights.hu\/pl\/five-sciences-how-we-do-it\/motivators\/","title":{"rendered":"Czynniki motywuj\u0105ce"},"content":{"rendered":"<div class=\"wpb-content-wrapper\"><p>[vc_row][vc_column width=&#8221;2\/3&#8243;][vc_column_text]<strong>Podobnie jak oceny behawioralne (lub DISC) TTI pomagaj\u0105 nam okre\u015bli\u0107, jak ludzie zachowuj\u0105 si\u0119 i radz\u0105 sobie w \u015brodowisku pracy, nasze oceny Czynnik\u00f3w motywuj\u0105cych pokazuj\u0105, dlaczego robi\u0105 to, co robi\u0105.<\/strong><\/p>\n<p>Oceny TTI Success Insights mierz\u0105ce Czynniki motywuj\u0105ce badaj\u0105 wzgl\u0119dn\u0105 wag\u0119 nast\u0119puj\u0105cych sze\u015bciu podstawowych zainteresowa\u0144 (lub Motywator\u00f3w &#8211; sposob\u00f3w warto\u015bciowania \u017cycia):<\/p>\n<ul>\n<li>Teoretycznego &#8211; odkrywania prawdy<\/li>\n<li>Utylitarnego &#8211; pieni\u0105dzy i tego, co u\u017cyteczne; ROI<\/li>\n<li>Estetycznego &#8211; formy i harmonii<\/li>\n<li>Spo\u0142ecznyego &#8211; wrodzonej troski o ludzi; pomagania innym<\/li>\n<li>Indywidualistycznego &#8211; osobistej w\u0142adzy, wp\u0142ywu i s\u0142awy<\/li>\n<li>Tradycyjnego &#8211; systemu \u017cycia<\/li>\n<\/ul>\n<p>[\/vc_column_text][\/vc_column][vc_column width=&#8221;1\/3&#8243;][vc_single_image image=&#8221;2915&#8243; img_size=&#8221;full&#8221; alignment=&#8221;center&#8221;][\/vc_column][\/vc_row]<\/p>\n<\/div>","protected":false},"excerpt":{"rendered":"<p>[vc_row][vc_column width=&#8221;2\/3&#8243;][vc_column_text]Podobnie jak oceny behawioralne (lub DISC) TTI pomagaj\u0105 nam okre\u015bli\u0107, jak ludzie zachowuj\u0105 si\u0119 i radz\u0105 sobie w \u015brodowisku pracy, nasze oceny Czynnik\u00f3w motywuj\u0105cych pokazuj\u0105, dlaczego robi\u0105 to, co robi\u0105. Oceny TTI Success Insights mierz\u0105ce Czynniki motywuj\u0105ce badaj\u0105 wzgl\u0119dn\u0105 wag\u0119 nast\u0119puj\u0105cych sze\u015bciu podstawowych zainteresowa\u0144 (lub Motywator\u00f3w &#8211; sposob\u00f3w warto\u015bciowania<span class=\"excerpt-hellip\"> [\u2026]<\/span><\/p>\n","protected":false},"author":1,"featured_media":0,"parent":661,"menu_order":0,"comment_status":"closed","ping_status":"closed","template":"","meta":{"inline_featured_image":false,"footnotes":""},"class_list":["post-809","page","type-page","status-publish","hentry"],"_links":{"self":[{"href":"https:\/\/www.ttisuccessinsights.hu\/pl\/wp-json\/wp\/v2\/pages\/809","targetHints":{"allow":["GET"]}}],"collection":[{"href":"https:\/\/www.ttisuccessinsights.hu\/pl\/wp-json\/wp\/v2\/pages"}],"about":[{"href":"https:\/\/www.ttisuccessinsights.hu\/pl\/wp-json\/wp\/v2\/types\/page"}],"author":[{"embeddable":true,"href":"https:\/\/www.ttisuccessinsights.hu\/pl\/wp-json\/wp\/v2\/users\/1"}],"replies":[{"embeddable":true,"href":"https:\/\/www.ttisuccessinsights.hu\/pl\/wp-json\/wp\/v2\/comments?post=809"}],"version-history":[{"count":6,"href":"https:\/\/www.ttisuccessinsights.hu\/pl\/wp-json\/wp\/v2\/pages\/809\/revisions"}],"predecessor-version":[{"id":2922,"href":"https:\/\/www.ttisuccessinsights.hu\/pl\/wp-json\/wp\/v2\/pages\/809\/revisions\/2922"}],"up":[{"embeddable":true,"href":"https:\/\/www.ttisuccessinsights.hu\/pl\/wp-json\/wp\/v2\/pages\/661"}],"wp:attachment":[{"href":"https:\/\/www.ttisuccessinsights.hu\/pl\/wp-json\/wp\/v2\/media?parent=809"}],"curies":[{"name":"wp","href":"https:\/\/api.w.org\/{rel}","templated":true}]}}