{"id":782,"date":"2019-12-11T20:54:08","date_gmt":"2019-12-11T20:54:08","guid":{"rendered":"https:\/\/www.ttisuccessinsights.hu\/?page_id=782"},"modified":"2025-10-30T18:11:32","modified_gmt":"2025-10-30T18:11:32","slug":"emotional-intelligence-eq","status":"publish","type":"page","link":"https:\/\/www.ttisuccessinsights.hu\/pl\/five-sciences-how-we-do-it\/emotional-intelligence-eq\/","title":{"rendered":"Inteligencja emocjonalna\/EQ"},"content":{"rendered":"<div class=\"wpb-content-wrapper\"><p>[vc_row][vc_column width=&#8221;2\/3&#8243;][vc_column_text]<strong>Inteligencja emocjonalna (EQ) to zdolno\u015b\u0107 do wyczuwania, rozumienia i skutecznego stosowania si\u0142y i przenikliwo\u015bci emocji w celu u\u0142atwienia wy\u017cszego poziomu wsp\u00f3\u0142pracy i produktywno\u015bci.<\/strong><\/p>\n<p>Nasze badania wskazuj\u0105, \u017ce odnosz\u0105cy sukcesy liderzy i osoby osi\u0105gaj\u0105ce najlepsze wyniki maj\u0105 dobrze rozwini\u0119te umiej\u0119tno\u015bci w zakresie inteligencji emocjonalnej, dzi\u0119ki czemu mog\u0105 dobrze wsp\u00f3\u0142pracowa\u0107 z wieloma r\u00f3\u017cnymi osobami i skutecznie reagowa\u0107 na szybko zmieniaj\u0105ce si\u0119 warunki w \u015bwiecie biznesu.<\/p>\n<p>Oceny TTI Success Insights mierz\u0105ce inteligencj\u0119 emocjonaln\u0105 (EQ) badaj\u0105 pi\u0119\u0107 kluczowych obszar\u00f3w odnosz\u0105cych si\u0119 do relacji intrapersonalnych i interpersonalnych:<\/p>\n<ul>\n<li><strong>Samo\u015bwiadomo\u015b\u0107<\/strong> &#8211; Zrozumienie w\u0142asnych nastroj\u00f3w, emocji i pop\u0119d\u00f3w, a tak\u017ce ich wp\u0142ywu na innych.<\/li>\n<li><strong>Samoregulacja<\/strong> &#8211; zdolno\u015b\u0107 do kontrolowania lub przekierowywania destrukcyjnych impuls\u00f3w i nastroj\u00f3w; a tak\u017ce do my\u015blenia przed podj\u0119ciem dzia\u0142ania<\/li>\n<li><strong>Motywacja<\/strong> &#8211; pasja do pracy z powod\u00f3w innych ni\u017c pieni\u0105dze lub status; d\u0105\u017cenie do cel\u00f3w z energi\u0105 i wytrwa\u0142o\u015bci\u0105.<\/li>\n<li><strong>Empatia<\/strong> &#8211; zdolno\u015b\u0107 do rozumienia emocjonalnej struktury innych ludzi<\/li>\n<li><strong>Umiej\u0119tno\u015bci spo\u0142eczne<\/strong> &#8211; bieg\u0142o\u015b\u0107 w zarz\u0105dzaniu relacjami i budowaniu sieci kontakt\u00f3w<\/li>\n<\/ul>\n<p>[\/vc_column_text][\/vc_column][vc_column width=&#8221;1\/3&#8243;][vc_single_image image=&#8221;3065&#8243; img_size=&#8221;full&#8221; alignment=&#8221;center&#8221;][\/vc_column][\/vc_row]<\/p>\n<\/div>","protected":false},"excerpt":{"rendered":"<p>[vc_row][vc_column width=&#8221;2\/3&#8243;][vc_column_text]Inteligencja emocjonalna (EQ) to zdolno\u015b\u0107 do wyczuwania, rozumienia i skutecznego stosowania si\u0142y i przenikliwo\u015bci emocji w celu u\u0142atwienia wy\u017cszego poziomu wsp\u00f3\u0142pracy i produktywno\u015bci. Nasze badania wskazuj\u0105, \u017ce odnosz\u0105cy sukcesy liderzy i osoby osi\u0105gaj\u0105ce najlepsze wyniki maj\u0105 dobrze rozwini\u0119te umiej\u0119tno\u015bci w zakresie inteligencji emocjonalnej, dzi\u0119ki czemu mog\u0105 dobrze wsp\u00f3\u0142pracowa\u0107 z<span class=\"excerpt-hellip\"> [\u2026]<\/span><\/p>\n","protected":false},"author":1,"featured_media":0,"parent":661,"menu_order":0,"comment_status":"closed","ping_status":"closed","template":"","meta":{"inline_featured_image":false,"footnotes":""},"class_list":["post-782","page","type-page","status-publish","hentry"],"_links":{"self":[{"href":"https:\/\/www.ttisuccessinsights.hu\/pl\/wp-json\/wp\/v2\/pages\/782","targetHints":{"allow":["GET"]}}],"collection":[{"href":"https:\/\/www.ttisuccessinsights.hu\/pl\/wp-json\/wp\/v2\/pages"}],"about":[{"href":"https:\/\/www.ttisuccessinsights.hu\/pl\/wp-json\/wp\/v2\/types\/page"}],"author":[{"embeddable":true,"href":"https:\/\/www.ttisuccessinsights.hu\/pl\/wp-json\/wp\/v2\/users\/1"}],"replies":[{"embeddable":true,"href":"https:\/\/www.ttisuccessinsights.hu\/pl\/wp-json\/wp\/v2\/comments?post=782"}],"version-history":[{"count":5,"href":"https:\/\/www.ttisuccessinsights.hu\/pl\/wp-json\/wp\/v2\/pages\/782\/revisions"}],"predecessor-version":[{"id":3072,"href":"https:\/\/www.ttisuccessinsights.hu\/pl\/wp-json\/wp\/v2\/pages\/782\/revisions\/3072"}],"up":[{"embeddable":true,"href":"https:\/\/www.ttisuccessinsights.hu\/pl\/wp-json\/wp\/v2\/pages\/661"}],"wp:attachment":[{"href":"https:\/\/www.ttisuccessinsights.hu\/pl\/wp-json\/wp\/v2\/media?parent=782"}],"curies":[{"name":"wp","href":"https:\/\/api.w.org\/{rel}","templated":true}]}}