{"id":757,"date":"2019-12-11T20:53:15","date_gmt":"2019-12-11T20:53:15","guid":{"rendered":"https:\/\/www.ttisuccessinsights.hu\/?page_id=757"},"modified":"2025-10-29T17:55:31","modified_gmt":"2025-10-29T17:55:31","slug":"competencies","status":"publish","type":"page","link":"https:\/\/www.ttisuccessinsights.hu\/pl\/five-sciences-how-we-do-it\/competencies\/","title":{"rendered":"KOMPETENCJE"},"content":{"rendered":"<div class=\"wpb-content-wrapper\"><p>[vc_row][vc_column width=&#8221;2\/3&#8243;][vc_column_text]<strong>Badania przeprowadzone przez TTI wykaza\u0142y, \u017ce w przypadku wielu stanowisk umiej\u0119tno\u015bci osobiste (lub umiej\u0119tno\u015bci mi\u0119kkie) s\u0105 tak samo wa\u017cne jak umiej\u0119tno\u015bci techniczne w osi\u0105ganiu lepszych wynik\u00f3w. <\/strong><\/p>\n<p>Umiej\u0119tno\u015bci osobiste s\u0105 cz\u0119sto przenoszone na r\u00f3\u017cne stanowiska, podczas gdy umiej\u0119tno\u015bci techniczne s\u0105 zwykle bardziej specyficzne.<\/p>\n<p>Oceny TTI Success Insights mierz\u0105ce kompetencje badaj\u0105 poziom rozwoju 23 unikalnych umiej\u0119tno\u015bci osobistych, szereguj\u0105c je od najlepiej rozwini\u0119tej umiej\u0119tno\u015bci do tej, kt\u00f3ra wymaga najwi\u0119kszego poziomu dalszego rozwoju.<\/p>\n<p>Chocia\u017c nie ka\u017cda praca wymaga rozwoju wszystkich 23 kompetencji, TTI Success Insights bada nast\u0119puj\u0105ce umiej\u0119tno\u015bci osobiste:<\/p>\n<ul>\n<li>Analityczne rozwi\u0105zywanie problem\u00f3w<\/li>\n<li>Zarz\u0105dzanie konfliktami<\/li>\n<li>Ci\u0105g\u0142e uczenie si\u0119<\/li>\n<li>Kreatywno\u015b\u0107\/Innowacyjno\u015b\u0107<\/li>\n<li>Obs\u0142uga klienta<\/li>\n<li>Podejmowanie decyzji<\/li>\n<li>Dyplomacja<\/li>\n<li>Empatia<\/li>\n<li>Rozw\u00f3j pracownik\u00f3w\/Coaching<\/li>\n<li>Elastyczno\u015b\u0107<\/li>\n<li>My\u015blenie przysz\u0142o\u015bciowe<\/li>\n<li>Orientacja na cele<\/li>\n<li>Umiej\u0119tno\u015bci interpersonalne<\/li>\n<li>Przyw\u00f3dztwo<\/li>\n<li>Zarz\u0105dzanie<\/li>\n<li>Negocjacje<\/li>\n<li>Efektywno\u015b\u0107 osobista<\/li>\n<li>Perswazja<\/li>\n<li>Planowanie i organizacja<\/li>\n<li>Prezentacja<\/li>\n<li>Zarz\u0105dzanie sob\u0105<\/li>\n<li>Praca zespo\u0142owa<\/li>\n<li>Komunikacja na pi\u015bmie<\/li>\n<\/ul>\n<p>[\/vc_column_text][\/vc_column][vc_column width=&#8221;1\/3&#8243;][vc_single_image image=&#8221;3015&#8243; img_size=&#8221;full&#8221; alignment=&#8221;center&#8221;][\/vc_column][\/vc_row]<\/p>\n<\/div>","protected":false},"excerpt":{"rendered":"<p>[vc_row][vc_column width=&#8221;2\/3&#8243;][vc_column_text]Badania przeprowadzone przez TTI wykaza\u0142y, \u017ce w przypadku wielu stanowisk umiej\u0119tno\u015bci osobiste (lub umiej\u0119tno\u015bci mi\u0119kkie) s\u0105 tak samo wa\u017cne jak umiej\u0119tno\u015bci techniczne w osi\u0105ganiu lepszych wynik\u00f3w. Umiej\u0119tno\u015bci osobiste s\u0105 cz\u0119sto przenoszone na r\u00f3\u017cne stanowiska, podczas gdy umiej\u0119tno\u015bci techniczne s\u0105 zwykle bardziej specyficzne. Oceny TTI Success Insights mierz\u0105ce kompetencje badaj\u0105<span class=\"excerpt-hellip\"> [\u2026]<\/span><\/p>\n","protected":false},"author":1,"featured_media":0,"parent":661,"menu_order":0,"comment_status":"closed","ping_status":"closed","template":"","meta":{"inline_featured_image":false,"footnotes":""},"class_list":["post-757","page","type-page","status-publish","hentry"],"_links":{"self":[{"href":"https:\/\/www.ttisuccessinsights.hu\/pl\/wp-json\/wp\/v2\/pages\/757","targetHints":{"allow":["GET"]}}],"collection":[{"href":"https:\/\/www.ttisuccessinsights.hu\/pl\/wp-json\/wp\/v2\/pages"}],"about":[{"href":"https:\/\/www.ttisuccessinsights.hu\/pl\/wp-json\/wp\/v2\/types\/page"}],"author":[{"embeddable":true,"href":"https:\/\/www.ttisuccessinsights.hu\/pl\/wp-json\/wp\/v2\/users\/1"}],"replies":[{"embeddable":true,"href":"https:\/\/www.ttisuccessinsights.hu\/pl\/wp-json\/wp\/v2\/comments?post=757"}],"version-history":[{"count":5,"href":"https:\/\/www.ttisuccessinsights.hu\/pl\/wp-json\/wp\/v2\/pages\/757\/revisions"}],"predecessor-version":[{"id":3022,"href":"https:\/\/www.ttisuccessinsights.hu\/pl\/wp-json\/wp\/v2\/pages\/757\/revisions\/3022"}],"up":[{"embeddable":true,"href":"https:\/\/www.ttisuccessinsights.hu\/pl\/wp-json\/wp\/v2\/pages\/661"}],"wp:attachment":[{"href":"https:\/\/www.ttisuccessinsights.hu\/pl\/wp-json\/wp\/v2\/media?parent=757"}],"curies":[{"name":"wp","href":"https:\/\/api.w.org\/{rel}","templated":true}]}}