{"id":733,"date":"2019-12-11T20:52:08","date_gmt":"2019-12-11T20:52:08","guid":{"rendered":"https:\/\/www.ttisuccessinsights.hu\/?page_id=733"},"modified":"2025-10-22T18:34:22","modified_gmt":"2025-10-22T18:34:22","slug":"behaviors-disc","status":"publish","type":"page","link":"https:\/\/www.ttisuccessinsights.hu\/pl\/five-sciences-how-we-do-it\/behaviors-disc\/","title":{"rendered":"Zachowania\/DISC"},"content":{"rendered":"<div class=\"wpb-content-wrapper\"><p>[vc_row][vc_column width=&#8221;2\/3&#8243;][vc_column_text]<strong>Badania behawioralne TTI sugeruj\u0105, \u017ce najbardziej efektywni ludzie to ci, kt\u00f3rzy rozumiej\u0105 siebie, zar\u00f3wno swoje mocne, jak i s\u0142abe strony, dzi\u0119ki czemu mog\u0105 opracowywa\u0107 strategie, aby sprosta\u0107 wymaganiom swojego \u015brodowiska.<\/strong><\/p>\n<p>Oceny TTI Success Insights mierz\u0105ce Zachowania\/DISC badaj\u0105 dominacj\u0119, wp\u0142yw, stabilno\u015b\u0107 i zgodno\u015b\u0107 danej osoby, ujawniaj\u0105c sposoby, w jakie reaguje ona na:<\/p>\n<ul>\n<li>Problemy i wyzwania<\/li>\n<li>Wywieranie wp\u0142ywu na innych<\/li>\n<li>Tempo \u015brodowiska<\/li>\n<li>Zasady i procedury<\/li>\n<\/ul>\n<p>[\/vc_column_text][\/vc_column][vc_column width=&#8221;1\/3&#8243;][vc_single_image image=&#8221;2826&#8243; img_size=&#8221;full&#8221; alignment=&#8221;center&#8221;][\/vc_column][\/vc_row]<\/p>\n<\/div>","protected":false},"excerpt":{"rendered":"<p>[vc_row][vc_column width=&#8221;2\/3&#8243;][vc_column_text]Badania behawioralne TTI sugeruj\u0105, \u017ce najbardziej efektywni ludzie to ci, kt\u00f3rzy rozumiej\u0105 siebie, zar\u00f3wno swoje mocne, jak i s\u0142abe strony, dzi\u0119ki czemu mog\u0105 opracowywa\u0107 strategie, aby sprosta\u0107 wymaganiom swojego \u015brodowiska. Oceny TTI Success Insights mierz\u0105ce Zachowania\/DISC badaj\u0105 dominacj\u0119, wp\u0142yw, stabilno\u015b\u0107 i zgodno\u015b\u0107 danej osoby, ujawniaj\u0105c sposoby, w jakie reaguje<span class=\"excerpt-hellip\"> [\u2026]<\/span><\/p>\n","protected":false},"author":1,"featured_media":0,"parent":661,"menu_order":0,"comment_status":"closed","ping_status":"closed","template":"","meta":{"inline_featured_image":false,"footnotes":""},"class_list":["post-733","page","type-page","status-publish","hentry"],"_links":{"self":[{"href":"https:\/\/www.ttisuccessinsights.hu\/pl\/wp-json\/wp\/v2\/pages\/733","targetHints":{"allow":["GET"]}}],"collection":[{"href":"https:\/\/www.ttisuccessinsights.hu\/pl\/wp-json\/wp\/v2\/pages"}],"about":[{"href":"https:\/\/www.ttisuccessinsights.hu\/pl\/wp-json\/wp\/v2\/types\/page"}],"author":[{"embeddable":true,"href":"https:\/\/www.ttisuccessinsights.hu\/pl\/wp-json\/wp\/v2\/users\/1"}],"replies":[{"embeddable":true,"href":"https:\/\/www.ttisuccessinsights.hu\/pl\/wp-json\/wp\/v2\/comments?post=733"}],"version-history":[{"count":5,"href":"https:\/\/www.ttisuccessinsights.hu\/pl\/wp-json\/wp\/v2\/pages\/733\/revisions"}],"predecessor-version":[{"id":2833,"href":"https:\/\/www.ttisuccessinsights.hu\/pl\/wp-json\/wp\/v2\/pages\/733\/revisions\/2833"}],"up":[{"embeddable":true,"href":"https:\/\/www.ttisuccessinsights.hu\/pl\/wp-json\/wp\/v2\/pages\/661"}],"wp:attachment":[{"href":"https:\/\/www.ttisuccessinsights.hu\/pl\/wp-json\/wp\/v2\/media?parent=733"}],"curies":[{"name":"wp","href":"https:\/\/api.w.org\/{rel}","templated":true}]}}