{"id":709,"date":"2019-12-11T20:51:11","date_gmt":"2019-12-11T20:51:11","guid":{"rendered":"https:\/\/www.ttisuccessinsights.hu\/?page_id=709"},"modified":"2025-10-29T17:28:34","modified_gmt":"2025-10-29T17:28:34","slug":"acumen","status":"publish","type":"page","link":"https:\/\/www.ttisuccessinsights.hu\/pl\/five-sciences-how-we-do-it\/acumen\/","title":{"rendered":"BYSTRO\u015a\u0106"},"content":{"rendered":"<div class=\"wpb-content-wrapper\"><p>[vc_row][vc_column width=&#8221;2\/3&#8243;][vc_column_text]<strong>Wska\u017aniki Bystro\u015bci firmy TTI pomagaj\u0105 ludziom zrozumie\u0107 samych siebie oraz spos\u00f3b, w jaki analizuj\u0105 i interpretuj\u0105 swoje do\u015bwiadczenia.<\/strong><\/p>\n<p>Acumen danej osoby, czyli bystro\u015b\u0107 i g\u0142\u0119bia percepcji lub rozeznania, jest bezpo\u015brednio zwi\u0105zana z jej poziomem wydajno\u015bci. Im silniejszy jest Acumen danej osoby, tym bardziej jest ona \u015bwiadoma swojej wewn\u0119trznej i zewn\u0119trznej rzeczywisto\u015bci.<\/p>\n<p>Oceny TTI Success Insights mierz\u0105ce Acumen badaj\u0105 r\u00f3wnowag\u0119 wymiarow\u0105 sze\u015bciu obszar\u00f3w w odniesieniu do czynnik\u00f3w wewn\u0119trznych i zewn\u0119trznych:<\/p>\n<ul>\n<li>Zrozumienie innych<\/li>\n<li>My\u015blenie praktyczne<\/li>\n<li>Os\u0105d system\u00f3w<\/li>\n<li>Poczucie w\u0142asnej warto\u015bci<\/li>\n<li>\u015awiadomo\u015b\u0107 roli<\/li>\n<li>Kierowanie sob\u0105<\/li>\n<\/ul>\n<p>[\/vc_column_text][\/vc_column][vc_column width=&#8221;1\/3&#8243;][vc_single_image image=&#8221;2965&#8243; img_size=&#8221;full&#8221; alignment=&#8221;center&#8221;][\/vc_column][\/vc_row]<\/p>\n<\/div>","protected":false},"excerpt":{"rendered":"<p>[vc_row][vc_column width=&#8221;2\/3&#8243;][vc_column_text]Wska\u017aniki Bystro\u015bci firmy TTI pomagaj\u0105 ludziom zrozumie\u0107 samych siebie oraz spos\u00f3b, w jaki analizuj\u0105 i interpretuj\u0105 swoje do\u015bwiadczenia. Acumen danej osoby, czyli bystro\u015b\u0107 i g\u0142\u0119bia percepcji lub rozeznania, jest bezpo\u015brednio zwi\u0105zana z jej poziomem wydajno\u015bci. Im silniejszy jest Acumen danej osoby, tym bardziej jest ona \u015bwiadoma swojej wewn\u0119trznej i<span class=\"excerpt-hellip\"> [\u2026]<\/span><\/p>\n","protected":false},"author":1,"featured_media":0,"parent":661,"menu_order":0,"comment_status":"closed","ping_status":"closed","template":"","meta":{"inline_featured_image":false,"footnotes":""},"class_list":["post-709","page","type-page","status-publish","hentry"],"_links":{"self":[{"href":"https:\/\/www.ttisuccessinsights.hu\/pl\/wp-json\/wp\/v2\/pages\/709","targetHints":{"allow":["GET"]}}],"collection":[{"href":"https:\/\/www.ttisuccessinsights.hu\/pl\/wp-json\/wp\/v2\/pages"}],"about":[{"href":"https:\/\/www.ttisuccessinsights.hu\/pl\/wp-json\/wp\/v2\/types\/page"}],"author":[{"embeddable":true,"href":"https:\/\/www.ttisuccessinsights.hu\/pl\/wp-json\/wp\/v2\/users\/1"}],"replies":[{"embeddable":true,"href":"https:\/\/www.ttisuccessinsights.hu\/pl\/wp-json\/wp\/v2\/comments?post=709"}],"version-history":[{"count":5,"href":"https:\/\/www.ttisuccessinsights.hu\/pl\/wp-json\/wp\/v2\/pages\/709\/revisions"}],"predecessor-version":[{"id":2972,"href":"https:\/\/www.ttisuccessinsights.hu\/pl\/wp-json\/wp\/v2\/pages\/709\/revisions\/2972"}],"up":[{"embeddable":true,"href":"https:\/\/www.ttisuccessinsights.hu\/pl\/wp-json\/wp\/v2\/pages\/661"}],"wp:attachment":[{"href":"https:\/\/www.ttisuccessinsights.hu\/pl\/wp-json\/wp\/v2\/media?parent=709"}],"curies":[{"name":"wp","href":"https:\/\/api.w.org\/{rel}","templated":true}]}}