{"id":661,"date":"2019-12-09T15:11:57","date_gmt":"2019-12-09T15:11:57","guid":{"rendered":"https:\/\/www.ttisuccessinsights.hu\/?page_id=661"},"modified":"2025-10-22T15:24:07","modified_gmt":"2025-10-22T15:24:07","slug":"five-sciences-how-we-do-it","status":"publish","type":"page","link":"https:\/\/www.ttisuccessinsights.hu\/pl\/five-sciences-how-we-do-it\/","title":{"rendered":"Pi\u0119\u0107 nauk &#8211; jak to robimy?"},"content":{"rendered":"<div class=\"wpb-content-wrapper\"><p>[vc_row][vc_column][vc_column_text]<\/p>\n<h2 style=\"text-align: center;\">Dokonujemy pomiar\u00f3w zgodnie z pi\u0119cioma naukami<\/h2>\n<p>[\/vc_column_text][\/vc_column][vc_column width=&#8221;1\/2&#8243;][vc_single_image image=&#8221;2742&#8243; img_size=&#8221;full&#8221; alignment=&#8221;center&#8221;][vc_column_text]<\/p>\n<h2 class=\"listTitle\" style=\"text-align: center;\">Zachowania\/DISC<\/h2>\n<p>Mierzone w czterech proporcjach (DISC: dominacja, wp\u0142yw, stabilno\u015b\u0107 i zgodno\u015b\u0107), Zachowania ujawniaj\u0105, w jaki spos\u00f3b dana osoba b\u0119dzie dzia\u0142a\u0107, w tym jak\u0105 warto\u015b\u0107 wniesie do zespo\u0142u, jej idealne \u015brodowisko i mo\u017cliwe ograniczenia, z kt\u00f3rymi mo\u017ce si\u0119 spotka\u0107.[\/vc_column_text][vc_btn title=&#8221;READ MORE&#8221; color=&#8221;pink&#8221; align=&#8221;center&#8221; link=&#8221;url:https%3A%2F%2Fwww.ttisuccessinsights.hu%2Fpl%2Ffive-sciences%2Fbehaviors-disc%2F|title:Behaviors%2FDISC||&#8221;][\/vc_column][vc_column width=&#8221;1\/2&#8243;][vc_single_image image=&#8221;2613&#8243; img_size=&#8221;full&#8221; alignment=&#8221;center&#8221;][vc_column_text]<\/p>\n<h2 style=\"text-align: center;\">Czynniki motywuj\u0105ce<\/h2>\n<div class=\"stackWrap\">\n<p><strong>Mierzone w sze\u015bciu kluczowych obszarach:<\/strong><\/p>\n<ul>\n<li>teoretycznym<\/li>\n<li>utylitarnym<\/li>\n<li>estetycznym<\/li>\n<li>spo\u0142ecznym<\/li>\n<li>indywidualistycznym<\/li>\n<li>tradycyjnym<\/li>\n<\/ul>\n<p>Czynniki motywuj\u0105ce s\u0105 oknami, przez kt\u00f3re dana osoba postrzega \u015bwiat, tym samym kieruj\u0105c si\u0119 swoim zachowaniem. Czynniki motywuj\u0105ce ujawniaj\u0105, dlaczego dana osoba dzia\u0142a w okre\u015blony spos\u00f3b &#8211; co j\u0105 motywuje do wykonywania pracy.<\/p>\n<\/div>\n<p>[\/vc_column_text][vc_btn title=&#8221;READ MORE&#8221; color=&#8221;pink&#8221; align=&#8221;center&#8221; link=&#8221;url:https%3A%2F%2Fwww.ttisuccessinsights.hu%2Fpl%2Ffive-sciences%2Fmotivators%2F|title:Motivators||&#8221;][\/vc_column][\/vc_row][vc_row][vc_column width=&#8221;1\/2&#8243;][vc_single_image image=&#8221;2749&#8243; img_size=&#8221;full&#8221; alignment=&#8221;center&#8221;][vc_column_text]<\/p>\n<h2 style=\"text-align: center;\">Bystro\u015b\u0107<\/h2>\n<div class=\"stackWrap\">\n<p><strong>Bystro\u015b\u0107 jest oceniana przy u\u017cyciu trzech wymiar\u00f3w my\u015blenia, analizuj\u0105c zar\u00f3wno postrzeganie \u015bwiata, jak i w\u0142asne pogl\u0105dy:<\/strong><\/p>\n<ul>\n<li>wewn\u0119trznego<\/li>\n<li>zewn\u0119trznego<\/li>\n<li>systemowego<\/li>\n<\/ul>\n<p>Acumen, czyli bystro\u015b\u0107 i g\u0142\u0119bia percepcji danej osoby, okre\u015bla spos\u00f3b my\u015blenia i podejmowania decyzji oraz wyja\u015bnia naturalne zdolno\u015bci lub mo\u017cliwo\u015bci danej osoby.<\/p>\n<\/div>\n<p>[\/vc_column_text][vc_btn title=&#8221;READ MORE&#8221; color=&#8221;pink&#8221; align=&#8221;center&#8221; link=&#8221;url:https%3A%2F%2Fwww.ttisuccessinsights.hu%2Fpl%2Ffive-sciences%2Facumen%2F|title:Acumen||&#8221;][\/vc_column][vc_column width=&#8221;1\/2&#8243;][vc_single_image image=&#8221;2756&#8243; img_size=&#8221;full&#8221; alignment=&#8221;center&#8221;][vc_column_text]<\/p>\n<h2 style=\"text-align: center;\">Kompetencje<\/h2>\n<div class=\"stackWrap\">\n<p>Mierz\u0105c 23 umiej\u0119tno\u015bci osobistych opartych na badaniach, bezpo\u015brednio zwi\u0105zanych z otoczeniem biznesowym, Kompetencje s\u0105 zdefiniowane na trzech poziomach: dobrze rozwini\u0119te, rozwini\u0119te, umiarkowanie rozwini\u0119te, wymagaj\u0105ce rozwoju. W po\u0142\u0105czeniu z benchmarkiem pracy, Kompetencje zapewniaj\u0105, \u017ce wrodzone umiej\u0119tno\u015bci ka\u017cdej osoby odpowiadaj\u0105 mi\u0119kkim umiej\u0119tno\u015bciom wymaganym na danym stanowisku.<\/p>\n<\/div>\n<p>[\/vc_column_text][vc_btn title=&#8221;READ MORE&#8221; color=&#8221;pink&#8221; align=&#8221;center&#8221; link=&#8221;url:https%3A%2F%2Fwww.ttisuccessinsights.hu%2Fpl%2Ffive-sciences%2Fcompetencies%2F|title:Competencies||&#8221;][\/vc_column][\/vc_row][vc_row][vc_column width=&#8221;1\/2&#8243;][vc_single_image image=&#8221;2763&#8243; img_size=&#8221;full&#8221; alignment=&#8221;center&#8221;][vc_column_text]<\/p>\n<h2 class=\"listTitle\" style=\"text-align: center;\">Inteligencja emocjonalna\/EQ<\/h2>\n<div class=\"stackWrap\">\n<p>Mierzona w pi\u0119ciu obszarach inteligencji interpersonalnej i intrapersonalnej, Inteligencja Emocjonalna (zwana tak\u017ce EQ) to zdolno\u015b\u0107 jednostki do wyczuwania, rozumienia i skutecznego stosowania w\u0142adzy i bystro\u015bci emocji w celu u\u0142atwienia wysokiego poziomu wsp\u00f3\u0142pracy i produktywno\u015bci.<\/p>\n<\/div>\n<p>[\/vc_column_text][vc_btn title=&#8221;READ MORE&#8221; color=&#8221;pink&#8221; align=&#8221;center&#8221; link=&#8221;url:https%3A%2F%2Fwww.ttisuccessinsights.hu%2Fpl%2Ffive-sciences%2Femotional-intelligence-eq%2F|title:Emotional%20Intelligence%2FEQ||&#8221;][\/vc_column][vc_column width=&#8221;1\/2&#8243;][\/vc_column][\/vc_row]<\/p>\n<\/div>","protected":false},"excerpt":{"rendered":"<p>[vc_row][vc_column][vc_column_text] Dokonujemy pomiar\u00f3w zgodnie z pi\u0119cioma naukami [\/vc_column_text][\/vc_column][vc_column width=&#8221;1\/2&#8243;][vc_single_image image=&#8221;2742&#8243; img_size=&#8221;full&#8221; alignment=&#8221;center&#8221;][vc_column_text] Zachowania\/DISC Mierzone w czterech proporcjach (DISC: dominacja, wp\u0142yw, stabilno\u015b\u0107 i zgodno\u015b\u0107), Zachowania ujawniaj\u0105, w jaki spos\u00f3b dana osoba b\u0119dzie dzia\u0142a\u0107, w tym jak\u0105 warto\u015b\u0107 wniesie do zespo\u0142u, jej idealne \u015brodowisko i mo\u017cliwe ograniczenia, z kt\u00f3rymi mo\u017ce si\u0119 spotka\u0107.[\/vc_column_text][vc_btn<span class=\"excerpt-hellip\"> [\u2026]<\/span><\/p>\n","protected":false},"author":1,"featured_media":0,"parent":0,"menu_order":0,"comment_status":"closed","ping_status":"closed","template":"","meta":{"inline_featured_image":false,"footnotes":""},"class_list":["post-661","page","type-page","status-publish","hentry"],"_links":{"self":[{"href":"https:\/\/www.ttisuccessinsights.hu\/pl\/wp-json\/wp\/v2\/pages\/661","targetHints":{"allow":["GET"]}}],"collection":[{"href":"https:\/\/www.ttisuccessinsights.hu\/pl\/wp-json\/wp\/v2\/pages"}],"about":[{"href":"https:\/\/www.ttisuccessinsights.hu\/pl\/wp-json\/wp\/v2\/types\/page"}],"author":[{"embeddable":true,"href":"https:\/\/www.ttisuccessinsights.hu\/pl\/wp-json\/wp\/v2\/users\/1"}],"replies":[{"embeddable":true,"href":"https:\/\/www.ttisuccessinsights.hu\/pl\/wp-json\/wp\/v2\/comments?post=661"}],"version-history":[{"count":7,"href":"https:\/\/www.ttisuccessinsights.hu\/pl\/wp-json\/wp\/v2\/pages\/661\/revisions"}],"predecessor-version":[{"id":2770,"href":"https:\/\/www.ttisuccessinsights.hu\/pl\/wp-json\/wp\/v2\/pages\/661\/revisions\/2770"}],"wp:attachment":[{"href":"https:\/\/www.ttisuccessinsights.hu\/pl\/wp-json\/wp\/v2\/media?parent=661"}],"curies":[{"name":"wp","href":"https:\/\/api.w.org\/{rel}","templated":true}]}}