{"id":583,"date":"2019-12-09T15:07:20","date_gmt":"2019-12-09T15:07:20","guid":{"rendered":"https:\/\/www.ttisuccessinsights.hu\/?page_id=583"},"modified":"2023-10-11T19:01:22","modified_gmt":"2023-10-11T19:01:22","slug":"our-solutions","status":"publish","type":"page","link":"https:\/\/www.ttisuccessinsights.hu\/pl\/our-solutions\/","title":{"rendered":"Nasze rozwi\u0105zania"},"content":{"rendered":"<div class=\"wpb-content-wrapper\"><p>[vc_row][vc_column width=&#8221;1\/3&#8243;][vc_column_text]<\/p>\n<h3><img loading=\"lazy\" decoding=\"async\" class=\"aligncenter\" src=\"https:\/\/www.ttisuccessinsights.hu\/wp-content\/uploads\/2019\/09\/Selection-Products.png\" alt=\"\" width=\"128\" height=\"128\" \/><\/h3>\n<h3 style=\"text-align: center;\">Wyb\u00f3r<\/h3>\n<p style=\"text-align: center;\">Przyci\u0105gnij i pozyskaj najlepszych pracownik\u00f3w dla Twojej firmy<\/p>\n<p>[\/vc_column_text][\/vc_column][vc_column width=&#8221;1\/3&#8243;][vc_column_text]<\/p>\n<h3><img loading=\"lazy\" decoding=\"async\" class=\"aligncenter\" src=\"https:\/\/www.ttisuccessinsights.hu\/wp-content\/uploads\/2019\/09\/Onboarding-Products.png\" alt=\"\" width=\"128\" height=\"128\" \/><\/h3>\n<h3 style=\"text-align: center;\">Onboarding<\/h3>\n<p style=\"text-align: center;\">Edukuj, integruj i szybko osi\u0105gaj cele z osobami, kt\u00f3re s\u0105 nowe w grupie<\/p>\n<p>[\/vc_column_text][\/vc_column][vc_column width=&#8221;1\/3&#8243;][vc_column_text]<\/p>\n<h3 style=\"text-align: center;\"><img loading=\"lazy\" decoding=\"async\" src=\"https:\/\/www.ttisuccessinsights.hu\/wp-content\/uploads\/2019\/09\/Coaching-Products.png\" alt=\"\" width=\"128\" height=\"128\" \/><\/h3>\n<h3 style=\"text-align: center;\">Coaching<\/h3>\n<div>\n<p style=\"text-align: center;\">Poprowad\u017a i wezprzyj ludzi w ich osobistej i zawodowej podr\u00f3\u017cy.<\/p>\n<\/div>\n<p>[\/vc_column_text][\/vc_column][\/vc_row][vc_row][vc_column width=&#8221;1\/3&#8243;][vc_column_text]<\/p>\n<h3><img loading=\"lazy\" decoding=\"async\" class=\"aligncenter\" src=\"https:\/\/www.ttisuccessinsights.hu\/wp-content\/uploads\/2019\/09\/Leadership_Development-Products.png\" alt=\"\" width=\"128\" height=\"128\" \/><\/h3>\n<h3 style=\"text-align: center;\">Przyw\u00f3dztwo i rozw\u00f3j talent\u00f3w<\/h3>\n<p style=\"text-align: center;\">Rozwijaj si\u0119 i osi\u0105gaj post\u0119py z lud\u017ami maj\u0105cych predyspozycje do przewodzenia innym.<\/p>\n<p>[\/vc_column_text][\/vc_column][vc_column width=&#8221;1\/3&#8243;][vc_column_text]<\/p>\n<div class=\"et_pb_module et_pb_text et_pb_text_4 iconRow et_pb_bg_layout_light et_pb_text_align_left\">\n<div class=\"et_pb_text_inner\">\n<div class=\"et_pb_module et_pb_text et_pb_text_10 iconRow et_pb_bg_layout_light et_pb_text_align_left\">\n<div class=\"et_pb_text_inner\">\n<h3><img loading=\"lazy\" decoding=\"async\" class=\"alignnone size-full wp-image-296 aligncenter\" src=\"https:\/\/www.ttisuccessinsights.hu\/wp-content\/uploads\/2019\/09\/Organizational_Development-Products.png\" alt=\"\" width=\"128\" height=\"128\" srcset=\"https:\/\/www.ttisuccessinsights.hu\/wp-content\/uploads\/2019\/09\/Organizational_Development-Products.png 128w, https:\/\/www.ttisuccessinsights.hu\/wp-content\/uploads\/2019\/09\/Organizational_Development-Products-50x50.png 50w, https:\/\/www.ttisuccessinsights.hu\/wp-content\/uploads\/2019\/09\/Organizational_Development-Products-75x75.png 75w, https:\/\/www.ttisuccessinsights.hu\/wp-content\/uploads\/2019\/09\/Organizational_Development-Products-85x85.png 85w, https:\/\/www.ttisuccessinsights.hu\/wp-content\/uploads\/2019\/09\/Organizational_Development-Products-80x80.png 80w\" sizes=\"auto, (max-width:767px) 128px, 128px\" \/><\/h3>\n<h3 style=\"text-align: center;\">Rozw\u00f3j organizacyjny<\/h3>\n<p style=\"text-align: center;\">Tw\u00f3rz do\u015bwiadczenia pracownik\u00f3w poprzez optymalizacj\u0119 dynamiki interpersonalnej<\/p>\n<\/div>\n<\/div>\n<\/div>\n<\/div>\n<p>[\/vc_column_text][\/vc_column][vc_column width=&#8221;1\/3&#8243;][vc_column_text]<\/p>\n<div class=\"et_pb_module et_pb_text et_pb_text_6 iconRow et_pb_bg_layout_light et_pb_text_align_left\">\n<div class=\"et_pb_text_inner\">\n<div class=\"et_pb_module et_pb_text et_pb_text_12 iconRow et_pb_bg_layout_light et_pb_text_align_left\">\n<div class=\"et_pb_text_inner\">\n<h3 style=\"text-align: center;\"><img loading=\"lazy\" decoding=\"async\" class=\"alignnone size-full wp-image-297\" src=\"https:\/\/www.ttisuccessinsights.hu\/wp-content\/uploads\/2019\/09\/Strategic_Planning-Products.png\" alt=\"\" width=\"128\" height=\"128\" srcset=\"https:\/\/www.ttisuccessinsights.hu\/wp-content\/uploads\/2019\/09\/Strategic_Planning-Products.png 128w, https:\/\/www.ttisuccessinsights.hu\/wp-content\/uploads\/2019\/09\/Strategic_Planning-Products-50x50.png 50w, https:\/\/www.ttisuccessinsights.hu\/wp-content\/uploads\/2019\/09\/Strategic_Planning-Products-75x75.png 75w, https:\/\/www.ttisuccessinsights.hu\/wp-content\/uploads\/2019\/09\/Strategic_Planning-Products-85x85.png 85w, https:\/\/www.ttisuccessinsights.hu\/wp-content\/uploads\/2019\/09\/Strategic_Planning-Products-80x80.png 80w\" sizes=\"auto, (max-width:767px) 128px, 128px\" \/><\/h3>\n<h3 style=\"text-align: center;\">Rozw\u00f3j organizacyjny<\/h3>\n<p style=\"text-align: center;\">Tw\u00f3rz do\u015bwiadczenia pracownik\u00f3w poprzez optymalizacj\u0119 dynamiki interpersonalnej<\/p>\n<\/div>\n<\/div>\n<\/div>\n<\/div>\n<p>[\/vc_column_text][\/vc_column][\/vc_row][vc_row][vc_column width=&#8221;1\/3&#8243;][vc_column_text]<\/p>\n<div class=\"et_pb_module et_pb_text et_pb_text_8 iconRow et_pb_bg_layout_light et_pb_text_align_left\">\n<div class=\"et_pb_text_inner\">\n<div class=\"et_pb_module et_pb_text et_pb_text_14 iconRow et_pb_bg_layout_light et_pb_text_align_left\">\n<div class=\"et_pb_text_inner\">\n<h3><img loading=\"lazy\" decoding=\"async\" class=\"alignnone size-full wp-image-298 aligncenter\" src=\"https:\/\/www.ttisuccessinsights.hu\/wp-content\/uploads\/2019\/09\/Team_Building-products.png\" alt=\"\" width=\"128\" height=\"128\" srcset=\"https:\/\/www.ttisuccessinsights.hu\/wp-content\/uploads\/2019\/09\/Team_Building-products.png 128w, https:\/\/www.ttisuccessinsights.hu\/wp-content\/uploads\/2019\/09\/Team_Building-products-50x50.png 50w, https:\/\/www.ttisuccessinsights.hu\/wp-content\/uploads\/2019\/09\/Team_Building-products-75x75.png 75w, https:\/\/www.ttisuccessinsights.hu\/wp-content\/uploads\/2019\/09\/Team_Building-products-85x85.png 85w, https:\/\/www.ttisuccessinsights.hu\/wp-content\/uploads\/2019\/09\/Team_Building-products-80x80.png 80w\" sizes=\"auto, (max-width:767px) 128px, 128px\" \/><\/h3>\n<h3 style=\"text-align: center;\">Budowanie zespo\u0142u<\/h3>\n<p style=\"text-align: center;\">Popraw dynamik\u0119 interpersonaln\u0105 mi\u0119dzy lud\u017ami w organizacji<\/p>\n<\/div>\n<\/div>\n<\/div>\n<\/div>\n<p>[\/vc_column_text][\/vc_column][vc_column width=&#8221;1\/3&#8243;][vc_column_text]<\/p>\n<div class=\"et_pb_module et_pb_text et_pb_text_4 iconRow et_pb_bg_layout_light et_pb_text_align_left\">\n<div class=\"et_pb_text_inner\">\n<div class=\"et_pb_module et_pb_text et_pb_text_10 iconRow et_pb_bg_layout_light et_pb_text_align_left\">\n<div class=\"et_pb_text_inner\">\n<div class=\"et_pb_module et_pb_text et_pb_text_16 iconRow et_pb_bg_layout_light et_pb_text_align_left\">\n<div class=\"et_pb_text_inner\">\n<h3><img loading=\"lazy\" decoding=\"async\" class=\"alignnone size-full wp-image-299 aligncenter\" src=\"https:\/\/www.ttisuccessinsights.hu\/wp-content\/uploads\/2019\/09\/Training-Products.png\" alt=\"\" width=\"128\" height=\"128\" srcset=\"https:\/\/www.ttisuccessinsights.hu\/wp-content\/uploads\/2019\/09\/Training-Products.png 128w, https:\/\/www.ttisuccessinsights.hu\/wp-content\/uploads\/2019\/09\/Training-Products-50x50.png 50w, https:\/\/www.ttisuccessinsights.hu\/wp-content\/uploads\/2019\/09\/Training-Products-75x75.png 75w, https:\/\/www.ttisuccessinsights.hu\/wp-content\/uploads\/2019\/09\/Training-Products-85x85.png 85w, https:\/\/www.ttisuccessinsights.hu\/wp-content\/uploads\/2019\/09\/Training-Products-80x80.png 80w\" sizes=\"auto, (max-width:767px) 128px, 128px\" \/><\/h3>\n<h3 style=\"text-align: center;\">Budowanie zespo\u0142u<\/h3>\n<p style=\"text-align: center;\">Popraw dynamik\u0119 interpersonaln\u0105 mi\u0119dzy lud\u017ami w organizacji<\/p>\n<\/div>\n<\/div>\n<\/div>\n<\/div>\n<\/div>\n<\/div>\n<p>[\/vc_column_text][\/vc_column][vc_column width=&#8221;1\/3&#8243;][vc_column_text]<\/p>\n<div class=\"et_pb_module et_pb_text et_pb_text_6 iconRow et_pb_bg_layout_light et_pb_text_align_left\">\n<div class=\"et_pb_text_inner\">\n<div class=\"et_pb_module et_pb_text et_pb_text_18 iconRow et_pb_bg_layout_light et_pb_text_align_left\">\n<div class=\"et_pb_text_inner\">\n<h3><img loading=\"lazy\" decoding=\"async\" class=\"alignnone size-full wp-image-300 aligncenter\" src=\"https:\/\/www.ttisuccessinsights.hu\/wp-content\/uploads\/2019\/09\/Train_the_Trainer-Products.png\" alt=\"\" width=\"128\" height=\"128\" srcset=\"https:\/\/www.ttisuccessinsights.hu\/wp-content\/uploads\/2019\/09\/Train_the_Trainer-Products.png 128w, https:\/\/www.ttisuccessinsights.hu\/wp-content\/uploads\/2019\/09\/Train_the_Trainer-Products-50x50.png 50w, https:\/\/www.ttisuccessinsights.hu\/wp-content\/uploads\/2019\/09\/Train_the_Trainer-Products-75x75.png 75w, https:\/\/www.ttisuccessinsights.hu\/wp-content\/uploads\/2019\/09\/Train_the_Trainer-Products-85x85.png 85w, https:\/\/www.ttisuccessinsights.hu\/wp-content\/uploads\/2019\/09\/Train_the_Trainer-Products-80x80.png 80w\" sizes=\"auto, (max-width:767px) 128px, 128px\" \/><\/h3>\n<h3 style=\"text-align: center;\">Szkolenie trener\u00f3w<\/h3>\n<p style=\"text-align: center;\">Ucz ludzi, jak instruowa\u0107 innych, aby wdra\u017cali nowe umiej\u0119tno\u015bci.<\/p>\n<\/div>\n<\/div>\n<\/div>\n<\/div>\n<p>[\/vc_column_text][\/vc_column][\/vc_row][vc_row disable_element=&#8221;yes&#8221;][vc_column width=&#8221;1\/2&#8243;][vc_single_image image=&#8221;139&#8243; img_size=&#8221;full&#8221; alignment=&#8221;center&#8221;][vc_column_text]<\/p>\n<h2 class=\"listTitle\" style=\"text-align: center;\">Benchmarking<\/h2>\n<div class=\"stackWrap\">\n<p>Our job-benchmarking process enables organizations to assess a specific job \u2014 not the person \u2014 and the qualifications required for candidates to be successful. From there, our tailored process can be used in selection and development to create better overall job fit, buy-in and vastly improve retention.<\/p>\n<\/div>\n<p>[\/vc_column_text][vc_btn title=&#8221;READ MORE&#8221; color=&#8221;pink&#8221; align=&#8221;center&#8221; link=&#8221;url:https%3A%2F%2Fwww.ttisuccessinsights.hu%2Four-solutions%2Fbenchmarking%2F|||&#8221;][\/vc_column][vc_column width=&#8221;1\/2&#8243;][vc_single_image image=&#8221;140&#8243; img_size=&#8221;full&#8221; alignment=&#8221;center&#8221;][vc_column_text]<\/p>\n<h2 class=\"listTitle\" style=\"text-align: center;\">Selection<\/h2>\n<div class=\"stackWrap\">\n<p>We believe superior performers are selected when the job is able to talk, and our selection process begins with an understanding of the intrinsic knowledge and key accountabilities needed to be successful in a specific job. To find the best talent, we recommend executing a streamlined process that measures an individual\u2019s Behaviors (DISC), Motivators, soft skill competencies for the job in question.<\/p>\n<\/div>\n<p>[\/vc_column_text][vc_btn title=&#8221;READ MORE&#8221; color=&#8221;pink&#8221; align=&#8221;center&#8221; link=&#8221;url:https%3A%2F%2Fwww.ttisuccessinsights.hu%2Four-solutions%2Fselection%2F|||&#8221;][\/vc_column][\/vc_row][vc_row disable_element=&#8221;yes&#8221;][vc_column width=&#8221;1\/2&#8243;][vc_single_image image=&#8221;141&#8243; img_size=&#8221;full&#8221; alignment=&#8221;center&#8221;][vc_column_text]<\/p>\n<h2 class=\"listTitle\" style=\"text-align: center;\">Onboarding<\/h2>\n<div class=\"stackWrap\">\n<p>Successful onboarding leads to higher job satisfaction, better job performance, greater organizational commitment and reduction in stress. Onboarding can\u2019t be limited to one day\u2019s worth of learning, team building and engagement; rather, this process needs to be ongoing throughout the first several months of the employee\u2019s start date to ensure workplace readiness and buy-in from all parties.<\/p>\n<\/div>\n<p>[\/vc_column_text][vc_btn title=&#8221;READ MORE&#8221; color=&#8221;pink&#8221; align=&#8221;center&#8221; link=&#8221;url:https%3A%2F%2Fwww.ttisuccessinsights.hu%2Four-solutions%2Fonboarding%2F|||&#8221;][\/vc_column][vc_column width=&#8221;1\/2&#8243;][vc_single_image image=&#8221;142&#8243; img_size=&#8221;full&#8221; alignment=&#8221;center&#8221;][vc_column_text]<\/p>\n<h2 class=\"listTitle\" style=\"text-align: center;\">Development<\/h2>\n<div class=\"stackWrap\">\n<p>Growth and advancement on the part of employees and the organization occurs when business strategies align to fuel a culture of innovation. Those organizations that foster a culture of continuous learning find that developing knowledge-seeking talent pays tremendous dividends in gaining a competitive edge in the marketplace.<\/p>\n<\/div>\n<p>[\/vc_column_text][vc_btn title=&#8221;READ MORE&#8221; color=&#8221;pink&#8221; align=&#8221;center&#8221; link=&#8221;url:https%3A%2F%2Fwww.ttisuccessinsights.hu%2Four-solutions%2Fdevelopment%2F|||&#8221;][\/vc_column][\/vc_row][vc_row disable_element=&#8221;yes&#8221;][vc_column width=&#8221;1\/2&#8243;][vc_single_image image=&#8221;143&#8243; img_size=&#8221;full&#8221; alignment=&#8221;center&#8221;][vc_column_text]<\/p>\n<h2 class=\"listTitle\" style=\"text-align: center;\">Executive Coaching<\/h2>\n<div class=\"stackWrap\">\n<p>At its core, executive coaching is designed to help facilitate professional and personal development to improve employee performance, growth and satisfaction. Coaches must have a strong understanding of workplace differences, as well as the ability to adapt their coaching style and strategies to establish influence and an incentivized experience. This action will further an organization\u2019s performance going forward.<\/p>\n<\/div>\n<p>[\/vc_column_text][vc_btn title=&#8221;READ MORE&#8221; color=&#8221;pink&#8221; align=&#8221;center&#8221; link=&#8221;url:https%3A%2F%2Fwww.ttisuccessinsights.hu%2Four-solutions%2Fexecutive-coaching%2F|||&#8221;][\/vc_column][vc_column width=&#8221;1\/2&#8243;][\/vc_column][\/vc_row][vc_row][vc_column][vc_single_image image=&#8221;330&#8243; img_size=&#8221;full&#8221; alignment=&#8221;center&#8221;][\/vc_column][\/vc_row]<\/p>\n<\/div>","protected":false},"excerpt":{"rendered":"<p>[vc_row][vc_column width=&#8221;1\/3&#8243;][vc_column_text] Wyb\u00f3r Przyci\u0105gnij i pozyskaj najlepszych pracownik\u00f3w dla Twojej firmy [\/vc_column_text][\/vc_column][vc_column width=&#8221;1\/3&#8243;][vc_column_text] Onboarding Edukuj, integruj i szybko osi\u0105gaj cele z osobami, kt\u00f3re s\u0105 nowe w grupie [\/vc_column_text][\/vc_column][vc_column width=&#8221;1\/3&#8243;][vc_column_text] Coaching Poprowad\u017a i wezprzyj ludzi w ich osobistej i zawodowej podr\u00f3\u017cy. [\/vc_column_text][\/vc_column][\/vc_row][vc_row][vc_column width=&#8221;1\/3&#8243;][vc_column_text] Przyw\u00f3dztwo i rozw\u00f3j talent\u00f3w Rozwijaj si\u0119 i osi\u0105gaj<span class=\"excerpt-hellip\"> [\u2026]<\/span><\/p>\n","protected":false},"author":1,"featured_media":0,"parent":0,"menu_order":0,"comment_status":"closed","ping_status":"closed","template":"","meta":{"inline_featured_image":false,"footnotes":""},"class_list":["post-583","page","type-page","status-publish","hentry"],"_links":{"self":[{"href":"https:\/\/www.ttisuccessinsights.hu\/pl\/wp-json\/wp\/v2\/pages\/583","targetHints":{"allow":["GET"]}}],"collection":[{"href":"https:\/\/www.ttisuccessinsights.hu\/pl\/wp-json\/wp\/v2\/pages"}],"about":[{"href":"https:\/\/www.ttisuccessinsights.hu\/pl\/wp-json\/wp\/v2\/types\/page"}],"author":[{"embeddable":true,"href":"https:\/\/www.ttisuccessinsights.hu\/pl\/wp-json\/wp\/v2\/users\/1"}],"replies":[{"embeddable":true,"href":"https:\/\/www.ttisuccessinsights.hu\/pl\/wp-json\/wp\/v2\/comments?post=583"}],"version-history":[{"count":4,"href":"https:\/\/www.ttisuccessinsights.hu\/pl\/wp-json\/wp\/v2\/pages\/583\/revisions"}],"predecessor-version":[{"id":2131,"href":"https:\/\/www.ttisuccessinsights.hu\/pl\/wp-json\/wp\/v2\/pages\/583\/revisions\/2131"}],"wp:attachment":[{"href":"https:\/\/www.ttisuccessinsights.hu\/pl\/wp-json\/wp\/v2\/media?parent=583"}],"curies":[{"name":"wp","href":"https:\/\/api.w.org\/{rel}","templated":true}]}}