{"id":362,"date":"2019-05-02T15:41:32","date_gmt":"2019-05-02T15:41:32","guid":{"rendered":"https:\/\/www.ttisuccessinsights.hu\/?page_id=362"},"modified":"2023-10-11T18:41:24","modified_gmt":"2023-10-11T18:41:24","slug":"fooldal","status":"publish","type":"page","link":"https:\/\/www.ttisuccessinsights.hu\/pl\/","title":{"rendered":"Strona g\u0142\u00f3wna"},"content":{"rendered":"<div class=\"wpb-content-wrapper\"><p>[vc_row full_width=&#8221;stretch_row&#8221; equal_height=&#8221;yes&#8221; content_placement=&#8221;middle&#8221; css=&#8221;.vc_custom_1557074019843{margin-top: 30px !important;}&#8221;][vc_column width=&#8221;1\/2&#8243;][vc_single_image image=&#8221;180&#8243; img_size=&#8221;full&#8221; alignment=&#8221;center&#8221; css_animation=&#8221;fadeIn&#8221;][\/vc_column][vc_column width=&#8221;1\/2&#8243;]<div class=\"ult-animation  ult-animate-viewport  ult-no-mobile \" data-animate=\"slideInUp\" data-animation-delay=\"0\" data-animation-duration=\"2\" data-animation-iteration=\"1\" style=\"opacity:0;\" data-opacity_start_effect=\"\">[vc_column_text]<\/p>\n<h2>O nas<\/h2>\n<p>[\/vc_column_text]<\/div>[vc_column_text]Wierzymy, \u017ce wszyscy ludzie posiadaj\u0105 wyj\u0105tkowe talenty i umiej\u0119tno\u015bci, kt\u00f3rych cz\u0119sto nie s\u0105 \u015bwiadomi. Istniejemy po to, aby odkrywa\u0107 i wykorzystywa\u0107 te talenty.<\/p>\n<p>Od ponad 30 lat tworzymy oceny behawioralne, kt\u00f3re pomagaj\u0105 liderom umieszcza\u0107 ludzi na w\u0142a\u015bciwych stanowiskach, rozwija\u0107 talenty i budowa\u0107 zwyci\u0119skie zespo\u0142y.<\/p>\n<p>Jeste\u015bmy zaanga\u017cowani w ci\u0105g\u0142e badania. Opieramy nasze badania na pi\u0119ciu naukach spo\u0142ecznych i naukach o funkcjonowaniu m\u00f3zgu i posiadamy globaln\u0105 sie\u0107 ponad 7000 partner\u00f3w.[\/vc_column_text][\/vc_column][\/vc_row][vc_row full_width=&#8221;stretch_row&#8221; css_animation=&#8221;fadeIn&#8221; css=&#8221;.vc_custom_1569846672081{margin-top: 30px !important;}&#8221;][vc_column width=&#8221;1\/4&#8243;][vc_single_image image=&#8221;258&#8243; img_size=&#8221;full&#8221; alignment=&#8221;center&#8221;][vc_column_text el_class=&#8221;fel35&#8243;]<\/p>\n<h3 style=\"text-align: center;\">Odkrywanie<\/h3>\n<p style=\"text-align: center;\">Nasz opatentowany proces analizy por\u00f3wnawczej stanowisk i najnowocze\u015bniejsze oceny pomagaj\u0105 odkry\u0107 odpowiednie talenty, kt\u00f3re nap\u0119dzaj\u0105 doskona\u0142o\u015b\u0107 organizacyjn\u0105 i osobist\u0105.<\/p>\n<p>[\/vc_column_text][\/vc_column][vc_column width=&#8221;1\/4&#8243;][vc_single_image image=&#8221;260&#8243; img_size=&#8221;full&#8221; alignment=&#8221;center&#8221;][vc_column_text el_class=&#8221;fel35&#8243;]<\/p>\n<h3 style=\"text-align: center;\">Zaanga\u017cowanie<\/h3>\n<p style=\"text-align: center;\">Nasze oceny \u00a0zosta\u0142y zaprojektowane w celu zaanga\u017cowania ludzi na najg\u0142\u0119bszym poziomie. Dzi\u0119ki 5 Naukom Wydajno\u015bci dostarczamy g\u0142\u0119bszego wgl\u0105du ni\u017c inne badania.<\/p>\n<p>[\/vc_column_text][\/vc_column][vc_column width=&#8221;1\/4&#8243;][vc_single_image image=&#8221;262&#8243; img_size=&#8221;full&#8221; alignment=&#8221;center&#8221;][vc_column_text el_class=&#8221;fel35&#8243;]<\/p>\n<h3 style=\"text-align: center;\">Rozw\u00f3j<\/h3>\n<p style=\"text-align: center;\">Nasze oceny pozwalaj\u0105 ludziom wykorzysta\u0107 g\u0142\u0119bszy wgl\u0105d, aby pom\u00f3c jednostkom i organizacjom osi\u0105gn\u0105\u0107 wy\u017cszy poziom zaanga\u017cowania, satysfakcji i efektywno\u015bci.<\/p>\n<p>[\/vc_column_text][\/vc_column][vc_column width=&#8221;1\/4&#8243;][vc_single_image image=&#8221;261&#8243; img_size=&#8221;full&#8221; alignment=&#8221;center&#8221;][vc_column_text el_class=&#8221;fel35&#8243;]<\/p>\n<h3 style=\"text-align: center;\">Wydajno\u015b\u0107<\/h3>\n<p style=\"text-align: center;\">Nasze oceny pomagaj\u0105 osobom i organizacjom osi\u0105ga\u0107 najlepsze wyniki poprzez zrozumienie i zastosowanie unikalnych talent\u00f3w, kt\u00f3re posiadaj\u0105.<\/p>\n<p>[\/vc_column_text][\/vc_column][\/vc_row][vc_row][vc_column css=&#8221;.vc_custom_1614296630611{margin-bottom: 30px !important;}&#8221;][vc_column_text css=&#8221;.vc_custom_1697049264685{margin-top: 50px !important;}&#8221;]<\/p>\n<div class=\"et_pb_module et_pb_text et_pb_text_20 et_pb_bg_layout_light et_pb_text_align_left et_had_animation\">\n<div class=\"et_pb_text_inner\">\n<h2 style=\"text-align: center;\">Narz\u0119dzia, kt\u00f3re pomagaj\u0105 Twoim pracownikom<\/h2>\n<h3 style=\"text-align: center;\">Dostarczamy znacz\u0105ce narz\u0119dzia do rozwi\u0105zywania niekt\u00f3rych najwi\u0119kszych problem\u00f3w zwi\u0105zanych z personelem w organizacjach.<\/h3>\n<\/div>\n<\/div>\n<p>[\/vc_column_text][\/vc_column][vc_column width=&#8221;1\/3&#8243;][vc_column_text]<\/p>\n<h4 style=\"text-align: center;\">Oceny<\/h4>\n<p style=\"text-align: center;\">Ankiety online, kt\u00f3re rejestruj\u0105 unikalne kombinacje respondent\u00f3w na seri\u0119 pyta\u0144 i stwierdze\u0144.<\/p>\n<p>[\/vc_column_text][\/vc_column][vc_column width=&#8221;1\/3&#8243;][vc_column_text]<\/p>\n<h4 style=\"text-align: center;\">Raporty<\/h4>\n<p style=\"text-align: center;\">Narracje, grafiki i \/ lub tabele skonsolidowane w dokumencie wygenerowanym na podstawie indywidualnych odpowiedzi na oceny.<\/p>\n<p>[\/vc_column_text][\/vc_column][vc_column width=&#8221;1\/3&#8243;][vc_column_text]<\/p>\n<h4 style=\"text-align: center;\">Systemy<\/h4>\n<p style=\"text-align: center;\">Technologia i platformy, kt\u00f3re umo\u017cliwiaj\u0105 zarz\u0105dzanie ocenami, raportami i procesami dla os\u00f3b i zespo\u0142\u00f3w zgodnie z RODO i innymi standardami regulacyjnymi.<\/p>\n<p>[\/vc_column_text][\/vc_column][\/vc_row][vc_row][vc_column][vc_column_text]<\/p>\n<h3 style=\"text-align: center;\">Co kryje si\u0119 za naszymi narz\u0119dziami<\/h3>\n<p>[\/vc_column_text][\/vc_column][vc_column width=&#8221;1\/3&#8243;][vc_single_image image=&#8221;239&#8243; img_size=&#8221;full&#8221; alignment=&#8221;center&#8221;][vc_column_text]<\/p>\n<div class=\"et_pb_module et_pb_text et_pb_text_25 productHeader et_pb_bg_layout_light et_pb_text_align_left\">\n<div class=\"et_pb_text_inner\">\n<h4 style=\"text-align: center;\">Zachowania<\/h4>\n<p style=\"text-align: center;\">Mierzony w czterech wymiarach (Dominacja, Wp\u0142yw, Stabilno\u015b\u0107 i Zgodno\u015b\u0107), DISC mierzy preferencje dzia\u0142ania danej osoby, ujawniaj\u0105c, jak dana osoba b\u0119dzie si\u0119 zachowywa\u0107.<\/p>\n<\/div>\n<\/div>\n<p>[\/vc_column_text][\/vc_column][vc_column width=&#8221;1\/3&#8243;][vc_single_image image=&#8221;240&#8243; img_size=&#8221;full&#8221; alignment=&#8221;center&#8221;][vc_column_text]<\/p>\n<div class=\"et_pb_module et_pb_text et_pb_text_26 productHeader et_pb_bg_layout_light et_pb_text_align_left\">\n<div class=\"et_pb_text_inner\">\n<h4 style=\"text-align: center;\">Si\u0142y nap\u0119dowe<\/h4>\n<p style=\"text-align: center;\">Odkryj, co motywuje i anga\u017cuje dan\u0105 osob\u0119, badaj\u0105c sze\u015b\u0107 unikalnych kontinuum: wiedz\u0119, u\u017cyteczno\u015b\u0107, otoczenie, innych, w\u0142adz\u0119 i metodologie.<\/p>\n<\/div>\n<\/div>\n<p>[\/vc_column_text][\/vc_column][vc_column width=&#8221;1\/3&#8243;][vc_single_image image=&#8221;241&#8243; img_size=&#8221;full&#8221; alignment=&#8221;center&#8221;][vc_column_text]<\/p>\n<div class=\"et_pb_module et_pb_text et_pb_text_27 productHeader et_pb_bg_layout_light et_pb_text_align_left\">\n<div class=\"et_pb_text_inner\">\n<h4 style=\"text-align: center;\">Umiej\u0119tno\u015bci mi\u0119kkie<\/h4>\n<p style=\"text-align: center;\">Zbadaj 25 unikalnych umiej\u0119tno\u015bci osobistych, kt\u00f3re identyfikuj\u0105, kt\u00f3re umiej\u0119tno\u015bci zosta\u0142y najlepiej rozwini\u0119te, zapewniaj\u0105c prognoz\u0119 jego mocnych i s\u0142abych stron w przysz\u0142o\u015bci.<\/p>\n<\/div>\n<\/div>\n<p>[\/vc_column_text][\/vc_column][\/vc_row][vc_row][vc_column width=&#8221;1\/3&#8243;][vc_single_image image=&#8221;242&#8243; img_size=&#8221;full&#8221; alignment=&#8221;center&#8221;][vc_column_text]<\/p>\n<div class=\"et_pb_module et_pb_text et_pb_text_25 productHeader et_pb_bg_layout_light et_pb_text_align_left\">\n<div class=\"et_pb_text_inner\">\n<div class=\"et_pb_module et_pb_text et_pb_text_28 productHeader et_pb_bg_layout_light et_pb_text_align_left\">\n<div class=\"et_pb_text_inner\">\n<h4 style=\"text-align: center;\">Inteligencja emocjonalna<\/h4>\n<p style=\"text-align: center;\">Zrozumienie zdolno\u015bci danej osoby do wyczuwania, rozumienia i regulowania siebie i sytuacji spo\u0142ecznych, kt\u00f3re umo\u017cliwiaj\u0105 wysoki poziom wsp\u00f3\u0142pracy i produktywno\u015bci.<\/p>\n<\/div>\n<\/div>\n<\/div>\n<\/div>\n<p>[\/vc_column_text][\/vc_column][vc_column width=&#8221;1\/3&#8243;][vc_single_image image=&#8221;243&#8243; img_size=&#8221;full&#8221; alignment=&#8221;center&#8221;][vc_column_text]<\/p>\n<div class=\"et_pb_module et_pb_text et_pb_text_26 productHeader et_pb_bg_layout_light et_pb_text_align_left\">\n<div class=\"et_pb_text_inner\">\n<div class=\"et_pb_module et_pb_text et_pb_text_29 productHeader et_pb_bg_layout_light et_pb_text_align_left\">\n<div class=\"et_pb_text_inner\" style=\"text-align: center;\">\n<h4>Acumen<\/h4>\n<p>Zidentyfikuj spos\u00f3b my\u015blenia danej osoby w trzech wymiarach: uczucia, dzia\u0142ania i my\u015blenia.<\/p>\n<\/div>\n<\/div>\n<\/div>\n<\/div>\n<p>[\/vc_column_text][\/vc_column][vc_column width=&#8221;1\/3&#8243;][vc_single_image image=&#8221;244&#8243; img_size=&#8221;full&#8221; alignment=&#8221;center&#8221;][vc_column_text]<\/p>\n<div class=\"et_pb_module et_pb_text et_pb_text_27 productHeader et_pb_bg_layout_light et_pb_text_align_left\">\n<div class=\"et_pb_text_inner\">\n<div class=\"et_pb_module et_pb_text et_pb_text_30 productHeader et_pb_bg_layout_light et_pb_text_align_left\">\n<div class=\"et_pb_text_inner\">\n<h4 style=\"text-align: center;\">Nasze najpopularniejsze narz\u0119dzia<\/h4>\n<ul>\n<li><a href=\"https:\/\/www.ttisuccessinsights.hu\/pl\/our-products\/talent-insights\/\">Talent Insights\u00ae<\/a><\/li>\n<li><a href=\"https:\/\/www.ttisuccessinsights.hu\/pl\/our-products\/trimetrix-dna\/\">TriMetrix \u00ae DNA<\/a><\/li>\n<li><a href=\"https:\/\/www.ttisuccessinsights.hu\/pl\/our-products\/trimetrixhd\/\">TriMetrix\u00aeHD<\/a><\/li>\n<li><a href=\"https:\/\/www.ttisuccessinsights.hu\/pl\/our-products\/emotional-quotient\/\">Emotional Quotient&#x2122;\u00ae<\/a><\/li>\n<\/ul>\n<\/div>\n<\/div>\n<\/div>\n<\/div>\n<p>[\/vc_column_text][\/vc_column][\/vc_row][vc_row full_width=&#8221;stretch_row&#8221; bg_type=&#8221;image&#8221; parallax_style=&#8221;vcpb-vz-jquery&#8221; bg_image_new=&#8221;id^1874|url^https:\/\/www.ttisuccessinsights.hu\/wp-content\/uploads\/2021\/02\/ttisi-background1-scaled-1.jpg|caption^null|alt^null|title^ttisi-background1-scaled-1|description^null&#8221; el_class=&#8221;why&#8221;][vc_column]<div class=\"ult-animation  ult-animate-viewport  ult-no-mobile \" data-animate=\"fadeIn\" data-animation-delay=\"0\" data-animation-duration=\"2\" data-animation-iteration=\"1\" style=\"opacity:0;\" data-opacity_start_effect=\"\">[vc_column_text]<\/p>\n<h2 style=\"text-align: center;\">Dlaczego TTI?<\/h2>\n<p>[\/vc_column_text]<\/div>[vc_column_text]<\/p>\n<h3 style=\"text-align: center;\">Najlepszy w swojej klasie z natychmiastowym wp\u0142ywem<\/h3>\n<h4 style=\"text-align: center;\">Oceny oparte na badaniach naukowych, szczeg\u00f3\u0142owe raporty, kt\u00f3re integruj\u0105 zachowania i czynnik\u00f3w motywuj\u0105cych, a tak\u017ce EQ, umiej\u0119tno\u015bci, przenikliwo\u015b\u0107 i plany dzia\u0142ania.<\/h4>\n<p>[\/vc_column_text][\/vc_column][vc_column width=&#8221;1\/3&#8243;]<div class=\"stats-block stats-top  \"><div class=\"aio-icon-top\"><div class=\"ult-just-icon-wrapper  \"><div class=\"align-icon\" style=\"text-align:center;\">\n<div class=\"aio-icon none \"  style=\"color:#333333;font-size:32px;display:inline-block;\">\n\t<i class=\"none\"><\/i>\n<\/div><\/div><\/div><\/div><div class=\"stats-desc\" id=\"counter-responsv-wrap-3723\"><div id=\"counter_177945120169d96c90e4035\" data-id=\"counter_177945120169d96c90e4035\"  data-ultimate-target='#counter-responsv-wrap-3723 .stats-number'  data-responsive-json-new='{\"font-size\":\"desktop:100px;\",\"line-height\":\"\"}'  class=\"stats-number ult-responsive\" style=\" color:#222222; font-weight:bold;color:#222222;\" data-speed=\"3\" data-counter-value=\"30\" data-separator=\",\" data-decimal=\".\">0<\/div><div id=\"title-counter_177945120169d96c90e4035\"  data-ultimate-target='#counter-responsv-wrap-3723 .stats-text'  data-responsive-json-new='{\"font-size\":\"\",\"line-height\":\"\"}'  class=\"stats-text ult-responsive\" style=\"font-size:18px; color:#222222; \"><\/div><\/div><\/div>[vc_column_text]<\/p>\n<h4 style=\"text-align: center;\">Ponad 30 milion\u00f3w ocen przeprowadzonych na ca\u0142ym \u015bwiecie.<\/h4>\n<p>[\/vc_column_text][\/vc_column][vc_column width=&#8221;1\/3&#8243;]<div class=\"stats-block stats-top  \"><div class=\"aio-icon-top\"><div class=\"ult-just-icon-wrapper  \"><div class=\"align-icon\" style=\"text-align:center;\">\n<div class=\"aio-icon none \"  style=\"color:#333333;font-size:32px;display:inline-block;\">\n\t<i class=\"none\"><\/i>\n<\/div><\/div><\/div><\/div><div class=\"stats-desc\" id=\"counter-responsv-wrap-2807\"><div id=\"counter_226910592969d96c90e40ae\" data-id=\"counter_226910592969d96c90e40ae\"  data-ultimate-target='#counter-responsv-wrap-2807 .stats-number'  data-responsive-json-new='{\"font-size\":\"desktop:100px;\",\"line-height\":\"\"}'  class=\"stats-number ult-responsive\" style=\" color:#222222; font-weight:bold;color:#222222;\" data-speed=\"3\" data-counter-value=\"48\" data-separator=\",\" data-decimal=\".\">0<\/div><div id=\"title-counter_226910592969d96c90e40ae\"  data-ultimate-target='#counter-responsv-wrap-2807 .stats-text'  data-responsive-json-new='{\"font-size\":\"\",\"line-height\":\"\"}'  class=\"stats-text ult-responsive\" style=\"font-size:18px; color:#222222; \"><\/div><\/div><\/div>[vc_column_text]<\/p>\n<h4 style=\"text-align: center;\">Oceny dystrybuowane w 115 krajach i 48 j\u0119zykach.<\/h4>\n<p>[\/vc_column_text][\/vc_column][vc_column width=&#8221;1\/3&#8243;]<div class=\"stats-block stats-top  \"><div class=\"aio-icon-top\"><div class=\"ult-just-icon-wrapper  \"><div class=\"align-icon\" style=\"text-align:center;\">\n<div class=\"aio-icon none \"  style=\"color:#333333;font-size:32px;display:inline-block;\">\n\t<i class=\"none\"><\/i>\n<\/div><\/div><\/div><\/div><div class=\"stats-desc\" id=\"counter-responsv-wrap-7291\"><div id=\"counter_409861115369d96c90e4105\" data-id=\"counter_409861115369d96c90e4105\"  data-ultimate-target='#counter-responsv-wrap-7291 .stats-number'  data-responsive-json-new='{\"font-size\":\"desktop:100px;\",\"line-height\":\"\"}'  class=\"stats-number ult-responsive\" style=\" color:#222222; font-weight:bold;color:#222222;\" data-speed=\"3\" data-counter-value=\"65\" data-separator=\",\" data-decimal=\".\">0<\/div><div id=\"title-counter_409861115369d96c90e4105\"  data-ultimate-target='#counter-responsv-wrap-7291 .stats-text'  data-responsive-json-new='{\"font-size\":\"\",\"line-height\":\"\"}'  class=\"stats-text ult-responsive\" style=\"font-size:18px; color:#222222; \"><\/div><\/div><\/div>[vc_column_text]<\/p>\n<h4 style=\"text-align: center;\">Nasza sie\u0107 jest bezpo\u015brednio obecna w 65 krajach na ca\u0142ym \u015bwiecie.<\/h4>\n<p>[\/vc_column_text][\/vc_column][\/vc_row][vc_row full_width=&#8221;stretch_row&#8221; gap=&#8221;15&#8243; equal_height=&#8221;yes&#8221;][vc_column][vc_column_text]<\/p>\n<h2 style=\"text-align: center;\">Co nasi klienci i dystrybutorzy m\u00f3wi\u0105 o naszych produktach i us\u0142ugach?<\/h2>\n<p>[\/vc_column_text][\/vc_column][vc_column width=&#8221;1\/4&#8243; css=&#8221;.vc_custom_1558547804972{background-color: #f2f2f2 !important;}&#8221;][vc_column_text]<em><img loading=\"lazy\" decoding=\"async\" class=\"alignnone wp-image-172\" src=\"https:\/\/www.ttisuccessinsights.hu\/wp-content\/uploads\/2019\/05\/quote-graphic-coral.png\" alt=\"\" width=\"30\" height=\"23\" \/><\/em>TTI przeprowadza doskona\u0142e badania, reaguje na moje potrzeby i pytania, daje mi poczucie bezpiecze\u0144stwa co do produkt\u00f3w, zapewnia szerokie mo\u017cliwo\u015bci uczenia si\u0119 i zatrudnia kompetentnych pracownik\u00f3w.\u00a0<em><img loading=\"lazy\" decoding=\"async\" class=\"alignnone wp-image-172\" src=\"https:\/\/www.ttisuccessinsights.hu\/wp-content\/uploads\/2019\/05\/quote-graphic-coral.png\" alt=\"\" width=\"30\" height=\"23\" \/><\/em>[\/vc_column_text][\/vc_column][vc_column width=&#8221;1\/4&#8243; css=&#8221;.vc_custom_1558547809271{background-color: #f2f2f2 !important;}&#8221;][vc_column_text]<em><img loading=\"lazy\" decoding=\"async\" class=\"alignnone wp-image-172\" src=\"https:\/\/www.ttisuccessinsights.hu\/wp-content\/uploads\/2019\/05\/quote-graphic-coral.png\" alt=\"\" width=\"30\" height=\"23\" \/><\/em>TTI konsekwentnie produkuje oceny, kt\u00f3re maj\u0105 sens i s\u0105 bardzo przydatne na rynku. Narz\u0119dzia te sta\u0142y si\u0119 podstaw\u0105 naszego podej\u015bcia do rozwi\u0105zywania problem\u00f3w klient\u00f3w.<em>\u00a0<img loading=\"lazy\" decoding=\"async\" class=\"alignnone wp-image-172\" src=\"https:\/\/www.ttisuccessinsights.hu\/wp-content\/uploads\/2019\/05\/quote-graphic-coral.png\" alt=\"\" width=\"30\" height=\"23\" \/><\/em>[\/vc_column_text][\/vc_column][vc_column width=&#8221;1\/4&#8243; css=&#8221;.vc_custom_1558547814703{background-color: #f2f2f2 !important;}&#8221;][vc_column_text]<em><img loading=\"lazy\" decoding=\"async\" class=\"alignnone wp-image-172\" src=\"https:\/\/www.ttisuccessinsights.hu\/wp-content\/uploads\/2019\/05\/quote-graphic-coral.png\" alt=\"\" width=\"30\" height=\"23\" \/><\/em>Produkty TTI s\u0105 wszechstronne, dobrze napisane i \u0142atwe do zrozumienia. Uwa\u017cam, \u017ce s\u0105 to najbardziej przyjazne dla u\u017cytkownika produkty na rynku.<em>\u00a0<img loading=\"lazy\" decoding=\"async\" class=\"alignnone wp-image-172\" src=\"https:\/\/www.ttisuccessinsights.hu\/wp-content\/uploads\/2019\/05\/quote-graphic-coral.png\" alt=\"\" width=\"30\" height=\"23\" \/><\/em>[\/vc_column_text][\/vc_column][vc_column width=&#8221;1\/4&#8243; css=&#8221;.vc_custom_1558547819592{background-color: #f2f2f2 !important;}&#8221;][vc_column_text]<em><img loading=\"lazy\" decoding=\"async\" class=\"alignnone wp-image-172\" src=\"https:\/\/www.ttisuccessinsights.hu\/wp-content\/uploads\/2019\/05\/quote-graphic-coral.png\" alt=\"\" width=\"30\" height=\"23\" \/><\/em>Firma TTI zawsze by\u0142a bardzo pomocna we wszystkim, czego potrzebowa\u0142em. Za ka\u017cdym razem, gdy potrzebowa\u0142em pomocy, otrzymywa\u0142em mi\u0142\u0105 i uprzejm\u0105 obs\u0142ug\u0119. Jako w\u0142a\u015bciciel ma\u0142ej firmy bardzo sobie to ceni\u0119.<em><img loading=\"lazy\" decoding=\"async\" class=\"alignnone wp-image-172\" src=\"https:\/\/www.ttisuccessinsights.hu\/wp-content\/uploads\/2019\/05\/quote-graphic-coral.png\" alt=\"\" width=\"30\" height=\"23\" \/><\/em>[\/vc_column_text][\/vc_column][vc_column]<div id=\"ult-carousel-65303813169d96c90e41e0\" class=\"ult-carousel-wrapper   ult_horizontal\" data-gutter=\"15\" data-rtl=\"false\" ><div class=\"ult-carousel-160608244869d96c90e414a \" >[vc_single_image image=&#8221;1811&#8243; img_size=&#8221;full&#8221;][vc_single_image image=&#8221;1818&#8243; img_size=&#8221;full&#8221;][vc_single_image image=&#8221;1825&#8243; img_size=&#8221;full&#8221;][vc_single_image image=&#8221;1839&#8243; img_size=&#8221;full&#8221;][vc_single_image image=&#8221;1832&#8243; img_size=&#8221;full&#8221;][vc_single_image image=&#8221;1846&#8243; img_size=&#8221;full&#8221;]<\/div><\/div>\t\t\t<script type=\"text\/javascript\">\n\t\t\t\tjQuery(document).ready(function ($) {\n\t\t\t\t\tif( typeof jQuery('.ult-carousel-160608244869d96c90e414a').slick == \"function\"){\n\t\t\t\t\t\t$('.ult-carousel-160608244869d96c90e414a').slick({dots: false,autoplay: true,autoplaySpeed: \"3000\",speed: \"400\",infinite: true,arrows: false,slidesToScroll:1,slidesToShow:5,swipe: true,draggable: true,touchMove: true,pauseOnHover: true,pauseOnFocus: false,responsive: [\n\t\t\t\t\t\t\t{\n\t\t\t\t\t\t\t  breakpoint: 1026,\n\t\t\t\t\t\t\t  settings: {\n\t\t\t\t\t\t\t\tslidesToShow: 5,\n\t\t\t\t\t\t\t\tslidesToScroll: 1,  \n\t\t\t\t\t\t\t  }\n\t\t\t\t\t\t\t},\n\t\t\t\t\t\t\t{\n\t\t\t\t\t\t\t  breakpoint: 1025,\n\t\t\t\t\t\t\t  settings: {\n\t\t\t\t\t\t\t\tslidesToShow: 3,\n\t\t\t\t\t\t\t\tslidesToScroll: 1\n\t\t\t\t\t\t\t  }\n\t\t\t\t\t\t\t},\n\t\t\t\t\t\t\t{\n\t\t\t\t\t\t\t  breakpoint: 760,\n\t\t\t\t\t\t\t  settings: {\n\t\t\t\t\t\t\t\tslidesToShow: 2,\n\t\t\t\t\t\t\t\tslidesToScroll: 1\n\t\t\t\t\t\t\t  }\n\t\t\t\t\t\t\t}\n\t\t\t\t\t\t],pauseOnDotsHover: true,customPaging: function(slider, i) {\n                   return '<i type=\"button\" style= \"color:#333333;\" class=\"ultsl-record\" data-role=\"none\"><\/i>';\n                },});\n\t\t\t\t\t}\n\t\t\t\t});\n\t\t\t<\/script>\n\t\t\t[\/vc_column][\/vc_row]<\/p>\n<\/div>","protected":false},"excerpt":{"rendered":"<p>[vc_row full_width=&#8221;stretch_row&#8221; equal_height=&#8221;yes&#8221; content_placement=&#8221;middle&#8221; css=&#8221;.vc_custom_1557074019843{margin-top: 30px !important;}&#8221;][vc_column width=&#8221;1\/2&#8243;][vc_single_image image=&#8221;180&#8243; img_size=&#8221;full&#8221; alignment=&#8221;center&#8221; css_animation=&#8221;fadeIn&#8221;][\/vc_column][vc_column width=&#8221;1\/2&#8243;][vc_column_text]Wierzymy, \u017ce wszyscy ludzie posiadaj\u0105 wyj\u0105tkowe talenty i umiej\u0119tno\u015bci, kt\u00f3rych cz\u0119sto nie s\u0105 \u015bwiadomi. Istniejemy po to, aby odkrywa\u0107 i wykorzystywa\u0107 te talenty. Od ponad 30 lat tworzymy oceny behawioralne, kt\u00f3re pomagaj\u0105 liderom umieszcza\u0107 ludzi na w\u0142a\u015bciwych stanowiskach,<span class=\"excerpt-hellip\"> [\u2026]<\/span><\/p>\n","protected":false},"author":1,"featured_media":0,"parent":0,"menu_order":0,"comment_status":"closed","ping_status":"closed","template":"","meta":{"inline_featured_image":false,"footnotes":""},"class_list":["post-362","page","type-page","status-publish","hentry"],"_links":{"self":[{"href":"https:\/\/www.ttisuccessinsights.hu\/pl\/wp-json\/wp\/v2\/pages\/362","targetHints":{"allow":["GET"]}}],"collection":[{"href":"https:\/\/www.ttisuccessinsights.hu\/pl\/wp-json\/wp\/v2\/pages"}],"about":[{"href":"https:\/\/www.ttisuccessinsights.hu\/pl\/wp-json\/wp\/v2\/types\/page"}],"author":[{"embeddable":true,"href":"https:\/\/www.ttisuccessinsights.hu\/pl\/wp-json\/wp\/v2\/users\/1"}],"replies":[{"embeddable":true,"href":"https:\/\/www.ttisuccessinsights.hu\/pl\/wp-json\/wp\/v2\/comments?post=362"}],"version-history":[{"count":10,"href":"https:\/\/www.ttisuccessinsights.hu\/pl\/wp-json\/wp\/v2\/pages\/362\/revisions"}],"predecessor-version":[{"id":2120,"href":"https:\/\/www.ttisuccessinsights.hu\/pl\/wp-json\/wp\/v2\/pages\/362\/revisions\/2120"}],"wp:attachment":[{"href":"https:\/\/www.ttisuccessinsights.hu\/pl\/wp-json\/wp\/v2\/media?parent=362"}],"curies":[{"name":"wp","href":"https:\/\/api.w.org\/{rel}","templated":true}]}}