{"id":2166,"date":"2023-10-11T19:32:46","date_gmt":"2023-10-11T19:32:46","guid":{"rendered":"https:\/\/www.ttisuccessinsights.hu\/our-solutions\/executive-coaching\/"},"modified":"2023-10-11T19:32:47","modified_gmt":"2023-10-11T19:32:47","slug":"executive-coaching","status":"publish","type":"page","link":"https:\/\/www.ttisuccessinsights.hu\/pl\/our-solutions\/executive-coaching\/","title":{"rendered":"Executive Coaching"},"content":{"rendered":"<div class=\"wpb-content-wrapper\"><p>[vc_row][vc_column][vc_column_text]<\/p>\n<h3>Zainspirowani liderzy o mocnej pozycji osi\u0105gaj\u0105 cele.<\/h3>\n<p>Wierzymy, \u017ce g\u0142\u00f3wnym celem coachingu kadry kierowniczej jest inspirowanie i poprawa wydajno\u015bci &#8211; zar\u00f3wno kadry kierowniczej, zespo\u0142u, jak i firmy. Zainspirowani mened\u017cerowie o mocnej pozycji prowadz\u0105 sp\u00f3jne i kreatywne zespo\u0142y, kt\u00f3re osi\u0105gaj\u0105 cele i nap\u0119dzaj\u0105 wydajno\u015b\u0107 firmy. Coaching kadry kierowniczej ma na celu<\/p>\n<ul>\n<li>Zrozumienie swoich talent\u00f3w i umiej\u0119tno\u015bci oraz talent\u00f3w i umiej\u0119tno\u015bci swojego zespo\u0142u.<\/li>\n<li>Nauczenie si\u0119, jak jasno komunikowa\u0107 swoje cele i zadania<\/li>\n<li>Ustanowienie silnych ram dla inspirowania lepszych wynik\u00f3w dla Ciebie i Twojego zespo\u0142u<\/li>\n<\/ul>\n<p>Benchmarki pracy, w po\u0142\u0105czeniu ze zweryfikowanymi ocenami zachowa\u0144 i czynnikami motywuj\u0105cymi \u00a0oraz ukierunkowanym rozwojem zawodowym, zapewniaj\u0105, \u017ce coaching jest na dobrej drodze do poprawy wynik\u00f3w organizacji w przysz\u0142o\u015bci.<\/p>\n<p>[\/vc_column_text][\/vc_column][\/vc_row]<\/p>\n<\/div>","protected":false},"excerpt":{"rendered":"<p>[vc_row][vc_column][vc_column_text] Zainspirowani liderzy o mocnej pozycji osi\u0105gaj\u0105 cele. Wierzymy, \u017ce g\u0142\u00f3wnym celem coachingu kadry kierowniczej jest inspirowanie i poprawa wydajno\u015bci &#8211; zar\u00f3wno kadry kierowniczej, zespo\u0142u, jak i firmy. Zainspirowani mened\u017cerowie o mocnej pozycji prowadz\u0105 sp\u00f3jne i kreatywne zespo\u0142y, kt\u00f3re osi\u0105gaj\u0105 cele i nap\u0119dzaj\u0105 wydajno\u015b\u0107 firmy. Coaching kadry kierowniczej ma na<span class=\"excerpt-hellip\"> [\u2026]<\/span><\/p>\n","protected":false},"author":1,"featured_media":0,"parent":583,"menu_order":0,"comment_status":"closed","ping_status":"closed","template":"","meta":{"inline_featured_image":false,"footnotes":""},"class_list":["post-2166","page","type-page","status-publish","hentry"],"_links":{"self":[{"href":"https:\/\/www.ttisuccessinsights.hu\/pl\/wp-json\/wp\/v2\/pages\/2166","targetHints":{"allow":["GET"]}}],"collection":[{"href":"https:\/\/www.ttisuccessinsights.hu\/pl\/wp-json\/wp\/v2\/pages"}],"about":[{"href":"https:\/\/www.ttisuccessinsights.hu\/pl\/wp-json\/wp\/v2\/types\/page"}],"author":[{"embeddable":true,"href":"https:\/\/www.ttisuccessinsights.hu\/pl\/wp-json\/wp\/v2\/users\/1"}],"replies":[{"embeddable":true,"href":"https:\/\/www.ttisuccessinsights.hu\/pl\/wp-json\/wp\/v2\/comments?post=2166"}],"version-history":[{"count":2,"href":"https:\/\/www.ttisuccessinsights.hu\/pl\/wp-json\/wp\/v2\/pages\/2166\/revisions"}],"predecessor-version":[{"id":2168,"href":"https:\/\/www.ttisuccessinsights.hu\/pl\/wp-json\/wp\/v2\/pages\/2166\/revisions\/2168"}],"up":[{"embeddable":true,"href":"https:\/\/www.ttisuccessinsights.hu\/pl\/wp-json\/wp\/v2\/pages\/583"}],"wp:attachment":[{"href":"https:\/\/www.ttisuccessinsights.hu\/pl\/wp-json\/wp\/v2\/media?parent=2166"}],"curies":[{"name":"wp","href":"https:\/\/api.w.org\/{rel}","templated":true}]}}