{"id":2160,"date":"2023-10-11T19:31:51","date_gmt":"2023-10-11T19:31:51","guid":{"rendered":"https:\/\/www.ttisuccessinsights.hu\/our-solutions\/onboarding\/"},"modified":"2023-10-11T19:32:19","modified_gmt":"2023-10-11T19:32:19","slug":"onboarding","status":"publish","type":"page","link":"https:\/\/www.ttisuccessinsights.hu\/pl\/our-solutions\/onboarding\/","title":{"rendered":"Onboarding"},"content":{"rendered":"<div class=\"wpb-content-wrapper\"><p>[vc_row][vc_column width=&#8221;2\/3&#8243;][vc_column_text]<\/p>\n<h3>Benchmarking stanowisk pracy tworzy podstaw\u0119 dla doskona\u0142ej wydajno\u015bci. Pracownicy odnosz\u0105 jednak najwi\u0119ksze korzy\u015bci, gdy organizacje zapewniaj\u0105 im praktyczne szkolenie onboardingowe rozpoczynaj\u0105ce si\u0119 pierwszego dnia pracy.<\/h3>\n<p>Prowadzenie takiego szkolenia dla pracownik\u00f3w przez pierwsze kilka miesi\u0119cy ich zatrudnienia ma kluczowe znaczenie dla ich sukcesu jako cz\u0142onk\u00f3w organizacji. Udane wdro\u017cenie prowadzi do<\/p>\n<ul>\n<li>Wy\u017cszej satysfakcji z pracy<\/li>\n<li>Lepszej wydajno\u015bci pracy<\/li>\n<li>Wi\u0119kszego zaanga\u017cowania organizacyjnego<\/li>\n<li>Redukcji stresu<\/li>\n<\/ul>\n<p>Czy jest lepszy spos\u00f3b na przygotowanie nowego pracownika (i zesp\u00f3\u0142 nowego pracownika) ni\u017c uczestnictwo w:<\/p>\n<ul>\n<li>Tworzeniu benchmark\u00f3w pracy, aby zapewni\u0107 dopasowanie do stanowiska<\/li>\n<li>Analizie behawioralnej (DISC), aby zrozumie\u0107 ca\u0142\u0105 osob\u0119<\/li>\n<li>Ocenach motywacyjnych<\/li>\n<\/ul>\n<p>[\/vc_column_text][\/vc_column][vc_column width=&#8221;1\/3&#8243;][vc_single_image image=&#8221;154&#8243; img_size=&#8221;full&#8221; alignment=&#8221;center&#8221;][\/vc_column][\/vc_row]<\/p>\n<\/div>","protected":false},"excerpt":{"rendered":"<p>[vc_row][vc_column width=&#8221;2\/3&#8243;][vc_column_text] Benchmarking stanowisk pracy tworzy podstaw\u0119 dla doskona\u0142ej wydajno\u015bci. Pracownicy odnosz\u0105 jednak najwi\u0119ksze korzy\u015bci, gdy organizacje zapewniaj\u0105 im praktyczne szkolenie onboardingowe rozpoczynaj\u0105ce si\u0119 pierwszego dnia pracy. Prowadzenie takiego szkolenia dla pracownik\u00f3w przez pierwsze kilka miesi\u0119cy ich zatrudnienia ma kluczowe znaczenie dla ich sukcesu jako cz\u0142onk\u00f3w organizacji. Udane wdro\u017cenie prowadzi<span class=\"excerpt-hellip\"> [\u2026]<\/span><\/p>\n","protected":false},"author":1,"featured_media":0,"parent":583,"menu_order":0,"comment_status":"closed","ping_status":"closed","template":"","meta":{"inline_featured_image":false,"footnotes":""},"class_list":["post-2160","page","type-page","status-publish","hentry"],"_links":{"self":[{"href":"https:\/\/www.ttisuccessinsights.hu\/pl\/wp-json\/wp\/v2\/pages\/2160","targetHints":{"allow":["GET"]}}],"collection":[{"href":"https:\/\/www.ttisuccessinsights.hu\/pl\/wp-json\/wp\/v2\/pages"}],"about":[{"href":"https:\/\/www.ttisuccessinsights.hu\/pl\/wp-json\/wp\/v2\/types\/page"}],"author":[{"embeddable":true,"href":"https:\/\/www.ttisuccessinsights.hu\/pl\/wp-json\/wp\/v2\/users\/1"}],"replies":[{"embeddable":true,"href":"https:\/\/www.ttisuccessinsights.hu\/pl\/wp-json\/wp\/v2\/comments?post=2160"}],"version-history":[{"count":5,"href":"https:\/\/www.ttisuccessinsights.hu\/pl\/wp-json\/wp\/v2\/pages\/2160\/revisions"}],"predecessor-version":[{"id":2165,"href":"https:\/\/www.ttisuccessinsights.hu\/pl\/wp-json\/wp\/v2\/pages\/2160\/revisions\/2165"}],"up":[{"embeddable":true,"href":"https:\/\/www.ttisuccessinsights.hu\/pl\/wp-json\/wp\/v2\/pages\/583"}],"wp:attachment":[{"href":"https:\/\/www.ttisuccessinsights.hu\/pl\/wp-json\/wp\/v2\/media?parent=2160"}],"curies":[{"name":"wp","href":"https:\/\/api.w.org\/{rel}","templated":true}]}}