{"id":965,"date":"2019-12-19T18:14:25","date_gmt":"2019-12-19T18:14:25","guid":{"rendered":"https:\/\/www.ttisuccessinsights.hu\/?page_id=965"},"modified":"2025-10-22T07:57:40","modified_gmt":"2025-10-22T07:57:40","slug":"our-products","status":"publish","type":"page","link":"https:\/\/www.ttisuccessinsights.hu\/hu\/our-products\/","title":{"rendered":"Term\u00e9keink"},"content":{"rendered":"<div class=\"wpb-content-wrapper\"><p>[vc_row][vc_column][vc_column_text]<\/p>\n<h3 style=\"text-align: center;\">A\u00a0<span data-contrast=\"auto\">4\u00a0<\/span><span data-contrast=\"auto\">legn\u00e9pszer\u0171bb<\/span><span data-contrast=\"auto\"> t\u00f6bb<\/span><span data-contrast=\"auto\">-tudom\u00e1ny<\/span><span data-contrast=\"auto\">b\u00f3l<\/span><span data-contrast=\"auto\">\u00a0<\/span><span data-contrast=\"auto\">\u00e1ll\u00f3<\/span><span data-contrast=\"auto\">\u00a0<\/span><span data-contrast=\"auto\">felm\u00e9r\u00e9s\u00fcnk<\/span><span data-contrast=\"auto\">\u00a0<\/span><span data-contrast=\"auto\">:<\/span><span data-ccp-props=\"{&quot;201341983&quot;:0,&quot;335559739&quot;:200,&quot;335559740&quot;:276}\">\u00a0<\/span><\/h3>\n<p>[\/vc_column_text][\/vc_column][\/vc_row][vc_row][vc_column width=&#8221;1\/2&#8243;][vc_single_image image=&#8221;2301&#8243; img_size=&#8221;medium&#8221; alignment=&#8221;center&#8221;][vc_column_text]<\/p>\n<h2 class=\"listTitle\" style=\"text-align: center;\">Talent Insights<\/h2>\n<div class=\"stackWrap\">\n<div class=\"stackWrap\">\n<p style=\"text-align: left;\">A vezet\u0151k legkedveltebb eszk\u00f6ze, csapaton bel\u00fcli kommunik\u00e1ci\u00f3 \u00e9s egy\u00fcttm\u0171k\u00f6d\u00e9s fejleszt<span data-contrast=\"auto\">\u00e9s\u00e9re, munkav\u00e1llal\u00f3i elk\u00f6telez\u0151d\u00e9s jav\u00edt\u00e1s\u00e1ra, az \u00faj csapattagok\u00a0<\/span><span data-contrast=\"auto\">felfedez\u00e9s\u00e9re<\/span><span data-contrast=\"auto\">\u00a0\u00e9s bevon\u00e1s\u00e1ra fejlesztett\u00fck ki.<\/span><span data-contrast=\"auto\">\u00a0<\/span><span data-contrast=\"auto\">E<\/span><span data-contrast=\"auto\">z a riport elmagyar\u00e1zza mit \u00e9s mi\u00e9rt csin\u00e1lunk.<\/span><span data-ccp-props=\"{&quot;201341983&quot;:0,&quot;335559739&quot;:200,&quot;335559740&quot;:276}\">\u00a0<\/span><\/p>\n<p style=\"text-align: left;\">A\u00a0<span data-contrast=\"auto\">viselked\u00e9s\u00a0<\/span><span data-contrast=\"auto\">(DISC) \u00e9s a\u00a0<\/span><span data-contrast=\"auto\">motiv\u00e1torok<\/span><span data-contrast=\"auto\">\u00a0\u00f6tv\u00f6z\u00e9s\u00e9vel ez egy\u00a0<\/span><span data-contrast=\"auto\">egyes\u00edtett riport<\/span><span data-contrast=\"auto\">.<\/span><span data-ccp-props=\"{&quot;201341983&quot;:0,&quot;335559739&quot;:200,&quot;335559740&quot;:276}\">\u00a0<\/span><\/p>\n<\/div>\n<\/div>\n<p>[\/vc_column_text][vc_btn title=&#8221;B\u0151vebben&#8221; color=&#8221;pink&#8221; align=&#8221;center&#8221; link=&#8221;url:https%3A%2F%2Fwww.ttisuccessinsights.hu%2Fhu%2Four-products%2Four-products%2Ftalent-insights%2F|||&#8221;][\/vc_column][vc_column width=&#8221;1\/2&#8243;][vc_single_image image=&#8221;2384&#8243; img_size=&#8221;medium&#8221; alignment=&#8221;center&#8221;][vc_column_text]<\/p>\n<h2 class=\"listTitle\" style=\"text-align: center;\">TriMetrix \u00ae DNA<\/h2>\n<div class=\"stackWrap\">\n<div class=\"stackWrap\">\n<p style=\"text-align: left;\">Jelent\u0151s seg\u00edts\u00e9g a\u00a0<span data-contrast=\"auto\">tehets\u00e9g felt\u00e9rk\u00e9pez\u00e9s\u00e9ben \u00e9s kamatoztat\u00e1s\u00e1ban, vezet\u0151k \u00e9s magas potenci\u00e1llal rendelkez\u0151 csapattagok\u00a0<\/span><span data-contrast=\"auto\">sz\u00e1m\u00e1ra<\/span><span data-contrast=\"auto\">. Ez<\/span><span data-contrast=\"auto\">\u00a0a riport t\u00e1j\u00e9koztat arr\u00f3l, hogy az emberek hogyan viselkednek, mi\u00e9rt \u00fagy<\/span><span data-contrast=\"auto\">,<\/span><span data-contrast=\"auto\">\u00a0valamint\u00a0<\/span><span data-contrast=\"auto\">milyen k\u00e9szs\u00e9geket saj\u00e1t\u00edtottak el.<\/span><span data-ccp-props=\"{&quot;201341983&quot;:0,&quot;335559739&quot;:200,&quot;335559740&quot;:276}\">\u00a0<\/span><\/p>\n<p style=\"text-align: left;\"><span data-contrast=\"auto\">\u00a0<\/span><\/p>\n<p style=\"text-align: left;\"><span data-contrast=\"auto\">A viselked\u00e9s,\u00a0motiv\u00e1torok\u00a0\u00e9s kompetenci\u00e1k kombin\u00e1ci\u00f3j\u00e1val, a\u00a0TriMetrix\u00a0DNA t\u00e1j\u00e9koztat a d\u00f6nt\u00e9shoz\u00e1s folyamat\u00e1r\u00f3l, a kompetenci\u00e1kr\u00f3l\u00a0amikkel rendelkez\u00fcnk.\u00a0<\/span><\/p>\n<\/div>\n<\/div>\n<p>[\/vc_column_text][vc_btn title=&#8221;B\u0151vebben&#8221; color=&#8221;pink&#8221; align=&#8221;center&#8221; link=&#8221;url:https%3A%2F%2Fwww.ttisuccessinsights.hu%2Fhu%2Four-products%2Ftrimetrix-dna%2F|||&#8221;][\/vc_column][\/vc_row][vc_row][vc_column width=&#8221;1\/2&#8243;][vc_single_image image=&#8221;2391&#8243; img_size=&#8221;medium&#8221; alignment=&#8221;center&#8221;][vc_column_text]<\/p>\n<h2 class=\"listTitle\" style=\"text-align: center;\">TriMetrix\u00aeHD<\/h2>\n<div class=\"stackWrap\">\n<p>Ez a riport r\u00e9szletes betekint\u00e9st ny\u00fajt<span data-contrast=\"auto\">, ez\u00e9rt a vezet\u0151i\u00a0<\/span><span data-contrast=\"auto\">coaching<\/span><span data-contrast=\"auto\">, a kiv\u00e1laszt\u00e1s, \u00e9s a magas potenci\u00e1l kiakn\u00e1z\u00e1sa a leggyakoribb felhaszn\u00e1<\/span><span data-contrast=\"auto\">l\u00e1si m\u00f3d<\/span><span data-contrast=\"auto\">jai.<\/span><span data-ccp-props=\"{&quot;201341983&quot;:0,&quot;335559739&quot;:200,&quot;335559740&quot;:276}\">\u00a0<\/span><\/p>\n<p><span data-contrast=\"auto\">Egy 55 pontos\u00a0\u00f6sszefoglal\u00f3t ny\u00fajt, ami felt\u00e1rja egy egy\u00e9n viselked\u00e9s\u00e9t (DISC), motiv\u00e1torait, acumenj\u00e9t, illetve az egy\u00e9ni kompetenci\u00e1it.\u00a0M\u00e9ly betekint\u00e9st ny\u00fajt a viselked\u00e9s \u201emi\u00e9rtj\u00e9re\u201d \u00e9s \u201ehogyanj\u00e1ra\u201d illetve arra, hogy mire k\u00e9pes egy egy\u00e9n.\u00a0<\/span><\/p>\n<\/div>\n<p>[\/vc_column_text][vc_btn title=&#8221;B\u0151vebben&#8221; color=&#8221;pink&#8221; align=&#8221;center&#8221; link=&#8221;url:https%3A%2F%2Fwww.ttisuccessinsights.hu%2Fhu%2Four-products%2Four-products%2Ftrimetrixhd%2F|title:Acumen||&#8221;][\/vc_column][vc_column width=&#8221;1\/2&#8243;][vc_single_image image=&#8221;2399&#8243; img_size=&#8221;medium&#8221; alignment=&#8221;center&#8221;][vc_column_text]<\/p>\n<h2 class=\"listTitle\" style=\"text-align: center;\">Emotional Quotient&#x2122;<\/h2>\n<div class=\"stackWrap\">\n<p>A kutat\u00e1sok tov\u00e1bbra is azt mutatj\u00e1k, hogy azok a szem\u00e9lyek, akik magasabb \u00e9rzelmi intelligenci\u00e1val rendelkeznek sikeresebb \u00e9s biztosabb vezet\u0151k.<span data-contrast=\"auto\">\u00a0<\/span><span data-contrast=\"auto\">\u00a0<\/span><span data-contrast=\"auto\">\u00c9rzelmi intelligenci\u00e1nkat haszn\u00e1ljuk a vezet\u0151k fejleszt\u00e9s\u00e9re, a csapatok\u00a0<\/span><span data-contrast=\"auto\">elk\u00f6telez\u00e9s\u00e9re\u00a0<\/span><span data-contrast=\"auto\">, a<\/span><span data-contrast=\"auto\">\u00a0<\/span><span data-contrast=\"auto\">coachingra<\/span><span data-contrast=\"auto\">\u00a0\u00e9s az ut\u00f3dl\u00e1sok tervez\u00e9s\u00e9re.<\/span><span data-ccp-props=\"{&quot;201341983&quot;:0,&quot;335559739&quot;:200,&quot;335559740&quot;:276}\">\u00a0<\/span><\/p>\n<p><span data-contrast=\"auto\">Az EQ\u00a0felm\u00e9r\u00e9s\u00a0\u00a0pontosan m\u00e9ri,\u00a0mennyire k\u00e9pes az egy\u00e9n az \u00e9rzelmek erej\u00e9t \u00e9s az \u00e9rzelmi alapon hozott d\u00f6nt\u00e9seket az egy\u00fcttm\u0171k\u00f6d\u00e9s \u00e9s az eredm\u00e9nyess\u00e9g fokoz\u00e1sa \u00e9rdek\u00e9ben \u00e9szlelni, meg\u00e9rteni \u00e9s eredm\u00e9nyesen alkalmazni.\u00a0<\/span><\/p>\n<\/div>\n<p>[\/vc_column_text][vc_btn title=&#8221;B\u0151vebben&#8221; color=&#8221;pink&#8221; align=&#8221;center&#8221; link=&#8221;url:https%3A%2F%2Fwww.ttisuccessinsights.hu%2Fhu%2Four-products%2Four-products%2Femotional-quotient%2F|title:Competencies||&#8221;][\/vc_column][\/vc_row]<\/p>\n<\/div>","protected":false},"excerpt":{"rendered":"<p>[vc_row][vc_column][vc_column_text] A\u00a04\u00a0legn\u00e9pszer\u0171bb t\u00f6bb-tudom\u00e1nyb\u00f3l\u00a0\u00e1ll\u00f3\u00a0felm\u00e9r\u00e9s\u00fcnk\u00a0:\u00a0 [\/vc_column_text][\/vc_column][\/vc_row][vc_row][vc_column width=&#8221;1\/2&#8243;][vc_single_image image=&#8221;2301&#8243; img_size=&#8221;medium&#8221; alignment=&#8221;center&#8221;][vc_column_text] Talent Insights A vezet\u0151k legkedveltebb eszk\u00f6ze, csapaton bel\u00fcli kommunik\u00e1ci\u00f3 \u00e9s egy\u00fcttm\u0171k\u00f6d\u00e9s fejleszt\u00e9s\u00e9re, munkav\u00e1llal\u00f3i elk\u00f6telez\u0151d\u00e9s jav\u00edt\u00e1s\u00e1ra, az \u00faj csapattagok\u00a0felfedez\u00e9s\u00e9re\u00a0\u00e9s bevon\u00e1s\u00e1ra fejlesztett\u00fck ki.\u00a0Ez a riport elmagyar\u00e1zza mit \u00e9s mi\u00e9rt csin\u00e1lunk.\u00a0 A\u00a0viselked\u00e9s\u00a0(DISC) \u00e9s a\u00a0motiv\u00e1torok\u00a0\u00f6tv\u00f6z\u00e9s\u00e9vel ez egy\u00a0egyes\u00edtett riport.\u00a0 [\/vc_column_text][vc_btn title=&#8221;B\u0151vebben&#8221; color=&#8221;pink&#8221; align=&#8221;center&#8221; link=&#8221;url:https%3A%2F%2Fwww.ttisuccessinsights.hu%2Fhu%2Four-products%2Four-products%2Ftalent-insights%2F|||&#8221;][\/vc_column][vc_column width=&#8221;1\/2&#8243;][vc_single_image image=&#8221;2384&#8243; img_size=&#8221;medium&#8221;<span class=\"excerpt-hellip\"> [\u2026]<\/span><\/p>\n","protected":false},"author":1,"featured_media":0,"parent":0,"menu_order":0,"comment_status":"closed","ping_status":"closed","template":"","meta":{"inline_featured_image":false,"footnotes":""},"class_list":["post-965","page","type-page","status-publish","hentry"],"_links":{"self":[{"href":"https:\/\/www.ttisuccessinsights.hu\/hu\/wp-json\/wp\/v2\/pages\/965","targetHints":{"allow":["GET"]}}],"collection":[{"href":"https:\/\/www.ttisuccessinsights.hu\/hu\/wp-json\/wp\/v2\/pages"}],"about":[{"href":"https:\/\/www.ttisuccessinsights.hu\/hu\/wp-json\/wp\/v2\/types\/page"}],"author":[{"embeddable":true,"href":"https:\/\/www.ttisuccessinsights.hu\/hu\/wp-json\/wp\/v2\/users\/1"}],"replies":[{"embeddable":true,"href":"https:\/\/www.ttisuccessinsights.hu\/hu\/wp-json\/wp\/v2\/comments?post=965"}],"version-history":[{"count":10,"href":"https:\/\/www.ttisuccessinsights.hu\/hu\/wp-json\/wp\/v2\/pages\/965\/revisions"}],"predecessor-version":[{"id":2406,"href":"https:\/\/www.ttisuccessinsights.hu\/hu\/wp-json\/wp\/v2\/pages\/965\/revisions\/2406"}],"wp:attachment":[{"href":"https:\/\/www.ttisuccessinsights.hu\/hu\/wp-json\/wp\/v2\/media?parent=965"}],"curies":[{"name":"wp","href":"https:\/\/api.w.org\/{rel}","templated":true}]}}