{"id":874,"date":"2019-12-11T21:13:22","date_gmt":"2019-12-11T21:13:22","guid":{"rendered":"https:\/\/www.ttisuccessinsights.hu\/?page_id=874"},"modified":"2020-09-27T09:03:40","modified_gmt":"2020-09-27T09:03:40","slug":"selection","status":"publish","type":"page","link":"https:\/\/www.ttisuccessinsights.hu\/hu\/our-solutions\/selection\/","title":{"rendered":"Kiv\u00e1laszt\u00e1s"},"content":{"rendered":"<div class=\"wpb-content-wrapper\"><p>[vc_row][vc_column][vc_column_text]<\/p>\n<h3>Az\u00a0<span data-contrast=\"auto\">eg\u00e9sz<\/span><span data-contrast=\"auto\">\u00a0<\/span><span data-contrast=\"auto\">szem\u00e9lyt<\/span><span data-contrast=\"auto\">\u00a0<\/span><span data-contrast=\"auto\">alkalmazza<\/span><span data-contrast=\"auto\">.<\/span><span data-ccp-props=\"{&quot;201341983&quot;:0,&quot;335559739&quot;:200,&quot;335559740&quot;:276}\">\u00a0<\/span><\/h3>\n<div class=\"articleBody\">\n<p>\u00dagy<span data-contrast=\"auto\">\u00a0<\/span><span data-contrast=\"auto\">gondoljuk<\/span><span data-contrast=\"auto\">,\u00a0<\/span><span data-contrast=\"auto\">hogy<\/span><span data-contrast=\"auto\">\u00a0a\u00a0<\/span><span data-contrast=\"auto\">munkaad\u00f3knak<\/span><span data-contrast=\"auto\">\u00a0<\/span><span data-contrast=\"auto\">\u00e1tfog\u00f3<\/span><span data-contrast=\"auto\">\u00a0<\/span><span data-contrast=\"auto\">megk\u00f6zel\u00edt\u00e9ssel<\/span><span data-contrast=\"auto\">\u00a0<\/span><span data-contrast=\"auto\">kell<\/span><span data-contrast=\"auto\">\u00a0<\/span><span data-contrast=\"auto\">rendelkezni\u00fck<\/span><span data-contrast=\"auto\">\u00a0a\u00a0<\/span><span data-contrast=\"auto\">felv\u00e9tel<\/span><span data-contrast=\"auto\">\u00a0<\/span><span data-contrast=\"auto\">sor\u00e1n<\/span><span data-contrast=\"auto\">. <\/span><span data-contrast=\"auto\">Fontos\u00a0meg\u00e9rteni,\u00a0hogy\u00a0az\u00a0eg\u00e9sz\u00a0szem\u00e9lyt\u00a0alkalmazzuk,\u00a0nem\u00a0csup\u00e1n\u00a0\u00a0tapasztalat\u00e1t,\u00a0k\u00e9szs\u00e9geit\u00a0vagy\u00a0viselked\u00e9si\u00a0st\u00edlus\u00e1t. Ez\u00e9rt\u00a0elengedhetetlen a Science of Self&#x2122; haszn\u00e1lata amely mag\u00e1ban foglalja az \u00f6t t\u00e1rsadalom- \u00e9s pszichol\u00f3giai tudom\u00e1nyra \u00e9p\u00fcl\u0151 felm\u00e9r\u00e9s\u00fcnket, hogy meg\u00e9rts\u00fck az egy\u00e9n egyedis\u00e9g\u00e9t \u00e9s megteremts\u00fck a munkak\u00f6r sikeres bet\u00f6lt\u00e9s\u00e9hez sz\u00fcks\u00e9ges k\u00f6r\u00fclm\u00e9nyeket.<\/span><\/p>\n<p>Felm\u00e9r\u00e9seink<span data-contrast=\"auto\">\u00a0<\/span><span data-contrast=\"auto\">felhaszn\u00e1l\u00e1sa<\/span><span data-contrast=\"auto\">\u00a0<\/span><span data-contrast=\"auto\">egy<\/span><span data-contrast=\"auto\">\u00a0<\/span><span data-contrast=\"auto\">er\u0151teljes<\/span><span data-contrast=\"auto\">\u00a0\u00e9s\u00a0<\/span><span data-contrast=\"auto\">soksz\u00edn\u0171<\/span><span data-contrast=\"auto\">\u00a0<\/span><span data-contrast=\"auto\">felv\u00e9teli<\/span><span data-contrast=\"auto\">\u00a0<\/span><span data-contrast=\"auto\">folyamat<\/span><span data-contrast=\"auto\">\u00a0<\/span><span data-contrast=\"auto\">r\u00e9szek\u00e9nt<\/span><span data-contrast=\"auto\">\u00a0<\/span><span data-contrast=\"auto\">betekint\u00e9st<\/span><span data-contrast=\"auto\">\u00a0<\/span><span data-contrast=\"auto\">ny\u00fajt<\/span><span data-contrast=\"auto\">\u00a0a\u00a0<\/span><span data-contrast=\"auto\">k\u00f6vetkez\u0151kbe<\/span><span data-contrast=\"auto\">:<\/span><\/p>\n<ul>\n<li><span data-contrast=\"auto\"> Viselked\u00e9s<\/span><\/li>\n<li><span data-contrast=\"auto\"> Motiv\u00e1torok<\/span><\/li>\n<li><span data-contrast=\"auto\"> Kompetenci\u00e1k<\/span><\/li>\n<li><span data-contrast=\"auto\"> Acumen<\/span><\/li>\n<\/ul>\n<p><span class=\"TextRun SCXW79431809 BCX9\" lang=\"EN-GB\" xml:lang=\"EN-GB\" data-contrast=\"auto\"><span class=\"NormalTextRun SpellingErrorV2 SCXW79431809 BCX9\">Amikor<\/span><\/span><span class=\"TextRun SCXW79431809 BCX9\" lang=\"EN-GB\" xml:lang=\"EN-GB\" data-contrast=\"auto\"><span class=\"NormalTextRun SCXW79431809 BCX9\">\u00a0a\u00a0<\/span><\/span><span class=\"TextRun SCXW79431809 BCX9\" lang=\"EN-GB\" xml:lang=\"EN-GB\" data-contrast=\"auto\"><span class=\"NormalTextRun SpellingErrorV2 SCXW79431809 BCX9\">szabadalmaztatott<\/span><\/span><span class=\"TextRun SCXW79431809 BCX9\" lang=\"EN-GB\" xml:lang=\"EN-GB\" data-contrast=\"auto\"><span class=\"NormalTextRun SCXW79431809 BCX9\">\u00a0<\/span><\/span><span class=\"TextRun SCXW79431809 BCX9\" lang=\"EN-GB\" xml:lang=\"EN-GB\" data-contrast=\"auto\"><span class=\"NormalTextRun SCXW79431809 BCX9\">job-benchmarking<\/span><\/span><span class=\"TextRun SCXW79431809 BCX9\" lang=\"EN-GB\" xml:lang=\"EN-GB\" data-contrast=\"auto\"><span class=\"NormalTextRun SCXW79431809 BCX9\">\u00a0<\/span><\/span><span class=\"TextRun SCXW79431809 BCX9\" lang=\"EN-GB\" xml:lang=\"EN-GB\" data-contrast=\"auto\"><span class=\"NormalTextRun SpellingErrorV2 SCXW79431809 BCX9\">folyamatunkat<\/span><\/span><span class=\"TextRun SCXW79431809 BCX9\" lang=\"EN-GB\" xml:lang=\"EN-GB\" data-contrast=\"auto\"><span class=\"NormalTextRun SCXW79431809 BCX9\">\u00a0<\/span><\/span><span class=\"TextRun SCXW79431809 BCX9\" lang=\"EN-GB\" xml:lang=\"EN-GB\" data-contrast=\"auto\"><span class=\"NormalTextRun SpellingErrorV2 SCXW79431809 BCX9\">kiv\u00e1laszt\u00e1s<\/span><\/span><span class=\"TextRun SCXW79431809 BCX9\" lang=\"EN-GB\" xml:lang=\"EN-GB\" data-contrast=\"auto\"><span class=\"NormalTextRun SCXW79431809 BCX9\">\u00a0<\/span><\/span><span class=\"TextRun SCXW79431809 BCX9\" lang=\"EN-GB\" xml:lang=\"EN-GB\" data-contrast=\"auto\"><span class=\"NormalTextRun SpellingErrorV2 SCXW79431809 BCX9\">sor\u00e1n<\/span><\/span><span class=\"TextRun SCXW79431809 BCX9\" lang=\"EN-GB\" xml:lang=\"EN-GB\" data-contrast=\"auto\"><span class=\"NormalTextRun SCXW79431809 BCX9\">\u00a0<\/span><\/span><span class=\"TextRun SCXW79431809 BCX9\" lang=\"EN-GB\" xml:lang=\"EN-GB\" data-contrast=\"auto\"><span class=\"NormalTextRun SpellingErrorV2 SCXW79431809 BCX9\">alkalmazzuk<\/span><\/span><span class=\"TextRun SCXW79431809 BCX9\" lang=\"EN-GB\" xml:lang=\"EN-GB\" data-contrast=\"auto\"><span class=\"NormalTextRun SCXW79431809 BCX9\">,\u00a0<\/span><\/span><span class=\"TextRun SCXW79431809 BCX9\" lang=\"EN-GB\" xml:lang=\"EN-GB\" data-contrast=\"auto\"><span class=\"NormalTextRun SpellingErrorV2 SCXW79431809 BCX9\">bev\u00e1lt<\/span><\/span><span class=\"TextRun SCXW79431809 BCX9\" lang=\"EN-GB\" xml:lang=\"EN-GB\" data-contrast=\"auto\"><span class=\"NormalTextRun SCXW79431809 BCX9\">\u00a0<\/span><\/span><span class=\"TextRun SCXW79431809 BCX9\" lang=\"EN-GB\" xml:lang=\"EN-GB\" data-contrast=\"auto\"><span class=\"NormalTextRun SpellingErrorV2 SCXW79431809 BCX9\">gyakorlataink<\/span><\/span><span class=\"TextRun SCXW79431809 BCX9\" lang=\"EN-GB\" xml:lang=\"EN-GB\" data-contrast=\"auto\"><span class=\"NormalTextRun SCXW79431809 BCX9\"> 92%-os <\/span><\/span><span class=\"TextRun SCXW79431809 BCX9\" lang=\"EN-GB\" xml:lang=\"EN-GB\" data-contrast=\"auto\"><span class=\"NormalTextRun SpellingErrorV2 SCXW79431809 BCX9\">sikerar\u00e1nyt <\/span><\/span><span class=\"TextRun SCXW79431809 BCX9\" lang=\"EN-GB\" xml:lang=\"EN-GB\" data-contrast=\"auto\"><span class=\"NormalTextRun SpellingErrorV2 SCXW79431809 BCX9\">eredm\u00e9nyeznek<\/span><\/span><span class=\"TextRun SCXW79431809 BCX9\" lang=\"EN-GB\" xml:lang=\"EN-GB\" data-contrast=\"auto\"><span class=\"NormalTextRun SCXW79431809 BCX9\">, \u00e9s <\/span><\/span><span class=\"TextRun SCXW79431809 BCX9\" lang=\"EN-GB\" xml:lang=\"EN-GB\" data-contrast=\"auto\"><span class=\"NormalTextRun SpellingErrorV2 SCXW79431809 BCX9\">megfelelnek <\/span><\/span><span class=\"TextRun SCXW79431809 BCX9\" lang=\"EN-GB\" xml:lang=\"EN-GB\" data-contrast=\"auto\"><span class=\"NormalTextRun SpellingErrorV2 SCXW79431809 BCX9\">az <\/span><\/span><span class=\"TextRun SCXW79431809 BCX9\" lang=\"EN-GB\" xml:lang=\"EN-GB\" data-contrast=\"auto\"><span class=\"NormalTextRun SCXW79431809 BCX9\">EEOC \u00e9s <\/span><\/span><span class=\"TextRun SCXW79431809 BCX9\" lang=\"EN-GB\" xml:lang=\"EN-GB\" data-contrast=\"auto\"><span class=\"NormalTextRun SpellingErrorV2 SCXW79431809 BCX9\">az <\/span><\/span><span class=\"TextRun SCXW79431809 BCX9\" lang=\"EN-GB\" xml:lang=\"EN-GB\" data-contrast=\"auto\"><span class=\"NormalTextRun SCXW79431809 BCX9\">OFCCP <\/span><\/span><span class=\"TextRun SCXW79431809 BCX9\" lang=\"EN-GB\" xml:lang=\"EN-GB\" data-contrast=\"auto\"><span class=\"NormalTextRun SpellingErrorV2 SCXW79431809 BCX9\">\u00e1ltal <\/span><\/span><span class=\"TextRun SCXW79431809 BCX9\" lang=\"EN-GB\" xml:lang=\"EN-GB\" data-contrast=\"auto\"><span class=\"NormalTextRun SpellingErrorV2 SCXW79431809 BCX9\">meghat\u00e1rozott <\/span><\/span><span class=\"TextRun SCXW79431809 BCX9\" lang=\"EN-GB\" xml:lang=\"EN-GB\" data-contrast=\"auto\"><span class=\"NormalTextRun SpellingErrorV2 SCXW79431809 BCX9 DefaultHighlightTransition\">ir\u00e1nyelveknek<\/span><\/span><span class=\"TextRun SCXW79431809 BCX9\" lang=\"EN-GB\" xml:lang=\"EN-GB\" data-contrast=\"auto\"><span class=\"NormalTextRun SCXW79431809 BCX9\">.<\/span><\/span><\/p>\n<\/div>\n<p>[\/vc_column_text][\/vc_column][\/vc_row]<\/p>\n<\/div>","protected":false},"excerpt":{"rendered":"<p>[vc_row][vc_column][vc_column_text] Az\u00a0eg\u00e9sz\u00a0szem\u00e9lyt\u00a0alkalmazza.\u00a0 \u00dagy\u00a0gondoljuk,\u00a0hogy\u00a0a\u00a0munkaad\u00f3knak\u00a0\u00e1tfog\u00f3\u00a0megk\u00f6zel\u00edt\u00e9ssel\u00a0kell\u00a0rendelkezni\u00fck\u00a0a\u00a0felv\u00e9tel\u00a0sor\u00e1n. Fontos\u00a0meg\u00e9rteni,\u00a0hogy\u00a0az\u00a0eg\u00e9sz\u00a0szem\u00e9lyt\u00a0alkalmazzuk,\u00a0nem\u00a0csup\u00e1n\u00a0\u00a0tapasztalat\u00e1t,\u00a0k\u00e9szs\u00e9geit\u00a0vagy\u00a0viselked\u00e9si\u00a0st\u00edlus\u00e1t. Ez\u00e9rt\u00a0elengedhetetlen a Science of Self&#x2122; haszn\u00e1lata amely mag\u00e1ban foglalja az \u00f6t t\u00e1rsadalom- \u00e9s pszichol\u00f3giai tudom\u00e1nyra \u00e9p\u00fcl\u0151 felm\u00e9r\u00e9s\u00fcnket, hogy meg\u00e9rts\u00fck az egy\u00e9n egyedis\u00e9g\u00e9t \u00e9s megteremts\u00fck a munkak\u00f6r sikeres bet\u00f6lt\u00e9s\u00e9hez sz\u00fcks\u00e9ges k\u00f6r\u00fclm\u00e9nyeket. Felm\u00e9r\u00e9seink\u00a0felhaszn\u00e1l\u00e1sa\u00a0egy\u00a0er\u0151teljes\u00a0\u00e9s\u00a0soksz\u00edn\u0171\u00a0felv\u00e9teli\u00a0folyamat\u00a0r\u00e9szek\u00e9nt\u00a0betekint\u00e9st\u00a0ny\u00fajt\u00a0a\u00a0k\u00f6vetkez\u0151kbe: Viselked\u00e9s Motiv\u00e1torok Kompetenci\u00e1k Acumen Amikor\u00a0a\u00a0szabadalmaztatott\u00a0job-benchmarking\u00a0folyamatunkat\u00a0kiv\u00e1laszt\u00e1s\u00a0sor\u00e1n\u00a0alkalmazzuk,\u00a0bev\u00e1lt\u00a0gyakorlataink 92%-os sikerar\u00e1nyt eredm\u00e9nyeznek, \u00e9s megfelelnek az EEOC \u00e9s az OFCCP<span class=\"excerpt-hellip\"> [\u2026]<\/span><\/p>\n","protected":false},"author":1,"featured_media":0,"parent":580,"menu_order":0,"comment_status":"closed","ping_status":"closed","template":"","meta":{"inline_featured_image":false,"footnotes":""},"class_list":["post-874","page","type-page","status-publish","hentry"],"_links":{"self":[{"href":"https:\/\/www.ttisuccessinsights.hu\/hu\/wp-json\/wp\/v2\/pages\/874","targetHints":{"allow":["GET"]}}],"collection":[{"href":"https:\/\/www.ttisuccessinsights.hu\/hu\/wp-json\/wp\/v2\/pages"}],"about":[{"href":"https:\/\/www.ttisuccessinsights.hu\/hu\/wp-json\/wp\/v2\/types\/page"}],"author":[{"embeddable":true,"href":"https:\/\/www.ttisuccessinsights.hu\/hu\/wp-json\/wp\/v2\/users\/1"}],"replies":[{"embeddable":true,"href":"https:\/\/www.ttisuccessinsights.hu\/hu\/wp-json\/wp\/v2\/comments?post=874"}],"version-history":[{"count":6,"href":"https:\/\/www.ttisuccessinsights.hu\/hu\/wp-json\/wp\/v2\/pages\/874\/revisions"}],"predecessor-version":[{"id":1653,"href":"https:\/\/www.ttisuccessinsights.hu\/hu\/wp-json\/wp\/v2\/pages\/874\/revisions\/1653"}],"up":[{"embeddable":true,"href":"https:\/\/www.ttisuccessinsights.hu\/hu\/wp-json\/wp\/v2\/pages\/580"}],"wp:attachment":[{"href":"https:\/\/www.ttisuccessinsights.hu\/hu\/wp-json\/wp\/v2\/media?parent=874"}],"curies":[{"name":"wp","href":"https:\/\/api.w.org\/{rel}","templated":true}]}}