{"id":808,"date":"2019-12-11T20:54:47","date_gmt":"2019-12-11T20:54:47","guid":{"rendered":"https:\/\/www.ttisuccessinsights.hu\/?page_id=808"},"modified":"2025-10-23T17:18:07","modified_gmt":"2025-10-23T17:18:07","slug":"motivators","status":"publish","type":"page","link":"https:\/\/www.ttisuccessinsights.hu\/hu\/five-sciences-how-we-do-it\/motivators\/","title":{"rendered":"Motiv\u00e1torok\/Hajt\u00f3er\u0151k"},"content":{"rendered":"<div class=\"wpb-content-wrapper\"><p>[vc_row][vc_column width=&#8221;2\/3&#8243;][vc_column_text]<strong>Ahogyan a TTI viselked\u00e9si (vagy DISC) \u00e9rt\u00e9kel\u00e9se seg\u00edt megmondani, hogy az emberek hogyan viselkednek \u00e9s teljes\u00edtenek munka k\u00f6rnyezetben, \u00fagy a Motiv\u00e1tor\/Hajt\u00f3er\u0151 \u00e9rt\u00e9kel\u00e9sek felfedik, mi\u00e9rt csin\u00e1lj\u00e1k, amit csin\u00e1lnak.<\/strong><\/p>\n<p><span class=\"TextRun SCXW147975200 BCX9\" lang=\"HU-HU\" xml:lang=\"HU-HU\" data-contrast=\"auto\"><span class=\"NormalTextRun SCXW147975200 BCX9\">A TTI Success Insights\u00a0<\/span><\/span><span class=\"TextRun SCXW147975200 BCX9\" lang=\"HU-HU\" xml:lang=\"HU-HU\" data-contrast=\"auto\"><span class=\"NormalTextRun SpellingErrorV2 SCXW147975200 BCX9\">motiv\u00e1torokat<\/span><\/span><span class=\"TextRun SCXW147975200 BCX9\" lang=\"HU-HU\" xml:lang=\"HU-HU\" data-contrast=\"auto\"><span class=\"NormalTextRun SCXW147975200 BCX9\">\u00a0m\u00e9r\u0151 \u00e9rt\u00e9kel\u00e9sei a k\u00f6vetkez\u0151 hat alapvet\u0151 \u00e9rdekl\u0151d\u00e9s relat\u00edv\u00a0<\/span><\/span><span class=\"TextRun SCXW147975200 BCX9\" lang=\"HU-HU\" xml:lang=\"HU-HU\" data-contrast=\"auto\"><span class=\"NormalTextRun SCXW147975200 BCX9\">kiemelked\u00e9s\u00e9t vizsg\u00e1lj\u00e1k meg:<\/span><\/span><\/p>\n<ul>\n<li>\u00d6nfejleszt\u0151<span data-contrast=\"auto\">&#8211;<\/span><span data-contrast=\"auto\">\u00a0az igazs\u00e1g felfedez\u00e9se<\/span><span data-ccp-props=\"{&quot;134233279&quot;:true,&quot;201341983&quot;:0,&quot;335559739&quot;:200,&quot;335559740&quot;:276}\">\u00a0<\/span><\/li>\n<li><span data-contrast=\"auto\"> Hasznos\u00a0-p\u00e9nz\u00e9s mi hasznos;\u00a0ROI<\/span><span data-ccp-props=\"{&quot;134233279&quot;:true,&quot;201341983&quot;:0,&quot;335559739&quot;:200,&quot;335559740&quot;:276}\">\u00a0<\/span><\/li>\n<li><span data-contrast=\"auto\"> Eszt\u00e9tikus\u00a0-forma \u00e9s harm\u00f3nia<\/span><span data-ccp-props=\"{&quot;134233279&quot;:true,&quot;201341983&quot;:0,&quot;335559739&quot;:200,&quot;335559740&quot;:276}\">\u00a0<\/span><\/li>\n<li><span data-contrast=\"auto\"> Szoci\u00e1lis-bel\u00fclr\u0151l fakad\u00f3 emberekr\u0151l val\u00f3 gondoskod\u00e1s, m\u00e1soknak seg\u00edt\u00e9s<\/span><span data-ccp-props=\"{&quot;134233279&quot;:true,&quot;201341983&quot;:0,&quot;335559739&quot;:200,&quot;335559740&quot;:276}\">\u00a0<\/span><\/li>\n<li><span data-contrast=\"auto\"> Individu\u00e1lis-szem\u00e9lyes er\u0151, befoly\u00e1s \u00e9s h\u00edrn\u00e9v<\/span><span data-ccp-props=\"{&quot;134233279&quot;:true,&quot;201341983&quot;:0,&quot;335559739&quot;:200,&quot;335559740&quot;:276}\">\u00a0<\/span><\/li>\n<li><span data-contrast=\"auto\"> Tradicion\u00e1lis-egy\u00a0rendszer az \u00e9lethez<\/span><span data-ccp-props=\"{&quot;134233279&quot;:true,&quot;201341983&quot;:0,&quot;335559739&quot;:200,&quot;335559740&quot;:276}\">\u00a0<\/span><\/li>\n<\/ul>\n<p>[\/vc_column_text][\/vc_column][vc_column width=&#8221;1\/3&#8243;][vc_single_image image=&#8221;2907&#8243; img_size=&#8221;full&#8221; alignment=&#8221;center&#8221;][\/vc_column][\/vc_row]<\/p>\n<\/div>","protected":false},"excerpt":{"rendered":"<p>[vc_row][vc_column width=&#8221;2\/3&#8243;][vc_column_text]Ahogyan a TTI viselked\u00e9si (vagy DISC) \u00e9rt\u00e9kel\u00e9se seg\u00edt megmondani, hogy az emberek hogyan viselkednek \u00e9s teljes\u00edtenek munka k\u00f6rnyezetben, \u00fagy a Motiv\u00e1tor\/Hajt\u00f3er\u0151 \u00e9rt\u00e9kel\u00e9sek felfedik, mi\u00e9rt csin\u00e1lj\u00e1k, amit csin\u00e1lnak. A TTI Success Insights\u00a0motiv\u00e1torokat\u00a0m\u00e9r\u0151 \u00e9rt\u00e9kel\u00e9sei a k\u00f6vetkez\u0151 hat alapvet\u0151 \u00e9rdekl\u0151d\u00e9s relat\u00edv\u00a0kiemelked\u00e9s\u00e9t vizsg\u00e1lj\u00e1k meg: \u00d6nfejleszt\u0151&#8211;\u00a0az igazs\u00e1g felfedez\u00e9se\u00a0 Hasznos\u00a0-p\u00e9nz\u00e9s mi hasznos;\u00a0ROI\u00a0 Eszt\u00e9tikus\u00a0-forma \u00e9s harm\u00f3nia\u00a0<span class=\"excerpt-hellip\"> [\u2026]<\/span><\/p>\n","protected":false},"author":1,"featured_media":0,"parent":660,"menu_order":0,"comment_status":"closed","ping_status":"closed","template":"","meta":{"inline_featured_image":false,"footnotes":""},"class_list":["post-808","page","type-page","status-publish","hentry"],"_links":{"self":[{"href":"https:\/\/www.ttisuccessinsights.hu\/hu\/wp-json\/wp\/v2\/pages\/808","targetHints":{"allow":["GET"]}}],"collection":[{"href":"https:\/\/www.ttisuccessinsights.hu\/hu\/wp-json\/wp\/v2\/pages"}],"about":[{"href":"https:\/\/www.ttisuccessinsights.hu\/hu\/wp-json\/wp\/v2\/types\/page"}],"author":[{"embeddable":true,"href":"https:\/\/www.ttisuccessinsights.hu\/hu\/wp-json\/wp\/v2\/users\/1"}],"replies":[{"embeddable":true,"href":"https:\/\/www.ttisuccessinsights.hu\/hu\/wp-json\/wp\/v2\/comments?post=808"}],"version-history":[{"count":6,"href":"https:\/\/www.ttisuccessinsights.hu\/hu\/wp-json\/wp\/v2\/pages\/808\/revisions"}],"predecessor-version":[{"id":2914,"href":"https:\/\/www.ttisuccessinsights.hu\/hu\/wp-json\/wp\/v2\/pages\/808\/revisions\/2914"}],"up":[{"embeddable":true,"href":"https:\/\/www.ttisuccessinsights.hu\/hu\/wp-json\/wp\/v2\/pages\/660"}],"wp:attachment":[{"href":"https:\/\/www.ttisuccessinsights.hu\/hu\/wp-json\/wp\/v2\/media?parent=808"}],"curies":[{"name":"wp","href":"https:\/\/api.w.org\/{rel}","templated":true}]}}