{"id":781,"date":"2019-12-11T20:54:06","date_gmt":"2019-12-11T20:54:06","guid":{"rendered":"https:\/\/www.ttisuccessinsights.hu\/?page_id=781"},"modified":"2025-10-30T18:10:50","modified_gmt":"2025-10-30T18:10:50","slug":"emotional-intelligence-eq","status":"publish","type":"page","link":"https:\/\/www.ttisuccessinsights.hu\/hu\/five-sciences-how-we-do-it\/emotional-intelligence-eq\/","title":{"rendered":"\u00c9rzelmi intelligencia\/EQ"},"content":{"rendered":"<div class=\"wpb-content-wrapper\"><p>[vc_row][vc_column width=&#8221;2\/3&#8243;][vc_column_text]<strong>Az \u00e9rzelmi intelligencia azzal foglalkozik,\u00a0hogy\u00a0mennyire k\u00e9pes az egy\u00e9n az \u00e9rzelmek erej\u00e9t \u00e9s az \u00e9rzelmi alapon hozott d\u00f6nt\u00e9seket az egy\u00fcttm\u0171k\u00f6d\u00e9s \u00e9s az eredm\u00e9nyess\u00e9g fokoz\u00e1sa \u00e9rdek\u00e9ben \u00e9szlelni, meg\u00e9rteni \u00e9s eredm\u00e9nyesen alkalmazni.\u00a0<\/strong><\/p>\n<p>Kutat\u00e1sok szerint a sikeres vezet\u0151k \u00e9s a kiemelked\u0151en teljes\u00edt\u0151 szem\u00e9lyek az \u00e9rzelmi intelligencia ter\u00fclet\u00e9n kimondottan fejlettek, ez\u00e9rt\u00a0szem\u00e9lyis\u00e9g\u00a0t\u00edpust\u00f3l f\u00fcggetlen\u00fcl szinte minden emberrel j\u00f3l\u00a0tudnak\u00a0egy\u00fcttm\u0171k\u00f6dni, \u00e9s az \u00fczleti vil\u00e1g folyamatosan v\u00e1ltoz\u00f3 kih\u00edv\u00e1saira eredm\u00e9nyesen reag\u00e1lnak.<\/p>\n<p>A TTI Success Insights \u00e9rzelmi intelligenci\u00e1t (EQ) m\u00e9r\u0151 \u00e9rt\u00e9kel\u00e9se \u00f6t kulcsfontoss\u00e1g\u00fa ter\u00fcletet vizsg\u00e1l, mivel azok az intraperszon\u00e1lis \u00e9s interperszon\u00e1lis kapcsolatokra vonatkoznak:<\/p>\n<ul>\n<li><strong>\u00c9ntudatoss\u00e1g\u00a0&#8211;\u00a0<\/strong>Az a k\u00e9pess\u00e9g, amelynek r\u00e9v\u00e9n felismerj\u00fck \u00e9s meg\u00e9rtj\u00fck saj\u00e1t hangulatainkat, \u00e9rzelmeinket \u00e9s hajt\u00f3er\u0151inket, valamint azt, hogy ezek hogyan hatnak m\u00e1sokra.<\/li>\n<li><strong>\u00d6nszab\u00e1lyoz\u00e1s<\/strong>\u2013 Az a k\u00e9pess\u00e9g, amely ir\u00e1ny\u00edt\u00e1s alatt tartja k\u00e1ros \u00f6szt\u00f6neinket \u00e9s hangulatainkat,\u00a0illetve megfontolt d\u00f6nt\u00e9seinket<\/li>\n<li><strong>Motiv\u00e1ci\u00f3<\/strong>&#8211;\u00a0Az a szenved\u00e9ly, az a bels\u0151 hajt\u00f3er\u0151 vagy hajlam, amely miatt k\u00e9szek vagyunk er\u0151fesz\u00edt\u00e9sek \u00e1r\u00e1n,\u00a0kitart\u00f3an \u00e9s nemcsak az ismeretek, a haszon, a k\u00f6rnyezet, m\u00e1sok, a hatalom,\u00a0a m\u00f3dszerek, \u00e9s hasonl\u00f3 k\u00fcls\u0151 hajt\u00f3er\u0151k miatt dolgozni,\u00a0haladni a c\u00e9ljaink fel\u00e9.<\/li>\n<li><strong>T\u00e1rsas tudatoss\u00e1g<\/strong>&#8211;\u00a0Az a k\u00e9pess\u00e9g\u00fcnk, amelynek r\u00e9v\u00e9n meg\u00e9rtj\u00fck m\u00e1s emberek \u00e9rzelemvil\u00e1g\u00e1t, \u00e9s azt, ahogy a szavak \u00e9s a cselekedetek m\u00e1sokra hatnak<\/li>\n<li><strong>Kapcsolatkezel\u00e9s<\/strong>&#8211;\u00a0Az a k\u00e9pess\u00e9g\u00fcnk, amelynek r\u00e9v\u00e9n m\u00e1sok \u00e9rzelmi tiszt\u00e1nl\u00e1t\u00e1s\u00e1t hozz\u00e1\u00e9rt\u0151 kapcsolatkezel\u00e9ssel \u00e9s h\u00e1l\u00f3zat\u00e9p\u00edt\u00e9ssel befoly\u00e1soljuk.<\/li>\n<\/ul>\n<p>[\/vc_column_text][\/vc_column][vc_column width=&#8221;1\/3&#8243;][vc_single_image image=&#8221;3057&#8243; img_size=&#8221;full&#8221; alignment=&#8221;center&#8221;][\/vc_column][\/vc_row]<\/p>\n<\/div>","protected":false},"excerpt":{"rendered":"<p>[vc_row][vc_column width=&#8221;2\/3&#8243;][vc_column_text]Az \u00e9rzelmi intelligencia azzal foglalkozik,\u00a0hogy\u00a0mennyire k\u00e9pes az egy\u00e9n az \u00e9rzelmek erej\u00e9t \u00e9s az \u00e9rzelmi alapon hozott d\u00f6nt\u00e9seket az egy\u00fcttm\u0171k\u00f6d\u00e9s \u00e9s az eredm\u00e9nyess\u00e9g fokoz\u00e1sa \u00e9rdek\u00e9ben \u00e9szlelni, meg\u00e9rteni \u00e9s eredm\u00e9nyesen alkalmazni.\u00a0 Kutat\u00e1sok szerint a sikeres vezet\u0151k \u00e9s a kiemelked\u0151en teljes\u00edt\u0151 szem\u00e9lyek az \u00e9rzelmi intelligencia ter\u00fclet\u00e9n kimondottan fejlettek, ez\u00e9rt\u00a0szem\u00e9lyis\u00e9g\u00a0t\u00edpust\u00f3l f\u00fcggetlen\u00fcl szinte minden<span class=\"excerpt-hellip\"> [\u2026]<\/span><\/p>\n","protected":false},"author":1,"featured_media":0,"parent":660,"menu_order":0,"comment_status":"closed","ping_status":"closed","template":"","meta":{"inline_featured_image":false,"footnotes":""},"class_list":["post-781","page","type-page","status-publish","hentry"],"_links":{"self":[{"href":"https:\/\/www.ttisuccessinsights.hu\/hu\/wp-json\/wp\/v2\/pages\/781","targetHints":{"allow":["GET"]}}],"collection":[{"href":"https:\/\/www.ttisuccessinsights.hu\/hu\/wp-json\/wp\/v2\/pages"}],"about":[{"href":"https:\/\/www.ttisuccessinsights.hu\/hu\/wp-json\/wp\/v2\/types\/page"}],"author":[{"embeddable":true,"href":"https:\/\/www.ttisuccessinsights.hu\/hu\/wp-json\/wp\/v2\/users\/1"}],"replies":[{"embeddable":true,"href":"https:\/\/www.ttisuccessinsights.hu\/hu\/wp-json\/wp\/v2\/comments?post=781"}],"version-history":[{"count":6,"href":"https:\/\/www.ttisuccessinsights.hu\/hu\/wp-json\/wp\/v2\/pages\/781\/revisions"}],"predecessor-version":[{"id":3064,"href":"https:\/\/www.ttisuccessinsights.hu\/hu\/wp-json\/wp\/v2\/pages\/781\/revisions\/3064"}],"up":[{"embeddable":true,"href":"https:\/\/www.ttisuccessinsights.hu\/hu\/wp-json\/wp\/v2\/pages\/660"}],"wp:attachment":[{"href":"https:\/\/www.ttisuccessinsights.hu\/hu\/wp-json\/wp\/v2\/media?parent=781"}],"curies":[{"name":"wp","href":"https:\/\/api.w.org\/{rel}","templated":true}]}}