{"id":756,"date":"2019-12-11T20:53:13","date_gmt":"2019-12-11T20:53:13","guid":{"rendered":"https:\/\/www.ttisuccessinsights.hu\/?page_id=756"},"modified":"2025-10-29T17:57:25","modified_gmt":"2025-10-29T17:57:25","slug":"competencies","status":"publish","type":"page","link":"https:\/\/www.ttisuccessinsights.hu\/hu\/five-sciences-how-we-do-it\/competencies\/","title":{"rendered":"Kompetencia"},"content":{"rendered":"<div class=\"wpb-content-wrapper\"><p>[vc_row][vc_column width=&#8221;2\/3&#8243;][vc_column_text]<strong>A TTI\u00a0\u00e1ltal v\u00e9gzett kutat\u00e1sok kimutatt\u00e1k, hogy sok munka eset\u00e9ben a szem\u00e9lyes k\u00e9szs\u00e9gek (vagy\u00a0l\u00e1gy\u00a0k\u00e9szs\u00e9gek) ugyanolyan\u00a0fontosak, mint a technikai k\u00e9szs\u00e9gek a kiv\u00e1l\u00f3 teljes\u00edtm\u00e9ny\u00a0\u00e9rdek\u00e9ben.\u00a0<\/strong><\/p>\n<p>A szem\u00e9lyes k\u00e9szs\u00e9gek gyakran \u00e1tvihet\u0151k k\u00fcl\u00f6nb\u00f6z\u0151 munkak\u00f6r\u00f6kre, m\u00edg a technikai k\u00e9szs\u00e9gek \u00e1ltal\u00e1ban specifikusabbak.<span data-ccp-props=\"{&quot;201341983&quot;:0,&quot;335559739&quot;:200,&quot;335559740&quot;:276}\">\u00a0<\/span><\/p>\n<p>A TTI Success Insights kompetenci\u00e1kat m\u00e9r\u0151 \u00e9rt\u00e9kel\u00e9se 23 egyedi szem\u00e9lyes k\u00e9szs\u00e9g fejletts\u00e9gi szintj\u00e9t vizsg\u00e1lja, oszt\u00e1lyozva \u0151ket a legfejlettebb k\u00e9pess\u00e9gekt\u0151l a legink\u00e1bb\u00a0<span data-contrast=\"auto\">fejleszt\u00e9st ig\u00e9nyl\u0151 k\u00e9pess\u00e9gekig.<\/span><span data-ccp-props=\"{&quot;201341983&quot;:0,&quot;335559739&quot;:200,&quot;335559740&quot;:276}\">\u00a0<\/span><\/p>\n<p>B\u00e1r nem minden munka k\u00f6veteli<span data-contrast=\"auto\">\u00a0meg<\/span><span data-contrast=\"auto\">\u00a0mind a 23 kompetencia fejleszt\u00e9s\u00e9t, a TTI Success Insights a k\u00f6vetkez\u0151 szem\u00e9lyes k\u00e9pess\u00e9geket vizsg\u00e1lja:<\/span><span data-ccp-props=\"{&quot;201341983&quot;:0,&quot;335559739&quot;:200,&quot;335559740&quot;:276}\">\u00a0<\/span><\/p>\n<ul>\n<li>Probl\u00e9mamegold\u00e1s<\/li>\n<li>Konfliktuskezel\u00e9s<\/li>\n<li>Folyamatos tanul\u00e1s<\/li>\n<li>D\u00f6nt\u00e9shozatal<\/li>\n<li>Diplom\u00e1cia \u00e9s tapintat<\/li>\n<li>M\u00e1sok fejleszt\u00e9se<\/li>\n<li>Rugalmass\u00e1g<\/li>\n<li>Koncepci\u00f3zus gondolkod\u00e1s<\/li>\n<li>Interperszon\u00e1lis k\u00e9szs\u00e9gek<\/li>\n<li>M\u00e1sok vezet\u00e9se<\/li>\n<li>\u00d6n\u00e1ll\u00f3 kezdem\u00e9nyez\u0151 k\u00e9szs\u00e9g<\/li>\n<li>M\u00e1sok befoly\u00e1sol\u00e1sa<\/li>\n<li>Tervez\u00e9s \u00e9s szervez\u00e9s<\/li>\n<li>Szem\u00e9lyes felel\u0151ss\u00e9g<\/li>\n<li>Csapatmunka<\/li>\n<li>Bele\u00e9rz\u0151 k\u00e9szs\u00e9g<\/li>\n<li>\u00dcgyf\u00e9lf\u00f3kusz<\/li>\n<li>Objekt\u00edv odafigyel\u00e9s<\/li>\n<li>Eredm\u00e9ny orient\u00e1ci\u00f3<\/li>\n<li>C\u00e9lok el\u00e9r\u00e9se<\/li>\n<li>Kitart\u00e1s<\/li>\n<li>\u00d6nmenedzsel\u00e9s<\/li>\n<li>Felel\u0151ss\u00e9gv\u00e1llal\u00e1s m\u00e1sok\u00e9rt<\/li>\n<\/ul>\n<p>[\/vc_column_text][\/vc_column][vc_column width=&#8221;1\/3&#8243;][vc_single_image image=&#8221;3006&#8243; img_size=&#8221;full&#8221; alignment=&#8221;center&#8221;][\/vc_column][\/vc_row]<\/p>\n<\/div>","protected":false},"excerpt":{"rendered":"<p>[vc_row][vc_column width=&#8221;2\/3&#8243;][vc_column_text]A TTI\u00a0\u00e1ltal v\u00e9gzett kutat\u00e1sok kimutatt\u00e1k, hogy sok munka eset\u00e9ben a szem\u00e9lyes k\u00e9szs\u00e9gek (vagy\u00a0l\u00e1gy\u00a0k\u00e9szs\u00e9gek) ugyanolyan\u00a0fontosak, mint a technikai k\u00e9szs\u00e9gek a kiv\u00e1l\u00f3 teljes\u00edtm\u00e9ny\u00a0\u00e9rdek\u00e9ben.\u00a0 A szem\u00e9lyes k\u00e9szs\u00e9gek gyakran \u00e1tvihet\u0151k k\u00fcl\u00f6nb\u00f6z\u0151 munkak\u00f6r\u00f6kre, m\u00edg a technikai k\u00e9szs\u00e9gek \u00e1ltal\u00e1ban specifikusabbak.\u00a0 A TTI Success Insights kompetenci\u00e1kat m\u00e9r\u0151 \u00e9rt\u00e9kel\u00e9se 23 egyedi szem\u00e9lyes k\u00e9szs\u00e9g fejletts\u00e9gi szintj\u00e9t vizsg\u00e1lja, oszt\u00e1lyozva<span class=\"excerpt-hellip\"> [\u2026]<\/span><\/p>\n","protected":false},"author":1,"featured_media":0,"parent":660,"menu_order":0,"comment_status":"closed","ping_status":"closed","template":"","meta":{"inline_featured_image":false,"footnotes":""},"class_list":["post-756","page","type-page","status-publish","hentry"],"_links":{"self":[{"href":"https:\/\/www.ttisuccessinsights.hu\/hu\/wp-json\/wp\/v2\/pages\/756","targetHints":{"allow":["GET"]}}],"collection":[{"href":"https:\/\/www.ttisuccessinsights.hu\/hu\/wp-json\/wp\/v2\/pages"}],"about":[{"href":"https:\/\/www.ttisuccessinsights.hu\/hu\/wp-json\/wp\/v2\/types\/page"}],"author":[{"embeddable":true,"href":"https:\/\/www.ttisuccessinsights.hu\/hu\/wp-json\/wp\/v2\/users\/1"}],"replies":[{"embeddable":true,"href":"https:\/\/www.ttisuccessinsights.hu\/hu\/wp-json\/wp\/v2\/comments?post=756"}],"version-history":[{"count":7,"href":"https:\/\/www.ttisuccessinsights.hu\/hu\/wp-json\/wp\/v2\/pages\/756\/revisions"}],"predecessor-version":[{"id":3032,"href":"https:\/\/www.ttisuccessinsights.hu\/hu\/wp-json\/wp\/v2\/pages\/756\/revisions\/3032"}],"up":[{"embeddable":true,"href":"https:\/\/www.ttisuccessinsights.hu\/hu\/wp-json\/wp\/v2\/pages\/660"}],"wp:attachment":[{"href":"https:\/\/www.ttisuccessinsights.hu\/hu\/wp-json\/wp\/v2\/media?parent=756"}],"curies":[{"name":"wp","href":"https:\/\/api.w.org\/{rel}","templated":true}]}}