{"id":732,"date":"2019-12-11T20:52:06","date_gmt":"2019-12-11T20:52:06","guid":{"rendered":"https:\/\/www.ttisuccessinsights.hu\/?page_id=732"},"modified":"2025-10-22T18:33:38","modified_gmt":"2025-10-22T18:33:38","slug":"behaviors-disc","status":"publish","type":"page","link":"https:\/\/www.ttisuccessinsights.hu\/hu\/five-sciences-how-we-do-it\/behaviors-disc\/","title":{"rendered":"Viselked\u00e9s\/DISC"},"content":{"rendered":"<div class=\"wpb-content-wrapper\"><p>[vc_row][vc_column width=&#8221;2\/3&#8243;][vc_column_text]<strong>A viselked\u00e9s\u00a0tudom\u00e1nya\u00a0szerint a legeredm\u00e9nyesebb emberek azok, akik tiszt\u00e1ban vannak saj\u00e1t magukkal, ismerik er\u0151ss\u00e9geiket \u00e9s gyenges\u00e9geiket, s \u00edgy strat\u00e9gi\u00e1kat tudnak kidolgozni arra, hogyan feleljenek meg a k\u00f6rnyezet\u00fck\u00a0\u00e1ltal\u00a0t\u00e1masztott\u00a0k\u00f6vetelm\u00e9nyeknek.<\/strong><\/p>\n<p>A TTI Success Insights viselked\u00e9si st\u00edlus\/ DISC-j\u00e9t m\u00e9r\u0151 felm\u00e9r\u00e9se megvizsg\u00e1lja az egy\u00e9n dominanci\u00e1j\u00e1t, befoly\u00e1s\u00e1t, kitart\u00e1s\u00e1t \u00e9s szab\u00e1lytisztelet\u00e9t, felt\u00e1rva, hogyan reag\u00e1l az al\u00e1bbiakra:<\/p>\n<ul>\n<li>Probl\u00e9m\u00e1k \u00e9s kih\u00edv\u00e1sok<\/li>\n<li>M\u00e1sok befoly\u00e1sol\u00e1sa<\/li>\n<li>K\u00f6rnyezet \u00fcteme<\/li>\n<li>Szab\u00e1lyok \u00e9s elj\u00e1r\u00e1sok<\/li>\n<\/ul>\n<p>[\/vc_column_text][\/vc_column][vc_column width=&#8221;1\/3&#8243;][vc_single_image image=&#8221;2818&#8243; img_size=&#8221;full&#8221; alignment=&#8221;center&#8221;][\/vc_column][\/vc_row]<\/p>\n<\/div>","protected":false},"excerpt":{"rendered":"<p>[vc_row][vc_column width=&#8221;2\/3&#8243;][vc_column_text]A viselked\u00e9s\u00a0tudom\u00e1nya\u00a0szerint a legeredm\u00e9nyesebb emberek azok, akik tiszt\u00e1ban vannak saj\u00e1t magukkal, ismerik er\u0151ss\u00e9geiket \u00e9s gyenges\u00e9geiket, s \u00edgy strat\u00e9gi\u00e1kat tudnak kidolgozni arra, hogyan feleljenek meg a k\u00f6rnyezet\u00fck\u00a0\u00e1ltal\u00a0t\u00e1masztott\u00a0k\u00f6vetelm\u00e9nyeknek. A TTI Success Insights viselked\u00e9si st\u00edlus\/ DISC-j\u00e9t m\u00e9r\u0151 felm\u00e9r\u00e9se megvizsg\u00e1lja az egy\u00e9n dominanci\u00e1j\u00e1t, befoly\u00e1s\u00e1t, kitart\u00e1s\u00e1t \u00e9s szab\u00e1lytisztelet\u00e9t, felt\u00e1rva, hogyan reag\u00e1l az al\u00e1bbiakra: Probl\u00e9m\u00e1k<span class=\"excerpt-hellip\"> [\u2026]<\/span><\/p>\n","protected":false},"author":1,"featured_media":0,"parent":660,"menu_order":0,"comment_status":"closed","ping_status":"closed","template":"","meta":{"inline_featured_image":false,"footnotes":""},"class_list":["post-732","page","type-page","status-publish","hentry"],"_links":{"self":[{"href":"https:\/\/www.ttisuccessinsights.hu\/hu\/wp-json\/wp\/v2\/pages\/732","targetHints":{"allow":["GET"]}}],"collection":[{"href":"https:\/\/www.ttisuccessinsights.hu\/hu\/wp-json\/wp\/v2\/pages"}],"about":[{"href":"https:\/\/www.ttisuccessinsights.hu\/hu\/wp-json\/wp\/v2\/types\/page"}],"author":[{"embeddable":true,"href":"https:\/\/www.ttisuccessinsights.hu\/hu\/wp-json\/wp\/v2\/users\/1"}],"replies":[{"embeddable":true,"href":"https:\/\/www.ttisuccessinsights.hu\/hu\/wp-json\/wp\/v2\/comments?post=732"}],"version-history":[{"count":6,"href":"https:\/\/www.ttisuccessinsights.hu\/hu\/wp-json\/wp\/v2\/pages\/732\/revisions"}],"predecessor-version":[{"id":2825,"href":"https:\/\/www.ttisuccessinsights.hu\/hu\/wp-json\/wp\/v2\/pages\/732\/revisions\/2825"}],"up":[{"embeddable":true,"href":"https:\/\/www.ttisuccessinsights.hu\/hu\/wp-json\/wp\/v2\/pages\/660"}],"wp:attachment":[{"href":"https:\/\/www.ttisuccessinsights.hu\/hu\/wp-json\/wp\/v2\/media?parent=732"}],"curies":[{"name":"wp","href":"https:\/\/api.w.org\/{rel}","templated":true}]}}