{"id":708,"date":"2019-12-11T20:51:09","date_gmt":"2019-12-11T20:51:09","guid":{"rendered":"https:\/\/www.ttisuccessinsights.hu\/?page_id=708"},"modified":"2025-10-29T17:27:49","modified_gmt":"2025-10-29T17:27:49","slug":"acumen","status":"publish","type":"page","link":"https:\/\/www.ttisuccessinsights.hu\/hu\/five-sciences-how-we-do-it\/acumen\/","title":{"rendered":"Potenci\u00e1l"},"content":{"rendered":"<div class=\"wpb-content-wrapper\"><p>[vc_row][vc_column width=&#8221;2\/3&#8243;][vc_column_text]<strong>A TTI\u00a0Acumen\u00a0mutat\u00f3i seg\u00edtenek az embereknek meg\u00e9rteni\u00a0\u00f6nmagukat, valamint azt, hogy mik\u00e9nt elemzik \u00e9s \u00e9rtelmezik tapasztalataikat.\u00a0<\/strong><\/p>\n<p>Egy szem\u00e9ly\u00a0potenci\u00e1lja, vagy\u00a0az \u00e9rz\u00e9kel\u00e9s vagy \u00e9szlel\u00e9s \u00e9less\u00e9ge \u00e9s m\u00e9lys\u00e9ge, k\u00f6zvetlen\u00fcl\u00a0kapcsol\u00f3dik\u00a0a szem\u00e9ly teljes\u00edtm\u00e9nyszintj\u00e9hez. Min\u00e9l er\u0151sebb egy szem\u00e9ly\u00a0potenci\u00e1lja, ann\u00e1l\u00a0ink\u00e1bb\u00a0tiszt\u00e1ban van a saj\u00e1t maga k\u00fcls\u0151 \u00e9s bels\u0151 val\u00f3s\u00e1g\u00e1val.<\/p>\n<p>A TTI Success Insights Acumen felm\u00e9r\u00e9se hat ter\u00fclet egyens\u00faly\u00e1t vizsg\u00e1lja, amelyek bels\u0151 \u00e9s k\u00fcls\u0151 t\u00e9nyez\u0151kre vonatkoznak:<\/p>\n<ul>\n<li>Bele\u00e9rz\u0151 k\u00e9szs\u00e9g<\/li>\n<li>Gyakorlatias gondolkod\u00e1s<\/li>\n<li>Rendszerelm\u00e9let<\/li>\n<li>\u00d6ntudat<\/li>\n<li>Szereptudatoss\u00e1g<\/li>\n<li>\u00d6nir\u00e1ny\u00edt\u00e1s<\/li>\n<\/ul>\n<p>[\/vc_column_text][\/vc_column][vc_column width=&#8221;1\/3&#8243;][vc_single_image image=&#8221;2957&#8243; img_size=&#8221;full&#8221; alignment=&#8221;center&#8221;][\/vc_column][\/vc_row]<\/p>\n<\/div>","protected":false},"excerpt":{"rendered":"<p>[vc_row][vc_column width=&#8221;2\/3&#8243;][vc_column_text]A TTI\u00a0Acumen\u00a0mutat\u00f3i seg\u00edtenek az embereknek meg\u00e9rteni\u00a0\u00f6nmagukat, valamint azt, hogy mik\u00e9nt elemzik \u00e9s \u00e9rtelmezik tapasztalataikat.\u00a0 Egy szem\u00e9ly\u00a0potenci\u00e1lja, vagy\u00a0az \u00e9rz\u00e9kel\u00e9s vagy \u00e9szlel\u00e9s \u00e9less\u00e9ge \u00e9s m\u00e9lys\u00e9ge, k\u00f6zvetlen\u00fcl\u00a0kapcsol\u00f3dik\u00a0a szem\u00e9ly teljes\u00edtm\u00e9nyszintj\u00e9hez. Min\u00e9l er\u0151sebb egy szem\u00e9ly\u00a0potenci\u00e1lja, ann\u00e1l\u00a0ink\u00e1bb\u00a0tiszt\u00e1ban van a saj\u00e1t maga k\u00fcls\u0151 \u00e9s bels\u0151 val\u00f3s\u00e1g\u00e1val. A TTI Success Insights Acumen felm\u00e9r\u00e9se hat ter\u00fclet egyens\u00faly\u00e1t vizsg\u00e1lja,<span class=\"excerpt-hellip\"> [\u2026]<\/span><\/p>\n","protected":false},"author":1,"featured_media":0,"parent":660,"menu_order":0,"comment_status":"closed","ping_status":"closed","template":"","meta":{"inline_featured_image":false,"footnotes":""},"class_list":["post-708","page","type-page","status-publish","hentry"],"_links":{"self":[{"href":"https:\/\/www.ttisuccessinsights.hu\/hu\/wp-json\/wp\/v2\/pages\/708","targetHints":{"allow":["GET"]}}],"collection":[{"href":"https:\/\/www.ttisuccessinsights.hu\/hu\/wp-json\/wp\/v2\/pages"}],"about":[{"href":"https:\/\/www.ttisuccessinsights.hu\/hu\/wp-json\/wp\/v2\/types\/page"}],"author":[{"embeddable":true,"href":"https:\/\/www.ttisuccessinsights.hu\/hu\/wp-json\/wp\/v2\/users\/1"}],"replies":[{"embeddable":true,"href":"https:\/\/www.ttisuccessinsights.hu\/hu\/wp-json\/wp\/v2\/comments?post=708"}],"version-history":[{"count":5,"href":"https:\/\/www.ttisuccessinsights.hu\/hu\/wp-json\/wp\/v2\/pages\/708\/revisions"}],"predecessor-version":[{"id":2964,"href":"https:\/\/www.ttisuccessinsights.hu\/hu\/wp-json\/wp\/v2\/pages\/708\/revisions\/2964"}],"up":[{"embeddable":true,"href":"https:\/\/www.ttisuccessinsights.hu\/hu\/wp-json\/wp\/v2\/pages\/660"}],"wp:attachment":[{"href":"https:\/\/www.ttisuccessinsights.hu\/hu\/wp-json\/wp\/v2\/media?parent=708"}],"curies":[{"name":"wp","href":"https:\/\/api.w.org\/{rel}","templated":true}]}}