{"id":660,"date":"2019-12-09T15:11:52","date_gmt":"2019-12-09T15:11:52","guid":{"rendered":"https:\/\/www.ttisuccessinsights.hu\/?page_id=660"},"modified":"2025-10-22T18:45:13","modified_gmt":"2025-10-22T18:45:13","slug":"five-sciences-how-we-do-it","status":"publish","type":"page","link":"https:\/\/www.ttisuccessinsights.hu\/hu\/five-sciences-how-we-do-it\/","title":{"rendered":"\u00d6t tudom\u00e1ny- Hogyan csin\u00e1ljuk?"},"content":{"rendered":"<div class=\"wpb-content-wrapper\"><p>[vc_row][vc_column][vc_column_text]<\/p>\n<h2 style=\"text-align: center;\">\u00d6t tudom\u00e1ny alapj\u00e1n m\u00e9r\u00fcnk<\/h2>\n<p>[\/vc_column_text][\/vc_column][vc_column width=&#8221;1\/2&#8243;][vc_single_image image=&#8221;2706&#8243; img_size=&#8221;full&#8221; alignment=&#8221;center&#8221;][vc_column_text]<\/p>\n<h2 class=\"listTitle\" style=\"text-align: center;\">Viselked\u00e9s\/DISC<\/h2>\n<p>N\u00e9gy r\u00e9szben van m\u00e9rve (DISC: Dominancia<span data-contrast=\"auto\">\u00a0<\/span><span data-contrast=\"auto\">&#8211;<\/span><span data-contrast=\"auto\">Dominance<\/span><span data-contrast=\"auto\">, Befoly\u00e1sol\u00e1s<\/span><span data-contrast=\"auto\">\u00a0<\/span><span data-contrast=\"auto\">&#8211;<\/span><span data-contrast=\"auto\">Influence<\/span><span data-contrast=\"auto\">, Kitart\u00e1s<\/span><span data-contrast=\"auto\">\u00a0<\/span><span data-contrast=\"auto\">&#8211;<\/span><span data-contrast=\"auto\">Steadiness<\/span><span data-contrast=\"auto\">\u00a0\u00e9s Szab\u00e1lytisztelet<\/span><span data-contrast=\"auto\">\u00a0<\/span><span data-contrast=\"auto\">&#8211;<\/span><span data-contrast=\"auto\">Compliance<\/span><span data-contrast=\"auto\">),<\/span><span data-contrast=\"auto\">\u00a0<\/span><span data-contrast=\"auto\">\u00a0A\u00a0<\/span><span data-contrast=\"auto\">v<\/span><span data-contrast=\"auto\">iselked\u00e9s<\/span><span data-contrast=\"auto\">i st\u00edlus<\/span><span data-contrast=\"auto\">\u00a0felfedi, hogy egy szem\u00e9ly hogyan teljes\u00edt, bele\u00e9rtve a<\/span><span data-contrast=\"auto\">\u00a0csapathoz hozz\u00e1adott \u00e9rt\u00e9k\u00e9t\u00a0<\/span><span data-contrast=\"auto\">\u00a0az \u0151 ide\u00e1lis k\u00f6rnyezet\u00e9t \u00e9s az esetleges<\/span><span data-contrast=\"auto\">\u00a0<\/span><span data-contrast=\"auto\">\u00a0akad\u00e1lyokat\u00a0<\/span><span data-contrast=\"auto\">, amikkel szembes\u00fclhet.\u00a0<\/span><span data-ccp-props=\"{&quot;201341983&quot;:0,&quot;335559739&quot;:200,&quot;335559740&quot;:276}\">\u00a0<\/span>[\/vc_column_text][vc_btn title=&#8221;B\u0151vebben&#8221; color=&#8221;pink&#8221; align=&#8221;center&#8221; link=&#8221;url:https%3A%2F%2Fwww.ttisuccessinsights.hu%2Fhu%2Ffive-sciences%2Fbehaviors-disc%2F|title:Behaviors%2FDISC||&#8221;][\/vc_column][vc_column width=&#8221;1\/2&#8243;][vc_single_image image=&#8221;2843&#8243; img_size=&#8221;full&#8221; alignment=&#8221;center&#8221;][vc_column_text]<\/p>\n<h2 class=\"listTitle\" style=\"text-align: center;\">Hajt\u00f3er\u0151k<\/h2>\n<div class=\"stackWrap\">\n<p><strong>Measured in six key areas: f\u0151 ter\u00fcleten m\u00e9rj\u00fck:<\/strong><\/p>\n<ul>\n<li data-leveltext=\"\uf0b7\" data-font=\"Symbol\" data-listid=\"5\" aria-setsize=\"-1\" data-aria-posinset=\"1\" data-aria-level=\"1\"><span data-contrast=\"auto\">\u00d6nfejleszt\u0151<\/span><span data-ccp-props=\"{&quot;134233279&quot;:true,&quot;201341983&quot;:0,&quot;335559739&quot;:200,&quot;335559740&quot;:276}\">\u00a0<\/span><\/li>\n<li data-leveltext=\"\uf0b7\" data-font=\"Symbol\" data-listid=\"5\" aria-setsize=\"-1\" data-aria-posinset=\"1\" data-aria-level=\"1\"><span data-contrast=\"auto\">Hasznos<\/span><\/li>\n<li data-leveltext=\"\uf0b7\" data-font=\"Symbol\" data-listid=\"5\" aria-setsize=\"-1\" data-aria-posinset=\"1\" data-aria-level=\"1\"><span data-contrast=\"auto\">Eszt\u00e9tikus<\/span><span data-ccp-props=\"{&quot;134233279&quot;:true,&quot;201341983&quot;:0,&quot;335559739&quot;:200,&quot;335559740&quot;:276}\">\u00a0<\/span><\/li>\n<li data-leveltext=\"\uf0b7\" data-font=\"Symbol\" data-listid=\"5\" aria-setsize=\"-1\" data-aria-posinset=\"1\" data-aria-level=\"1\"><span data-contrast=\"auto\">Szoci\u00e1lis<\/span><span data-ccp-props=\"{&quot;134233279&quot;:true,&quot;201341983&quot;:0,&quot;335559739&quot;:200,&quot;335559740&quot;:276}\">\u00a0<\/span><\/li>\n<li data-leveltext=\"\uf0b7\" data-font=\"Symbol\" data-listid=\"5\" aria-setsize=\"-1\" data-aria-posinset=\"1\" data-aria-level=\"1\"><span data-contrast=\"auto\">Individu\u00e1lis<\/span><span data-ccp-props=\"{&quot;134233279&quot;:true,&quot;201341983&quot;:0,&quot;335559739&quot;:200,&quot;335559740&quot;:276}\">\u00a0<\/span><\/li>\n<li data-leveltext=\"\uf0b7\" data-font=\"Symbol\" data-listid=\"5\" aria-setsize=\"-1\" data-aria-posinset=\"1\" data-aria-level=\"1\"><span data-contrast=\"auto\">Tradicion\u00e1lis<\/span><\/li>\n<\/ul>\n<ul>\n<li style=\"list-style-type: none;\"><\/li>\n<\/ul>\n<p>A\u00a0<span data-contrast=\"auto\">motiv\u00e1torok<\/span><span data-contrast=\"auto\">\u00a0<\/span><span data-contrast=\"auto\">ablakok, melyeken kereszt\u00fcl egy egy\u00e9n l\u00e1tja a vil\u00e1got, ez\u00e1ltal\u00a0<\/span><span data-contrast=\"auto\">form\u00e1lja\u00a0<\/span><span data-contrast=\"auto\">a viselked\u00e9s\u00e9t. A\u00a0<\/span><span data-contrast=\"auto\">motiv\u00e1torok<\/span><span data-contrast=\"auto\">\u00a0felfedik, mi\u00e9rt viselkedik,\u00a0<\/span><span data-contrast=\"auto\">az\u00a0<\/span><span data-contrast=\"auto\">egy\u00e9n egy bizonyos m\u00f3don- mi motiv\u00e1lja egy munka teljes\u00edt\u00e9s\u00e9re.<\/span><span data-ccp-props=\"{&quot;201341983&quot;:0,&quot;335559739&quot;:200,&quot;335559740&quot;:276}\">\u00a0<\/span><\/p>\n<\/div>\n<p>[\/vc_column_text][vc_btn title=&#8221;B\u0151vebben&#8221; color=&#8221;pink&#8221; align=&#8221;center&#8221; link=&#8221;url:https%3A%2F%2Fwww.ttisuccessinsights.hu%2Fhu%2Ffive-sciences%2Fmotivators%2F|title:Motivators||&#8221;][\/vc_column][\/vc_row][vc_row][vc_column width=&#8221;1\/2&#8243;][vc_single_image image=&#8221;2720&#8243; img_size=&#8221;full&#8221; alignment=&#8221;center&#8221;][vc_column_text]<\/p>\n<h2 class=\"listTitle\" style=\"text-align: center;\">Potenci\u00e1l<\/h2>\n<div class=\"stackWrap\">\n<p>Az potenci\u00e1lt a gondolkod\u00e1s h\u00e1rom dimenzi\u00f3ja alapj\u00e1n vizsg\u00e1lj\u00e1k, elemezve mind a vil\u00e1g, mind az \u00f6nk\u00e9p\u00e9t:<\/p>\n<ul>\n<li>k\u00fcls\u0151<\/li>\n<li>bels\u0151<\/li>\n<li>sziszt\u00e9m\u00e1s<\/li>\n<\/ul>\n<p>A potenci\u00e1l, vagy egy szem\u00e9ly lelkesed\u00e9se \u00e9s felfog\u00e1s\u00e1nak m\u00e9lys\u00e9ge, hat\u00e1rozza meg, gondolkod\u00e1s\u00e1t, d\u00f6nt\u00e9shozatal\u00e1t\u00a0\u00e9s tiszt\u00e1zza egy ember term\u00e9szetes k\u00e9pess\u00e9geit \u00e9s kapacit\u00e1s\u00e1t.<\/p>\n<p>&nbsp;<\/p>\n<\/div>\n<p>[\/vc_column_text][vc_btn title=&#8221;B\u0151vebben&#8221; color=&#8221;pink&#8221; align=&#8221;center&#8221; link=&#8221;url:https%3A%2F%2Fwww.ttisuccessinsights.hu%2Fhu%2Ffive-sciences%2Facumen%2F|title:Acumen||&#8221;][\/vc_column][vc_column width=&#8221;1\/2&#8243;][vc_single_image image=&#8221;2727&#8243; img_size=&#8221;full&#8221; alignment=&#8221;center&#8221;][vc_column_text]<\/p>\n<h2 class=\"listTitle\" style=\"text-align: center;\">Kompetenci\u00e1k<\/h2>\n<p><span style=\"font-size: 14px;\">A kutat\u00e1s<\/span><span style=\"font-size: 14px;\" data-contrast=\"auto\">on alapul\u00f3\u00a0<\/span><span style=\"font-size: 14px;\" data-contrast=\"auto\">, az \u00fczleti k\u00f6rnyezettel k\u00f6zvetlen\u00fcl \u00f6sszef\u00fcgg\u0151 23 szem\u00e9lyes k\u00e9szs\u00e9g m\u00e9r\u00e9s\u00e9vel<\/span><span style=\"font-size: 14px;\" data-contrast=\"auto\">,<\/span><span style=\"font-size: 14px;\" data-contrast=\"auto\"> a kompetenci\u00e1kat h\u00e1rom szinten hat\u00e1rozz\u00e1k meg: j\u00f3l fejlett, fejlett, m\u00e9rs\u00e9kelten fejlett, fejleszt\u00e9st ig\u00e9ny<\/span><span style=\"font-size: 14px;\" data-contrast=\"auto\">l\u0151<\/span><span style=\"font-size: 14px;\" data-contrast=\"auto\">. A munkahelyi referencia\u00e9rt\u00e9kekkel egy\u00fctt alkalmazva a kompetenci\u00e1k biztos\u00edtj\u00e1k, hogy az egyes egy\u00e9nek bels\u0151 k\u00e9pess\u00e9gei megfelel<\/span><span style=\"font-size: 14px;\" data-contrast=\"auto\">jenek a munka \u00e1ltal megk\u00f6vetel<\/span><span style=\"font-size: 14px;\" data-contrast=\"auto\">t <\/span><span style=\"font-size: 14px;\" data-contrast=\"auto\">l\u00e1gy k\u00e9pess\u00e9geknek.<\/span><span style=\"font-size: 14px;\" data-ccp-props=\"{&quot;201341983&quot;:0,&quot;335559739&quot;:200,&quot;335559740&quot;:276}\">\u00a0<\/span>[\/vc_column_text][vc_btn title=&#8221;B\u0151vebben&#8221; color=&#8221;pink&#8221; align=&#8221;center&#8221; link=&#8221;url:https%3A%2F%2Fwww.ttisuccessinsights.hu%2Fhu%2Ffive-sciences%2Fcompetencies%2F|title:Competencies||&#8221;][\/vc_column][\/vc_row][vc_row][vc_column width=&#8221;1\/2&#8243;][vc_single_image image=&#8221;2734&#8243; img_size=&#8221;full&#8221; alignment=&#8221;center&#8221;][vc_column_text]<\/p>\n<h2 class=\"listTitle\" style=\"text-align: center;\"><span class=\"TextRun SCXW171193710 BCX9\" lang=\"HU-HU\" xml:lang=\"HU-HU\" data-contrast=\"auto\"><span class=\"NormalTextRun SCXW171193710 BCX9\">\u00c9rzelmi intelligencia\/EQ<\/span><\/span><span class=\"EOP SCXW171193710 BCX9\" data-ccp-props=\"{&quot;201341983&quot;:0,&quot;335559739&quot;:200,&quot;335559740&quot;:276}\">\u00a0<\/span><\/h2>\n<div class=\"stackWrap\">\n<p>Az interperszon\u00e1lis \u00e9s\u00a0<span data-contrast=\"auto\">intraperszon\u00e1lis<\/span><span data-contrast=\"auto\">\u00a0intelligenci\u00e1n bel\u00fcl \u00f6t ter\u00fcleten m\u00e9r<\/span><span data-contrast=\"auto\">t<\/span><span data-contrast=\"auto\">\u00a0az \u00e9rzelmi intelligencia (m\u00e1s n\u00e9ven EQ) az egy\u00e9n azon k\u00e9pess\u00e9ge,\u00a0<\/span><span data-contrast=\"auto\">amivel<\/span><span data-contrast=\"auto\">\u00a0\u00e9rz\u00e9kel<\/span><span data-contrast=\"auto\">i<\/span><span data-contrast=\"auto\">, meg\u00e9rt<\/span><span data-contrast=\"auto\">i<\/span><span data-contrast=\"auto\">\u00a0\u00e9s hat\u00e9konyan\u00a0<\/span><span data-contrast=\"auto\">alkalmazza az \u00e9rzelmek erej\u00e9t \u00e9s \u00e9rzet\u00e9t, hogy megk\u00f6nny\u00edtse a magas szint\u0171 egy\u00fcttm\u0171k\u00f6d\u00e9st \u00e9s a\u00a0<\/span><span data-contrast=\"auto\">hat\u00e9konys\u00e1got<\/span><span data-contrast=\"auto\">.<\/span><span data-ccp-props=\"{&quot;201341983&quot;:0,&quot;335559739&quot;:200,&quot;335559740&quot;:276}\">\u00a0<\/span><\/p>\n<\/div>\n<p>[\/vc_column_text][vc_btn title=&#8221;B\u0151vebben&#8221; color=&#8221;pink&#8221; align=&#8221;center&#8221; link=&#8221;url:https%3A%2F%2Fwww.ttisuccessinsights.hu%2Fhu%2Ffive-sciences%2Femotional-intelligence-eq%2F|title:Emotional%20Intelligence%2FEQ||&#8221;][\/vc_column][vc_column width=&#8221;1\/2&#8243;][\/vc_column][\/vc_row]<\/p>\n<\/div>","protected":false},"excerpt":{"rendered":"<p>[vc_row][vc_column][vc_column_text] \u00d6t tudom\u00e1ny alapj\u00e1n m\u00e9r\u00fcnk [\/vc_column_text][\/vc_column][vc_column width=&#8221;1\/2&#8243;][vc_single_image image=&#8221;2706&#8243; img_size=&#8221;full&#8221; alignment=&#8221;center&#8221;][vc_column_text] Viselked\u00e9s\/DISC N\u00e9gy r\u00e9szben van m\u00e9rve (DISC: Dominancia\u00a0&#8211;Dominance, Befoly\u00e1sol\u00e1s\u00a0&#8211;Influence, Kitart\u00e1s\u00a0&#8211;Steadiness\u00a0\u00e9s Szab\u00e1lytisztelet\u00a0&#8211;Compliance),\u00a0\u00a0A\u00a0viselked\u00e9si st\u00edlus\u00a0felfedi, hogy egy szem\u00e9ly hogyan teljes\u00edt, bele\u00e9rtve a\u00a0csapathoz hozz\u00e1adott \u00e9rt\u00e9k\u00e9t\u00a0\u00a0az \u0151 ide\u00e1lis k\u00f6rnyezet\u00e9t \u00e9s az esetleges\u00a0\u00a0akad\u00e1lyokat\u00a0, amikkel szembes\u00fclhet.\u00a0\u00a0[\/vc_column_text][vc_btn title=&#8221;B\u0151vebben&#8221; color=&#8221;pink&#8221; align=&#8221;center&#8221; link=&#8221;url:https%3A%2F%2Fwww.ttisuccessinsights.hu%2Fhu%2Ffive-sciences%2Fbehaviors-disc%2F|title:Behaviors%2FDISC||&#8221;][\/vc_column][vc_column width=&#8221;1\/2&#8243;][vc_single_image image=&#8221;2843&#8243; img_size=&#8221;full&#8221; alignment=&#8221;center&#8221;][vc_column_text] Hajt\u00f3er\u0151k Measured in six<span class=\"excerpt-hellip\"> [\u2026]<\/span><\/p>\n","protected":false},"author":1,"featured_media":0,"parent":0,"menu_order":0,"comment_status":"closed","ping_status":"closed","template":"","meta":{"inline_featured_image":false,"footnotes":""},"class_list":["post-660","page","type-page","status-publish","hentry"],"_links":{"self":[{"href":"https:\/\/www.ttisuccessinsights.hu\/hu\/wp-json\/wp\/v2\/pages\/660","targetHints":{"allow":["GET"]}}],"collection":[{"href":"https:\/\/www.ttisuccessinsights.hu\/hu\/wp-json\/wp\/v2\/pages"}],"about":[{"href":"https:\/\/www.ttisuccessinsights.hu\/hu\/wp-json\/wp\/v2\/types\/page"}],"author":[{"embeddable":true,"href":"https:\/\/www.ttisuccessinsights.hu\/hu\/wp-json\/wp\/v2\/users\/1"}],"replies":[{"embeddable":true,"href":"https:\/\/www.ttisuccessinsights.hu\/hu\/wp-json\/wp\/v2\/comments?post=660"}],"version-history":[{"count":13,"href":"https:\/\/www.ttisuccessinsights.hu\/hu\/wp-json\/wp\/v2\/pages\/660\/revisions"}],"predecessor-version":[{"id":2850,"href":"https:\/\/www.ttisuccessinsights.hu\/hu\/wp-json\/wp\/v2\/pages\/660\/revisions\/2850"}],"wp:attachment":[{"href":"https:\/\/www.ttisuccessinsights.hu\/hu\/wp-json\/wp\/v2\/media?parent=660"}],"curies":[{"name":"wp","href":"https:\/\/api.w.org\/{rel}","templated":true}]}}