{"id":580,"date":"2019-12-09T15:07:17","date_gmt":"2019-12-09T15:07:17","guid":{"rendered":"https:\/\/www.ttisuccessinsights.hu\/?page_id=580"},"modified":"2021-04-30T12:02:55","modified_gmt":"2021-04-30T12:02:55","slug":"our-solutions","status":"publish","type":"page","link":"https:\/\/www.ttisuccessinsights.hu\/hu\/our-solutions\/","title":{"rendered":"Megold\u00e1saink"},"content":{"rendered":"<div class=\"wpb-content-wrapper\"><p>[vc_row][vc_column width=&#8221;1\/3&#8243;][vc_column_text]<\/p>\n<h3><img loading=\"lazy\" decoding=\"async\" class=\"aligncenter\" src=\"https:\/\/www.ttisuccessinsights.hu\/wp-content\/uploads\/2019\/09\/Selection-Products.png\" alt=\"\" width=\"128\" height=\"128\" \/><\/h3>\n<h3 style=\"text-align: center;\"><span class=\"TextRun SCXW112398099 BCX9\" lang=\"HU-HU\" xml:lang=\"HU-HU\" data-contrast=\"auto\"><span class=\"NormalTextRun SCXW112398099 BCX9\">Kiv\u00e1laszt\u00e1s\/Toborz\u00e1s<\/span><\/span><span class=\"EOP SCXW112398099 BCX9\" data-ccp-props=\"{&quot;201341983&quot;:0,&quot;335559739&quot;:200,&quot;335559740&quot;:276}\">\u00a0<\/span><\/h3>\n<p style=\"text-align: center;\">Vonzza be \u00e9s szerezze meg a legjobb embereket a v\u00e1llalkoz\u00e1s\u00e1hoz<\/p>\n<p>[\/vc_column_text][\/vc_column][vc_column width=&#8221;1\/3&#8243;][vc_column_text]<\/p>\n<h3><img loading=\"lazy\" decoding=\"async\" class=\"aligncenter\" src=\"https:\/\/www.ttisuccessinsights.hu\/wp-content\/uploads\/2019\/09\/Onboarding-Products.png\" alt=\"\" width=\"128\" height=\"128\" \/><\/h3>\n<h3 style=\"text-align: center;\">Onboarding<\/h3>\n<p style=\"text-align: center;\"><span class=\"TextRun SCXW80282751 BCX9\" lang=\"HU-HU\" xml:lang=\"HU-HU\" data-contrast=\"auto\"><span class=\"NormalTextRun SCXW80282751 BCX9\">Oktasson, integr\u00e1ljon \u00e9s \u00e9rjen el c\u00e9lok<\/span><\/span><span class=\"TrackChangeTextInsertion TrackedChange SCXW80282751 BCX9\"><span class=\"TextRun SCXW80282751 BCX9\" lang=\"HU-HU\" xml:lang=\"HU-HU\" data-contrast=\"auto\"><span class=\"NormalTextRun SCXW80282751 BCX9\">at<\/span><\/span><\/span><span class=\"TextRun SCXW80282751 BCX9\" lang=\"HU-HU\" xml:lang=\"HU-HU\" data-contrast=\"auto\"><span class=\"NormalTextRun SCXW80282751 BCX9\"> gyorsan a csapat sz\u00e1m\u00e1ra \u00faj emberekkel<\/span><\/span><\/p>\n<p>[\/vc_column_text][\/vc_column][vc_column width=&#8221;1\/3&#8243;][vc_column_text]<\/p>\n<h3 style=\"text-align: center;\"><img loading=\"lazy\" decoding=\"async\" src=\"https:\/\/www.ttisuccessinsights.hu\/wp-content\/uploads\/2019\/09\/Coaching-Products.png\" alt=\"\" width=\"128\" height=\"128\" \/><\/h3>\n<h3 style=\"text-align: center;\">Coaching<\/h3>\n<div style=\"text-align: center;\"><span class=\"TextRun SCXW182728819 BCX9\" lang=\"HU-HU\" xml:lang=\"HU-HU\" data-contrast=\"auto\"><span class=\"NormalTextRun SCXW182728819 BCX9\">Vezesse \u00e9s t\u00e1mogassa az embereket szem\u00e9lyes \u00e9s szakmai \u00fatjuk sor\u00e1n<\/span><\/span><span class=\"EOP SCXW182728819 BCX9\" data-ccp-props=\"{&quot;201341983&quot;:0,&quot;335559739&quot;:200,&quot;335559740&quot;:276}\">\u00a0<\/span><\/div>\n<p>[\/vc_column_text][\/vc_column][\/vc_row][vc_row][vc_column width=&#8221;1\/3&#8243;][vc_column_text]<\/p>\n<h3><img loading=\"lazy\" decoding=\"async\" class=\"aligncenter\" src=\"https:\/\/www.ttisuccessinsights.hu\/wp-content\/uploads\/2019\/09\/Leadership_Development-Products.png\" alt=\"\" width=\"128\" height=\"128\" \/><\/h3>\n<h3 style=\"text-align: center;\"><span class=\"TextRun SCXW44928873 BCX9\" lang=\"HU-HU\" xml:lang=\"HU-HU\" data-contrast=\"auto\"><span class=\"NormalTextRun SCXW44928873 BCX9\">Vezet\u00e9s \u00e9s tehets\u00e9gfejleszt\u00e9s<\/span><\/span><span class=\"EOP SCXW44928873 BCX9\" data-ccp-props=\"{&quot;201341983&quot;:0,&quot;335559739&quot;:200,&quot;335559740&quot;:276}\">\u00a0<\/span><\/h3>\n<p style=\"text-align: center;\">Fejlesszen tov\u00e1bb \u00e9s haladjon el\u0151re azokkal az emberekkel, akik k\u00e9pesek m\u00e1sok vezet\u00e9s\u00e9re<\/p>\n<p>[\/vc_column_text][\/vc_column][vc_column width=&#8221;1\/3&#8243;][vc_column_text]<\/p>\n<div class=\"et_pb_module et_pb_text et_pb_text_4 iconRow et_pb_bg_layout_light et_pb_text_align_left\">\n<div class=\"et_pb_text_inner\">\n<div class=\"et_pb_module et_pb_text et_pb_text_10 iconRow et_pb_bg_layout_light et_pb_text_align_left\">\n<div class=\"et_pb_text_inner\">\n<h3><img loading=\"lazy\" decoding=\"async\" class=\"alignnone size-full wp-image-296 aligncenter\" src=\"https:\/\/www.ttisuccessinsights.hu\/wp-content\/uploads\/2019\/09\/Organizational_Development-Products.png\" alt=\"\" width=\"128\" height=\"128\" srcset=\"https:\/\/www.ttisuccessinsights.hu\/wp-content\/uploads\/2019\/09\/Organizational_Development-Products.png 128w, https:\/\/www.ttisuccessinsights.hu\/wp-content\/uploads\/2019\/09\/Organizational_Development-Products-50x50.png 50w, https:\/\/www.ttisuccessinsights.hu\/wp-content\/uploads\/2019\/09\/Organizational_Development-Products-75x75.png 75w, https:\/\/www.ttisuccessinsights.hu\/wp-content\/uploads\/2019\/09\/Organizational_Development-Products-85x85.png 85w, https:\/\/www.ttisuccessinsights.hu\/wp-content\/uploads\/2019\/09\/Organizational_Development-Products-80x80.png 80w\" sizes=\"auto, (max-width:767px) 128px, 128px\" \/><\/h3>\n<h3 style=\"text-align: center;\"><span class=\"TextRun Highlight SCXW561930 BCX9\" lang=\"HU-HU\" xml:lang=\"HU-HU\" data-contrast=\"auto\"><span class=\"NormalTextRun SCXW561930 BCX9\">Szervezeti fejleszt\u00e9s<\/span><\/span><span class=\"EOP SCXW561930 BCX9\" data-ccp-props=\"{&quot;201341983&quot;:0,&quot;335559739&quot;:200,&quot;335559740&quot;:276}\">\u00a0<\/span><\/h3>\n<p>&nbsp;<\/p>\n<\/div>\n<\/div>\n<div class=\"et_pb_module et_pb_text et_pb_text_11 et_pb_bg_layout_light et_pb_text_align_left\">\n<div class=\"et_pb_text_inner\" style=\"text-align: center;\"><span class=\"TextRun Highlight SCXW145819418 BCX9\" lang=\"HU-HU\" xml:lang=\"HU-HU\" data-contrast=\"auto\"><span class=\"NormalTextRun SCXW145819418 BCX9\">Jav\u00edtsa az alkalmazottak tapasztalatait az interperszon\u00e1lis dinamika optimaliz\u00e1l\u00e1s\u00e1val<\/span><\/span><span class=\"EOP SCXW145819418 BCX9\" data-ccp-props=\"{&quot;201341983&quot;:0,&quot;335559739&quot;:200,&quot;335559740&quot;:276}\">\u00a0<\/span><\/div>\n<\/div>\n<\/div>\n<\/div>\n<p>[\/vc_column_text][\/vc_column][vc_column width=&#8221;1\/3&#8243;][vc_column_text]<\/p>\n<div class=\"et_pb_module et_pb_text et_pb_text_6 iconRow et_pb_bg_layout_light et_pb_text_align_left\">\n<div class=\"et_pb_text_inner\">\n<div class=\"et_pb_module et_pb_text et_pb_text_12 iconRow et_pb_bg_layout_light et_pb_text_align_left\">\n<div class=\"et_pb_text_inner\">\n<h3 style=\"text-align: center;\"><img loading=\"lazy\" decoding=\"async\" class=\"alignnone size-full wp-image-297\" src=\"https:\/\/www.ttisuccessinsights.hu\/wp-content\/uploads\/2019\/09\/Strategic_Planning-Products.png\" alt=\"\" width=\"128\" height=\"128\" srcset=\"https:\/\/www.ttisuccessinsights.hu\/wp-content\/uploads\/2019\/09\/Strategic_Planning-Products.png 128w, https:\/\/www.ttisuccessinsights.hu\/wp-content\/uploads\/2019\/09\/Strategic_Planning-Products-50x50.png 50w, https:\/\/www.ttisuccessinsights.hu\/wp-content\/uploads\/2019\/09\/Strategic_Planning-Products-75x75.png 75w, https:\/\/www.ttisuccessinsights.hu\/wp-content\/uploads\/2019\/09\/Strategic_Planning-Products-85x85.png 85w, https:\/\/www.ttisuccessinsights.hu\/wp-content\/uploads\/2019\/09\/Strategic_Planning-Products-80x80.png 80w\" sizes=\"auto, (max-width:767px) 128px, 128px\" \/><\/h3>\n<h3 style=\"text-align: center;\"><span class=\"TextRun SCXW205184436 BCX9\" lang=\"HU-HU\" xml:lang=\"HU-HU\" data-contrast=\"auto\"><span class=\"NormalTextRun SCXW205184436 BCX9\">Strat\u00e9gia tervez\u00e9s<\/span><\/span><span class=\"EOP SCXW205184436 BCX9\" data-ccp-props=\"{&quot;201341983&quot;:0,&quot;335559739&quot;:200,&quot;335559740&quot;:276}\">\u00a0<\/span><\/h3>\n<p>&nbsp;<\/p>\n<\/div>\n<\/div>\n<div class=\"et_pb_module et_pb_text et_pb_text_13 et_pb_bg_layout_light et_pb_text_align_left\">\n<div class=\"et_pb_text_inner\" style=\"text-align: center;\">\n<p>A szervezet strat\u00e9gi\u00e1j\u00e1nak<span data-contrast=\"auto\">\u00a0\u00e9s a v\u00e9grehajt<\/span><span data-contrast=\"auto\">\u00e1shoz sz\u00fcks\u00e9ges<\/span><span data-contrast=\"auto\">\u00a0<\/span><span data-contrast=\"auto\">er\u0151forr\u00e1sok\u00a0<\/span><span data-contrast=\"auto\">meghat\u00e1roz\u00e1sa<\/span><\/p>\n<\/div>\n<\/div>\n<\/div>\n<\/div>\n<p>[\/vc_column_text][\/vc_column][\/vc_row][vc_row][vc_column width=&#8221;1\/3&#8243;][vc_column_text]<\/p>\n<div class=\"et_pb_module et_pb_text et_pb_text_8 iconRow et_pb_bg_layout_light et_pb_text_align_left\">\n<div class=\"et_pb_text_inner\">\n<div class=\"et_pb_module et_pb_text et_pb_text_14 iconRow et_pb_bg_layout_light et_pb_text_align_left\">\n<div class=\"et_pb_text_inner\">\n<h3><img loading=\"lazy\" decoding=\"async\" class=\"alignnone size-full wp-image-298 aligncenter\" src=\"https:\/\/www.ttisuccessinsights.hu\/wp-content\/uploads\/2019\/09\/Team_Building-products.png\" alt=\"\" width=\"128\" height=\"128\" srcset=\"https:\/\/www.ttisuccessinsights.hu\/wp-content\/uploads\/2019\/09\/Team_Building-products.png 128w, https:\/\/www.ttisuccessinsights.hu\/wp-content\/uploads\/2019\/09\/Team_Building-products-50x50.png 50w, https:\/\/www.ttisuccessinsights.hu\/wp-content\/uploads\/2019\/09\/Team_Building-products-75x75.png 75w, https:\/\/www.ttisuccessinsights.hu\/wp-content\/uploads\/2019\/09\/Team_Building-products-85x85.png 85w, https:\/\/www.ttisuccessinsights.hu\/wp-content\/uploads\/2019\/09\/Team_Building-products-80x80.png 80w\" sizes=\"auto, (max-width:767px) 128px, 128px\" \/><\/h3>\n<h3 style=\"text-align: center;\">Csapat\u00e9p\u00edt\u00e9s<\/h3>\n<\/div>\n<\/div>\n<div class=\"et_pb_module et_pb_text et_pb_text_15 et_pb_bg_layout_light et_pb_text_align_left\" style=\"text-align: center;\">\n<div class=\"et_pb_text_inner\">\n<p>N\u00f6velje az interperszon\u00e1lis dinamik\u00e1t egy szervezet tagjai k\u00f6z\u00f6tt<\/p>\n<\/div>\n<\/div>\n<\/div>\n<\/div>\n<p>[\/vc_column_text][\/vc_column][vc_column width=&#8221;1\/3&#8243;][vc_column_text]<\/p>\n<div class=\"et_pb_module et_pb_text et_pb_text_4 iconRow et_pb_bg_layout_light et_pb_text_align_left\">\n<div class=\"et_pb_text_inner\">\n<div class=\"et_pb_module et_pb_text et_pb_text_10 iconRow et_pb_bg_layout_light et_pb_text_align_left\">\n<div class=\"et_pb_text_inner\">\n<div class=\"et_pb_module et_pb_text et_pb_text_16 iconRow et_pb_bg_layout_light et_pb_text_align_left\">\n<div class=\"et_pb_text_inner\">\n<h3><img loading=\"lazy\" decoding=\"async\" class=\"alignnone size-full wp-image-299 aligncenter\" src=\"https:\/\/www.ttisuccessinsights.hu\/wp-content\/uploads\/2019\/09\/Training-Products.png\" alt=\"\" width=\"128\" height=\"128\" srcset=\"https:\/\/www.ttisuccessinsights.hu\/wp-content\/uploads\/2019\/09\/Training-Products.png 128w, https:\/\/www.ttisuccessinsights.hu\/wp-content\/uploads\/2019\/09\/Training-Products-50x50.png 50w, https:\/\/www.ttisuccessinsights.hu\/wp-content\/uploads\/2019\/09\/Training-Products-75x75.png 75w, https:\/\/www.ttisuccessinsights.hu\/wp-content\/uploads\/2019\/09\/Training-Products-85x85.png 85w, https:\/\/www.ttisuccessinsights.hu\/wp-content\/uploads\/2019\/09\/Training-Products-80x80.png 80w\" sizes=\"auto, (max-width:767px) 128px, 128px\" \/><\/h3>\n<h3 style=\"text-align: center;\">Training<\/h3>\n<\/div>\n<\/div>\n<div class=\"et_pb_module et_pb_text et_pb_text_17 et_pb_bg_layout_light et_pb_text_align_left\">\n<div class=\"et_pb_text_inner\" style=\"text-align: center;\"><span class=\"TextRun SCXW159263947 BCX9\" lang=\"HU-HU\" xml:lang=\"HU-HU\" data-contrast=\"auto\"><span class=\"NormalTextRun SCXW159263947 BCX9\">Tanuljon a teljes\u00edtm\u00e9nyt jav\u00edt\u00f3 speci\u00e1lis k\u00e9szs\u00e9gekr\u0151l \u00e9s viselked\u00e9sr\u0151l<\/span><\/span><span class=\"EOP SCXW159263947 BCX9\" data-ccp-props=\"{&quot;201341983&quot;:0,&quot;335559739&quot;:200,&quot;335559740&quot;:276}\">\u00a0<\/span><\/div>\n<\/div>\n<\/div>\n<\/div>\n<\/div>\n<\/div>\n<p>[\/vc_column_text][\/vc_column][vc_column width=&#8221;1\/3&#8243;][vc_column_text]<\/p>\n<div class=\"et_pb_module et_pb_text et_pb_text_6 iconRow et_pb_bg_layout_light et_pb_text_align_left\">\n<div class=\"et_pb_text_inner\">\n<div class=\"et_pb_module et_pb_text et_pb_text_18 iconRow et_pb_bg_layout_light et_pb_text_align_left\">\n<div class=\"et_pb_text_inner\">\n<h3><img loading=\"lazy\" decoding=\"async\" class=\"alignnone size-full wp-image-300 aligncenter\" src=\"https:\/\/www.ttisuccessinsights.hu\/wp-content\/uploads\/2019\/09\/Train_the_Trainer-Products.png\" alt=\"\" width=\"128\" height=\"128\" srcset=\"https:\/\/www.ttisuccessinsights.hu\/wp-content\/uploads\/2019\/09\/Train_the_Trainer-Products.png 128w, https:\/\/www.ttisuccessinsights.hu\/wp-content\/uploads\/2019\/09\/Train_the_Trainer-Products-50x50.png 50w, https:\/\/www.ttisuccessinsights.hu\/wp-content\/uploads\/2019\/09\/Train_the_Trainer-Products-75x75.png 75w, https:\/\/www.ttisuccessinsights.hu\/wp-content\/uploads\/2019\/09\/Train_the_Trainer-Products-85x85.png 85w, https:\/\/www.ttisuccessinsights.hu\/wp-content\/uploads\/2019\/09\/Train_the_Trainer-Products-80x80.png 80w\" sizes=\"auto, (max-width:767px) 128px, 128px\" \/><\/h3>\n<h3 style=\"text-align: center;\">Train the Trainer<\/h3>\n<\/div>\n<\/div>\n<div class=\"et_pb_module et_pb_text et_pb_text_19 et_pb_bg_layout_light et_pb_text_align_left\">\n<div class=\"et_pb_text_inner\" style=\"text-align: center;\"><span class=\"TextRun SCXW127768429 BCX9\" lang=\"HU-HU\" xml:lang=\"HU-HU\" data-contrast=\"auto\"><span class=\"NormalTextRun SCXW127768429 BCX9\">Tan\u00edtsa meg az embereknek, hogyan utas\u00edtsanak m\u00e1sokat az \u00fa<\/span><\/span><span class=\"TrackChangeTextDeletion TrackedChange SCXW127768429 BCX9\"><span class=\"TextRun SCXW127768429 BCX9\" lang=\"HU-HU\" xml:lang=\"HU-HU\" data-contrast=\"auto\"><span class=\"NormalTextRun SCXW127768429 BCX9\">j<\/span><\/span><\/span><span class=\"TextRun SCXW127768429 BCX9\" lang=\"HU-HU\" xml:lang=\"HU-HU\" data-contrast=\"auto\"><span class=\"NormalTextRun SCXW127768429 BCX9\">\u00a0k\u00e9szs\u00e9gek hasznos\u00edt\u00e1s\u00e1ra<\/span><\/span><span class=\"EOP SCXW127768429 BCX9\" data-ccp-props=\"{&quot;201341983&quot;:0,&quot;335559739&quot;:200,&quot;335559740&quot;:276}\">\u00a0<\/span><\/div>\n<\/div>\n<\/div>\n<\/div>\n<p>[\/vc_column_text][\/vc_column][\/vc_row][vc_row disable_element=&#8221;yes&#8221;][vc_column width=&#8221;1\/2&#8243;][vc_single_image image=&#8221;139&#8243; img_size=&#8221;full&#8221; alignment=&#8221;center&#8221;][vc_column_text]<\/p>\n<h2 class=\"listTitle\" style=\"text-align: center;\">Benchmarking<\/h2>\n<div class=\"stackWrap\">\n<p>Our job-benchmarking process enables organizations to assess a specific job \u2014 not the person \u2014 and the qualifications required for candidates to be successful. From there, our tailored process can be used in selection and development to create better overall job fit, buy-in and vastly improve retention.<\/p>\n<\/div>\n<p>[\/vc_column_text][vc_btn title=&#8221;READ MORE&#8221; color=&#8221;pink&#8221; align=&#8221;center&#8221; link=&#8221;url:https%3A%2F%2Fwww.ttisuccessinsights.hu%2Four-solutions%2Fbenchmarking%2F|||&#8221;][\/vc_column][vc_column width=&#8221;1\/2&#8243;][vc_single_image image=&#8221;140&#8243; img_size=&#8221;full&#8221; alignment=&#8221;center&#8221;][vc_column_text]<\/p>\n<h2 class=\"listTitle\" style=\"text-align: center;\">Selection<\/h2>\n<div class=\"stackWrap\">\n<p>We believe superior performers are selected when the job is able to talk, and our selection process begins with an understanding of the intrinsic knowledge and key accountabilities needed to be successful in a specific job. To find the best talent, we recommend executing a streamlined process that measures an individual\u2019s Behaviors (DISC), Motivators, soft skill competencies for the job in question.<\/p>\n<\/div>\n<p>[\/vc_column_text][vc_btn title=&#8221;READ MORE&#8221; color=&#8221;pink&#8221; align=&#8221;center&#8221; link=&#8221;url:https%3A%2F%2Fwww.ttisuccessinsights.hu%2Four-solutions%2Fselection%2F|||&#8221;][\/vc_column][\/vc_row][vc_row disable_element=&#8221;yes&#8221;][vc_column width=&#8221;1\/2&#8243;][vc_single_image image=&#8221;141&#8243; img_size=&#8221;full&#8221; alignment=&#8221;center&#8221;][vc_column_text]<\/p>\n<h2 class=\"listTitle\" style=\"text-align: center;\">Onboarding<\/h2>\n<div class=\"stackWrap\">\n<p>Successful onboarding leads to higher job satisfaction, better job performance, greater organizational commitment and reduction in stress. Onboarding can\u2019t be limited to one day\u2019s worth of learning, team building and engagement; rather, this process needs to be ongoing throughout the first several months of the employee\u2019s start date to ensure workplace readiness and buy-in from all parties.<\/p>\n<\/div>\n<p>[\/vc_column_text][vc_btn title=&#8221;READ MORE&#8221; color=&#8221;pink&#8221; align=&#8221;center&#8221; link=&#8221;url:https%3A%2F%2Fwww.ttisuccessinsights.hu%2Four-solutions%2Fonboarding%2F|||&#8221;][\/vc_column][vc_column width=&#8221;1\/2&#8243;][vc_single_image image=&#8221;142&#8243; img_size=&#8221;full&#8221; alignment=&#8221;center&#8221;][vc_column_text]<\/p>\n<h2 class=\"listTitle\" style=\"text-align: center;\">Development<\/h2>\n<div class=\"stackWrap\">\n<p>Growth and advancement on the part of employees and the organization occurs when business strategies align to fuel a culture of innovation. Those organizations that foster a culture of continuous learning find that developing knowledge-seeking talent pays tremendous dividends in gaining a competitive edge in the marketplace.<\/p>\n<\/div>\n<p>[\/vc_column_text][vc_btn title=&#8221;READ MORE&#8221; color=&#8221;pink&#8221; align=&#8221;center&#8221; link=&#8221;url:https%3A%2F%2Fwww.ttisuccessinsights.hu%2Four-solutions%2Fdevelopment%2F|||&#8221;][\/vc_column][\/vc_row][vc_row disable_element=&#8221;yes&#8221;][vc_column width=&#8221;1\/2&#8243;][vc_single_image image=&#8221;143&#8243; img_size=&#8221;full&#8221; alignment=&#8221;center&#8221;][vc_column_text]<\/p>\n<h2 class=\"listTitle\" style=\"text-align: center;\">Executive Coaching<\/h2>\n<div class=\"stackWrap\">\n<p>At its core, executive coaching is designed to help facilitate professional and personal development to improve employee performance, growth and satisfaction. Coaches must have a strong understanding of workplace differences, as well as the ability to adapt their coaching style and strategies to establish influence and an incentivized experience. This action will further an organization\u2019s performance going forward.<\/p>\n<\/div>\n<p>[\/vc_column_text][vc_btn title=&#8221;READ MORE&#8221; color=&#8221;pink&#8221; align=&#8221;center&#8221; link=&#8221;url:https%3A%2F%2Fwww.ttisuccessinsights.hu%2Four-solutions%2Fexecutive-coaching%2F|||&#8221;][\/vc_column][vc_column width=&#8221;1\/2&#8243;][\/vc_column][\/vc_row][vc_row][vc_column][vc_single_image image=&#8221;330&#8243; img_size=&#8221;full&#8221; alignment=&#8221;center&#8221;][\/vc_column][\/vc_row]<\/p>\n<\/div>","protected":false},"excerpt":{"rendered":"<p>[vc_row][vc_column width=&#8221;1\/3&#8243;][vc_column_text] Kiv\u00e1laszt\u00e1s\/Toborz\u00e1s\u00a0 Vonzza be \u00e9s szerezze meg a legjobb embereket a v\u00e1llalkoz\u00e1s\u00e1hoz [\/vc_column_text][\/vc_column][vc_column width=&#8221;1\/3&#8243;][vc_column_text] Onboarding Oktasson, integr\u00e1ljon \u00e9s \u00e9rjen el c\u00e9lokat gyorsan a csapat sz\u00e1m\u00e1ra \u00faj emberekkel [\/vc_column_text][\/vc_column][vc_column width=&#8221;1\/3&#8243;][vc_column_text] Coaching Vezesse \u00e9s t\u00e1mogassa az embereket szem\u00e9lyes \u00e9s szakmai \u00fatjuk sor\u00e1n\u00a0 [\/vc_column_text][\/vc_column][\/vc_row][vc_row][vc_column width=&#8221;1\/3&#8243;][vc_column_text] Vezet\u00e9s \u00e9s tehets\u00e9gfejleszt\u00e9s\u00a0 Fejlesszen tov\u00e1bb \u00e9s haladjon<span class=\"excerpt-hellip\"> [\u2026]<\/span><\/p>\n","protected":false},"author":1,"featured_media":0,"parent":0,"menu_order":0,"comment_status":"closed","ping_status":"closed","template":"","meta":{"inline_featured_image":false,"footnotes":""},"class_list":["post-580","page","type-page","status-publish","hentry"],"_links":{"self":[{"href":"https:\/\/www.ttisuccessinsights.hu\/hu\/wp-json\/wp\/v2\/pages\/580","targetHints":{"allow":["GET"]}}],"collection":[{"href":"https:\/\/www.ttisuccessinsights.hu\/hu\/wp-json\/wp\/v2\/pages"}],"about":[{"href":"https:\/\/www.ttisuccessinsights.hu\/hu\/wp-json\/wp\/v2\/types\/page"}],"author":[{"embeddable":true,"href":"https:\/\/www.ttisuccessinsights.hu\/hu\/wp-json\/wp\/v2\/users\/1"}],"replies":[{"embeddable":true,"href":"https:\/\/www.ttisuccessinsights.hu\/hu\/wp-json\/wp\/v2\/comments?post=580"}],"version-history":[{"count":6,"href":"https:\/\/www.ttisuccessinsights.hu\/hu\/wp-json\/wp\/v2\/pages\/580\/revisions"}],"predecessor-version":[{"id":2091,"href":"https:\/\/www.ttisuccessinsights.hu\/hu\/wp-json\/wp\/v2\/pages\/580\/revisions\/2091"}],"wp:attachment":[{"href":"https:\/\/www.ttisuccessinsights.hu\/hu\/wp-json\/wp\/v2\/media?parent=580"}],"curies":[{"name":"wp","href":"https:\/\/api.w.org\/{rel}","templated":true}]}}