{"id":555,"date":"2019-12-09T12:31:14","date_gmt":"2019-12-09T12:31:14","guid":{"rendered":"https:\/\/www.ttisuccessinsights.hu\/?page_id=555"},"modified":"2025-10-22T08:55:32","modified_gmt":"2025-10-22T08:55:32","slug":"trimetrixhd","status":"publish","type":"page","link":"https:\/\/www.ttisuccessinsights.hu\/hu\/our-products\/trimetrixhd\/","title":{"rendered":"TriMetrix\u00aeHD"},"content":{"rendered":"<div class=\"wpb-content-wrapper\"><p>[vc_row][vc_column width=&#8221;2\/3&#8243;][vc_column_text]<strong>Ezek a riportok n\u00e9gy tudom\u00e1nyb\u00f3l \u00e1llnak: Viselked\u00e9s,\u00a0Motiv\u00e1torok, Kompetenci\u00e1k \u00e9s Acumen.<\/strong><\/p>\n<p>A\u00a0TriMetrix\u00a0HD n\u00e9gy\u00a0ter\u00fcletnek a r\u00e9szleteit fedi\u00a0fel, melyek le\u00edrj\u00e1k egy kiv\u00e1l\u00f3 teljes\u00edtm\u00e9ny \u201chogyan\u201d, \u201cmi\u00e9rt\u201d\u00a0,\u00a0\u201cmi\u201d\u00a0\u00e9s \u201emire k\u00e9pes\u201d pontj\u00e1t.\u00a0Ezek a riportok n\u00e9gy tudom\u00e1nyb\u00f3l \u00e1llnak: Viselked\u00e9s, Motiv\u00e1torok, Kompetenci\u00e1k \u00e9s Acumen.<\/p>\n<p>&nbsp;<\/p>\n<p>Leggyakoribb felhaszn\u00e1l\u00e1sa vil\u00e1gszerte:<\/p>\n<ul>\n<li>Kiv\u00e1laszt\u00e1s\/Toborz\u00e1s<\/li>\n<li>Megtart\u00e1s<\/li>\n<li>Teljes\u00edtm\u00e9nyn\u00f6veked\u00e9s<\/li>\n<li>Csapathat\u00e9konys\u00e1gfejleszt\u00e9se<\/li>\n<li>Vezet\u00e9s<\/li>\n<li>Ut\u00f3dl\u00e1stervez\u00e9s<\/li>\n<\/ul>\n<p>[\/vc_column_text][\/vc_column][vc_column width=&#8221;1\/3&#8243;][vc_single_image image=&#8221;2391&#8243; img_size=&#8221;full&#8221; alignment=&#8221;center&#8221; onclick=&#8221;custom_link&#8221; img_link_target=&#8221;_blank&#8221; link=&#8221;https:\/\/www.ttisuccessinsights.hu\/wp-content\/uploads\/2025\/10\/TriHD2manHU.pdf&#8221;][\/vc_column][\/vc_row]<\/p>\n<\/div>","protected":false},"excerpt":{"rendered":"<p>[vc_row][vc_column width=&#8221;2\/3&#8243;][vc_column_text]Ezek a riportok n\u00e9gy tudom\u00e1nyb\u00f3l \u00e1llnak: Viselked\u00e9s,\u00a0Motiv\u00e1torok, Kompetenci\u00e1k \u00e9s Acumen. A\u00a0TriMetrix\u00a0HD n\u00e9gy\u00a0ter\u00fcletnek a r\u00e9szleteit fedi\u00a0fel, melyek le\u00edrj\u00e1k egy kiv\u00e1l\u00f3 teljes\u00edtm\u00e9ny \u201chogyan\u201d, \u201cmi\u00e9rt\u201d\u00a0,\u00a0\u201cmi\u201d\u00a0\u00e9s \u201emire k\u00e9pes\u201d pontj\u00e1t.\u00a0Ezek a riportok n\u00e9gy tudom\u00e1nyb\u00f3l \u00e1llnak: Viselked\u00e9s, Motiv\u00e1torok, Kompetenci\u00e1k \u00e9s Acumen. &nbsp; Leggyakoribb felhaszn\u00e1l\u00e1sa vil\u00e1gszerte: Kiv\u00e1laszt\u00e1s\/Toborz\u00e1s Megtart\u00e1s Teljes\u00edtm\u00e9nyn\u00f6veked\u00e9s Csapathat\u00e9konys\u00e1gfejleszt\u00e9se Vezet\u00e9s Ut\u00f3dl\u00e1stervez\u00e9s [\/vc_column_text][\/vc_column][vc_column width=&#8221;1\/3&#8243;][vc_single_image image=&#8221;2391&#8243; img_size=&#8221;full&#8221;<span class=\"excerpt-hellip\"> [\u2026]<\/span><\/p>\n","protected":false},"author":1,"featured_media":0,"parent":965,"menu_order":0,"comment_status":"closed","ping_status":"closed","template":"","meta":{"inline_featured_image":false,"footnotes":""},"class_list":["post-555","page","type-page","status-publish","hentry"],"_links":{"self":[{"href":"https:\/\/www.ttisuccessinsights.hu\/hu\/wp-json\/wp\/v2\/pages\/555","targetHints":{"allow":["GET"]}}],"collection":[{"href":"https:\/\/www.ttisuccessinsights.hu\/hu\/wp-json\/wp\/v2\/pages"}],"about":[{"href":"https:\/\/www.ttisuccessinsights.hu\/hu\/wp-json\/wp\/v2\/types\/page"}],"author":[{"embeddable":true,"href":"https:\/\/www.ttisuccessinsights.hu\/hu\/wp-json\/wp\/v2\/users\/1"}],"replies":[{"embeddable":true,"href":"https:\/\/www.ttisuccessinsights.hu\/hu\/wp-json\/wp\/v2\/comments?post=555"}],"version-history":[{"count":5,"href":"https:\/\/www.ttisuccessinsights.hu\/hu\/wp-json\/wp\/v2\/pages\/555\/revisions"}],"predecessor-version":[{"id":2583,"href":"https:\/\/www.ttisuccessinsights.hu\/hu\/wp-json\/wp\/v2\/pages\/555\/revisions\/2583"}],"up":[{"embeddable":true,"href":"https:\/\/www.ttisuccessinsights.hu\/hu\/wp-json\/wp\/v2\/pages\/965"}],"wp:attachment":[{"href":"https:\/\/www.ttisuccessinsights.hu\/hu\/wp-json\/wp\/v2\/media?parent=555"}],"curies":[{"name":"wp","href":"https:\/\/api.w.org\/{rel}","templated":true}]}}