{"id":528,"date":"2019-12-09T12:29:07","date_gmt":"2019-12-09T12:29:07","guid":{"rendered":"https:\/\/www.ttisuccessinsights.hu\/?page_id=528"},"modified":"2025-10-22T08:51:01","modified_gmt":"2025-10-22T08:51:01","slug":"trimetrix-dna","status":"publish","type":"page","link":"https:\/\/www.ttisuccessinsights.hu\/hu\/our-products\/trimetrix-dna\/","title":{"rendered":"TriMetrix \u00ae DNA"},"content":{"rendered":"<div class=\"wpb-content-wrapper\"><p>[vc_row][vc_column width=&#8221;2\/3&#8243;][vc_column_text]<strong>Ezek a riportok h\u00e1rom tudom\u00e1nyb\u00f3l \u00e1llnak: Viselked\u00e9s,\u00a0Motiv\u00e1tor\u00a0\u00e9s\u00a0Kompetenci\u00e1k.<\/strong><\/p>\n<p>A <span data-contrast=\"auto\">TriMetrix\u00ae DNA<\/span><span data-contrast=\"auto\">\u00a0h\u00e1rom ter\u00fcletn<\/span><span data-contrast=\"auto\">ek a r\u00e9szleteit fedi<\/span><span data-contrast=\"auto\">\u00a0fel, melyek le\u00edrj\u00e1k egy kiv\u00e1l\u00f3 teljes\u00edtm\u00e9ny \u201chogyan\u201d, \u201cmi\u00e9rt\u201d \u00e9s \u201cmi\u201d pontj\u00e1t.\u00a0\u00a0<\/span><span data-ccp-props=\"{&quot;201341983&quot;:0,&quot;335559739&quot;:200,&quot;335559740&quot;:276}\">\u00a0<\/span><\/p>\n<p>Tov\u00e1bb\u00e1, ez a riport a viselked\u00e9st, a <span data-contrast=\"auto\">motiv\u00e1torokat<\/span><span data-contrast=\"auto\"> \u00e9s<\/span><span data-contrast=\"auto\"> a kompetenci\u00e1kat<\/span><span data-contrast=\"auto\">\u00a0\u00f6tv\u00f6zi<\/span><span data-contrast=\"auto\">, mely seg\u00edt \u00f6sszerakni egy egy\u00e9n cselekedeteinek \u201ehogyanj\u00e1t\u201d \u00e9s \u201emi\u00e9rtj\u00e9t<\/span><span data-contrast=\"auto\">\u201d. <\/span><\/p>\n<p>Ez<span data-contrast=\"auto\">t<\/span><span data-contrast=\"auto\">\u00a0az\u00a0<\/span><span data-contrast=\"auto\">riportot<\/span><span data-contrast=\"auto\">\u00a0vil\u00e1gszerte<\/span><span data-contrast=\"auto\">\u00a0a<\/span><span data-contrast=\"auto\">\u00a0<\/span><span data-contrast=\"auto\">k\u00f6vetkez\u0151kre\u00a0<\/span><span data-contrast=\"auto\">haszn\u00e1lj\u00e1k:<\/span><span data-ccp-props=\"{&quot;201341983&quot;:0,&quot;335559739&quot;:200,&quot;335559740&quot;:276}\">\u00a0<\/span><\/p>\n<ul>\n<li><span data-contrast=\"auto\"> A tehets\u00e9g hat\u00e9kony fejleszt\u00e9se<\/span><\/li>\n<li>Munkak\u00f6r sikeres bet\u00f6lt\u00e9s\u00e9re val\u00f3 megfelel\u00e9s<\/li>\n<\/ul>\n<p>[\/vc_column_text][\/vc_column][vc_column width=&#8221;1\/3&#8243;][vc_single_image image=&#8221;2384&#8243; img_size=&#8221;full&#8221; alignment=&#8221;center&#8221; onclick=&#8221;custom_link&#8221; img_link_target=&#8221;_blank&#8221; link=&#8221;https:\/\/www.ttisuccessinsights.hu\/wp-content\/uploads\/2025\/10\/TriDNA2manHU.pdf&#8221;][\/vc_column][\/vc_row]<\/p>\n<\/div>","protected":false},"excerpt":{"rendered":"<p>[vc_row][vc_column width=&#8221;2\/3&#8243;][vc_column_text]Ezek a riportok h\u00e1rom tudom\u00e1nyb\u00f3l \u00e1llnak: Viselked\u00e9s,\u00a0Motiv\u00e1tor\u00a0\u00e9s\u00a0Kompetenci\u00e1k. A TriMetrix\u00ae DNA\u00a0h\u00e1rom ter\u00fcletnek a r\u00e9szleteit fedi\u00a0fel, melyek le\u00edrj\u00e1k egy kiv\u00e1l\u00f3 teljes\u00edtm\u00e9ny \u201chogyan\u201d, \u201cmi\u00e9rt\u201d \u00e9s \u201cmi\u201d pontj\u00e1t.\u00a0\u00a0\u00a0 Tov\u00e1bb\u00e1, ez a riport a viselked\u00e9st, a motiv\u00e1torokat \u00e9s a kompetenci\u00e1kat\u00a0\u00f6tv\u00f6zi, mely seg\u00edt \u00f6sszerakni egy egy\u00e9n cselekedeteinek \u201ehogyanj\u00e1t\u201d \u00e9s \u201emi\u00e9rtj\u00e9t\u201d. Ezt\u00a0az\u00a0riportot\u00a0vil\u00e1gszerte\u00a0a\u00a0k\u00f6vetkez\u0151kre\u00a0haszn\u00e1lj\u00e1k:\u00a0 A tehets\u00e9g hat\u00e9kony fejleszt\u00e9se<span class=\"excerpt-hellip\"> [\u2026]<\/span><\/p>\n","protected":false},"author":1,"featured_media":0,"parent":965,"menu_order":0,"comment_status":"closed","ping_status":"closed","template":"","meta":{"inline_featured_image":false,"footnotes":""},"class_list":["post-528","page","type-page","status-publish","hentry"],"_links":{"self":[{"href":"https:\/\/www.ttisuccessinsights.hu\/hu\/wp-json\/wp\/v2\/pages\/528","targetHints":{"allow":["GET"]}}],"collection":[{"href":"https:\/\/www.ttisuccessinsights.hu\/hu\/wp-json\/wp\/v2\/pages"}],"about":[{"href":"https:\/\/www.ttisuccessinsights.hu\/hu\/wp-json\/wp\/v2\/types\/page"}],"author":[{"embeddable":true,"href":"https:\/\/www.ttisuccessinsights.hu\/hu\/wp-json\/wp\/v2\/users\/1"}],"replies":[{"embeddable":true,"href":"https:\/\/www.ttisuccessinsights.hu\/hu\/wp-json\/wp\/v2\/comments?post=528"}],"version-history":[{"count":7,"href":"https:\/\/www.ttisuccessinsights.hu\/hu\/wp-json\/wp\/v2\/pages\/528\/revisions"}],"predecessor-version":[{"id":2551,"href":"https:\/\/www.ttisuccessinsights.hu\/hu\/wp-json\/wp\/v2\/pages\/528\/revisions\/2551"}],"up":[{"embeddable":true,"href":"https:\/\/www.ttisuccessinsights.hu\/hu\/wp-json\/wp\/v2\/pages\/965"}],"wp:attachment":[{"href":"https:\/\/www.ttisuccessinsights.hu\/hu\/wp-json\/wp\/v2\/media?parent=528"}],"curies":[{"name":"wp","href":"https:\/\/api.w.org\/{rel}","templated":true}]}}