{"id":504,"date":"2019-12-09T12:13:06","date_gmt":"2019-12-09T12:13:06","guid":{"rendered":"https:\/\/www.ttisuccessinsights.hu\/?page_id=504"},"modified":"2025-10-22T08:41:35","modified_gmt":"2025-10-22T08:41:35","slug":"talent-insights","status":"publish","type":"page","link":"https:\/\/www.ttisuccessinsights.hu\/hu\/our-products\/talent-insights\/","title":{"rendered":"Talent Insights"},"content":{"rendered":"<div class=\"wpb-content-wrapper\"><p>[vc_row][vc_column width=&#8221;2\/3&#8243;][vc_column_text]<strong>Ezek a\u00a0riportok\u00a0k\u00e9t tudom\u00e1nyb\u00f3l \u00e1llnak: Viselked\u00e9s \u00e9s\u00a0Motiv\u00e1torok.\u00a0<\/strong><\/p>\n<p>Tov\u00e1bb\u00e1, ez a riport a viselked\u00e9st \u00e9s a\u00a0<span data-contrast=\"auto\">motiv\u00e1torokat<\/span><span data-contrast=\"auto\">\u00a0\u00f6tv\u00f6zi<\/span><span data-contrast=\"auto\">, mely seg\u00edt \u00f6sszerakni egy egy\u00e9n cselekedeteinek \u201ehogyanj\u00e1t\u201d \u00e9s \u201emi\u00e9rtj\u00e9t\u201d.<\/span><\/p>\n<p>&nbsp;<\/p>\n<p>Ezt\u00a0a\u00a0riportot\u00a0vil\u00e1gszerte\u00a0a\u00a0k\u00f6vetkez\u0151kre\u00a0haszn\u00e1lj\u00e1k:<\/p>\n<ul>\n<li>Alkalmazottak\u00a0elk\u00f6telez\u00e9se \u00e9s\u00a0coachingja<\/li>\n<li>Vezet\u00e9s \u00e9s kommunik\u00e1ci\u00f3<\/li>\n<li>Hat\u00e9kony munkak\u00f6rnyezet megteremt\u00e9se<\/li>\n<li>Kiv\u00e1laszt\u00e1s\/toborz\u00e1s<\/li>\n<\/ul>\n<p>[\/vc_column_text][\/vc_column][vc_column width=&#8221;1\/3&#8243;][vc_single_image image=&#8221;2301&#8243; img_size=&#8221;full&#8221; alignment=&#8221;center&#8221; onclick=&#8221;custom_link&#8221; img_link_target=&#8221;_blank&#8221; link=&#8221;https:\/\/www.ttisuccessinsights.hu\/wp-content\/uploads\/2025\/10\/TImanHU.pdf&#8221;][\/vc_column][\/vc_row]<\/p>\n<\/div>","protected":false},"excerpt":{"rendered":"<p>[vc_row][vc_column width=&#8221;2\/3&#8243;][vc_column_text]Ezek a\u00a0riportok\u00a0k\u00e9t tudom\u00e1nyb\u00f3l \u00e1llnak: Viselked\u00e9s \u00e9s\u00a0Motiv\u00e1torok.\u00a0 Tov\u00e1bb\u00e1, ez a riport a viselked\u00e9st \u00e9s a\u00a0motiv\u00e1torokat\u00a0\u00f6tv\u00f6zi, mely seg\u00edt \u00f6sszerakni egy egy\u00e9n cselekedeteinek \u201ehogyanj\u00e1t\u201d \u00e9s \u201emi\u00e9rtj\u00e9t\u201d. &nbsp; Ezt\u00a0a\u00a0riportot\u00a0vil\u00e1gszerte\u00a0a\u00a0k\u00f6vetkez\u0151kre\u00a0haszn\u00e1lj\u00e1k: Alkalmazottak\u00a0elk\u00f6telez\u00e9se \u00e9s\u00a0coachingja Vezet\u00e9s \u00e9s kommunik\u00e1ci\u00f3 Hat\u00e9kony munkak\u00f6rnyezet megteremt\u00e9se Kiv\u00e1laszt\u00e1s\/toborz\u00e1s [\/vc_column_text][\/vc_column][vc_column width=&#8221;1\/3&#8243;][vc_single_image image=&#8221;2301&#8243; img_size=&#8221;full&#8221; alignment=&#8221;center&#8221; onclick=&#8221;custom_link&#8221; img_link_target=&#8221;_blank&#8221; link=&#8221;https:\/\/www.ttisuccessinsights.hu\/wp-content\/uploads\/2025\/10\/TImanHU.pdf&#8221;][\/vc_column][\/vc_row]<\/p>\n","protected":false},"author":1,"featured_media":0,"parent":965,"menu_order":0,"comment_status":"closed","ping_status":"closed","template":"","meta":{"inline_featured_image":false,"footnotes":""},"class_list":["post-504","page","type-page","status-publish","hentry"],"_links":{"self":[{"href":"https:\/\/www.ttisuccessinsights.hu\/hu\/wp-json\/wp\/v2\/pages\/504","targetHints":{"allow":["GET"]}}],"collection":[{"href":"https:\/\/www.ttisuccessinsights.hu\/hu\/wp-json\/wp\/v2\/pages"}],"about":[{"href":"https:\/\/www.ttisuccessinsights.hu\/hu\/wp-json\/wp\/v2\/types\/page"}],"author":[{"embeddable":true,"href":"https:\/\/www.ttisuccessinsights.hu\/hu\/wp-json\/wp\/v2\/users\/1"}],"replies":[{"embeddable":true,"href":"https:\/\/www.ttisuccessinsights.hu\/hu\/wp-json\/wp\/v2\/comments?post=504"}],"version-history":[{"count":6,"href":"https:\/\/www.ttisuccessinsights.hu\/hu\/wp-json\/wp\/v2\/pages\/504\/revisions"}],"predecessor-version":[{"id":2513,"href":"https:\/\/www.ttisuccessinsights.hu\/hu\/wp-json\/wp\/v2\/pages\/504\/revisions\/2513"}],"up":[{"embeddable":true,"href":"https:\/\/www.ttisuccessinsights.hu\/hu\/wp-json\/wp\/v2\/pages\/965"}],"wp:attachment":[{"href":"https:\/\/www.ttisuccessinsights.hu\/hu\/wp-json\/wp\/v2\/media?parent=504"}],"curies":[{"name":"wp","href":"https:\/\/api.w.org\/{rel}","templated":true}]}}