{"id":2088,"date":"2019-05-15T09:52:14","date_gmt":"2019-05-15T09:52:14","guid":{"rendered":"https:\/\/www.ttisuccessinsights.hu\/our-solutions\/executive-coaching\/"},"modified":"2021-04-30T12:01:40","modified_gmt":"2021-04-30T12:01:40","slug":"executive-coaching","status":"publish","type":"page","link":"https:\/\/www.ttisuccessinsights.hu\/hu\/our-solutions\/executive-coaching\/","title":{"rendered":"Executive Coaching"},"content":{"rendered":"<div class=\"wpb-content-wrapper\"><p>[vc_row][vc_column][vc_column_text]<\/p>\n<h3>Az er\u0151s \u00a0\u00e9s inspir\u00e1lt vezet\u0151k el\u00e9rik c\u00e9ljaikat.<\/h3>\n<div class=\"articleBody\">\n<p>Hissz\u00fck, hogy az executive coaching els\u0151dleges c\u00e9lja \u00a0az egy\u00e9n inspir\u00e1l\u00e1sa \u00a0\u00e9s a teljes\u00edtm\u00e9ny jav\u00edt\u00e1sa. A meger\u0151s\u00edtett \u00e9s inspir\u00e1lt vezet\u0151k \u00f6sszetart\u00f3 \u00e9s kreat\u00edv csapatokat vezetnek, amelyek el\u00e9rik a c\u00e9ljaikat \u00e9s n\u00f6velik a v\u00e1llalat teljes\u00edtm\u00e9ny\u00e9hez. Az executive coaching c\u00e9lja:<\/p>\n<ul>\n<li>meg\u00e9rteni a saj\u00e1t \u00e9s a csapat tehets\u00e9geit \u00e9s k\u00e9pess\u00e9geit<\/li>\n<li>megtanulni \u00e9rthet\u0151en kommunik\u00e1lni a c\u00e9lokr\u00f3l<\/li>\n<li>l\u00e9trehozni egy er\u0151s keretet a jobb teljes\u00edtm\u00e9ny inspir\u00e1l\u00e1s\u00e1ra<\/li>\n<\/ul>\n<p>A munkak\u00f6r\u00fclm\u00e9nyek, hiteles\u00edtett \u00a0magatart\u00e1s- \u00e9s motiv\u00e1ci\u00f3s felm\u00e9r\u00e9ssel, valamint c\u00e9lzott szakmai fejl\u0151d\u00e9ssel p\u00e1rhuzamosan biztos\u00edtj\u00e1k, hogy a coaching j\u00f3 \u00faton haladjon a szervezet teljes\u00edtm\u00e9ny\u00e9nek \u00e9rdek\u00e9ben.<\/p>\n<\/div>\n<p>[\/vc_column_text][\/vc_column][\/vc_row]<\/p>\n<\/div>","protected":false},"excerpt":{"rendered":"<p>[vc_row][vc_column][vc_column_text] Az er\u0151s \u00a0\u00e9s inspir\u00e1lt vezet\u0151k el\u00e9rik c\u00e9ljaikat. Hissz\u00fck, hogy az executive coaching els\u0151dleges c\u00e9lja \u00a0az egy\u00e9n inspir\u00e1l\u00e1sa \u00a0\u00e9s a teljes\u00edtm\u00e9ny jav\u00edt\u00e1sa. A meger\u0151s\u00edtett \u00e9s inspir\u00e1lt vezet\u0151k \u00f6sszetart\u00f3 \u00e9s kreat\u00edv csapatokat vezetnek, amelyek el\u00e9rik a c\u00e9ljaikat \u00e9s n\u00f6velik a v\u00e1llalat teljes\u00edtm\u00e9ny\u00e9hez. Az executive coaching c\u00e9lja: meg\u00e9rteni a saj\u00e1t \u00e9s a<span class=\"excerpt-hellip\"> [\u2026]<\/span><\/p>\n","protected":false},"author":1,"featured_media":0,"parent":580,"menu_order":0,"comment_status":"closed","ping_status":"closed","template":"","meta":{"inline_featured_image":false,"footnotes":""},"class_list":["post-2088","page","type-page","status-publish","hentry"],"_links":{"self":[{"href":"https:\/\/www.ttisuccessinsights.hu\/hu\/wp-json\/wp\/v2\/pages\/2088","targetHints":{"allow":["GET"]}}],"collection":[{"href":"https:\/\/www.ttisuccessinsights.hu\/hu\/wp-json\/wp\/v2\/pages"}],"about":[{"href":"https:\/\/www.ttisuccessinsights.hu\/hu\/wp-json\/wp\/v2\/types\/page"}],"author":[{"embeddable":true,"href":"https:\/\/www.ttisuccessinsights.hu\/hu\/wp-json\/wp\/v2\/users\/1"}],"replies":[{"embeddable":true,"href":"https:\/\/www.ttisuccessinsights.hu\/hu\/wp-json\/wp\/v2\/comments?post=2088"}],"version-history":[{"count":2,"href":"https:\/\/www.ttisuccessinsights.hu\/hu\/wp-json\/wp\/v2\/pages\/2088\/revisions"}],"predecessor-version":[{"id":2090,"href":"https:\/\/www.ttisuccessinsights.hu\/hu\/wp-json\/wp\/v2\/pages\/2088\/revisions\/2090"}],"up":[{"embeddable":true,"href":"https:\/\/www.ttisuccessinsights.hu\/hu\/wp-json\/wp\/v2\/pages\/580"}],"wp:attachment":[{"href":"https:\/\/www.ttisuccessinsights.hu\/hu\/wp-json\/wp\/v2\/media?parent=2088"}],"curies":[{"name":"wp","href":"https:\/\/api.w.org\/{rel}","templated":true}]}}