{"id":2079,"date":"2019-05-15T09:50:49","date_gmt":"2019-05-15T09:50:49","guid":{"rendered":"https:\/\/www.ttisuccessinsights.hu\/our-solutions\/onboarding\/"},"modified":"2021-04-30T11:55:40","modified_gmt":"2021-04-30T11:55:40","slug":"onboarding","status":"publish","type":"page","link":"https:\/\/www.ttisuccessinsights.hu\/hu\/our-solutions\/onboarding\/","title":{"rendered":"Onboarding"},"content":{"rendered":"<div class=\"wpb-content-wrapper\"><p>[vc_row][vc_column width=&#8221;2\/3&#8243;][vc_column_text]<\/p>\n<h3>A job benchmarking megalapozza a kiemelked\u0151 teljes\u00edtm\u00e9nyt. M\u00e9gis a legkedvez\u0151bb az alkalmazottak sz\u00e1m\u00e1ra, ha m\u00e1r az els\u0151 munkanapjukt\u00f3l kezdve onboarding tr\u00e9ningen vehetnek r\u00e9szt.<\/h3>\n<p>A munkav\u00e1llal\u00f3i k\u00e9pz\u00e9s fenntart\u00e1sa az alkalmazott els\u0151 n\u00e9h\u00e1ny h\u00f3napj\u00e1ban kritikus fontoss\u00e1g\u00fa ahhoz, hogy beilleszkedjenek \u00e9s sikeres tagj\u00e1v\u00e1 v\u00e1ljanak a szervezetnek. Sikeres onboarding a k\u00f6vetkez\u0151kh\u00f6z vezet:<\/p>\n<ul>\n<li>Jobb munkael\u00e9gedetts\u00e9g<\/li>\n<li>Jobb munkateljes\u00edtm\u00e9ny<\/li>\n<li>Nagyobb elk\u00f6telez\u0151d\u00e9s a szervezet fel<\/li>\n<li>Stressz cs\u00f6kken\u00e9se<\/li>\n<\/ul>\n<p>Egy \u00faj alkalmazott (\u00e9s csapat\u00e1nak) legjobb felk\u00e9sz\u00edt\u00e9se, ha r\u00e9szt vesz(nek):<\/p>\n<ul>\n<li>Job benchmarking a munkak\u00f6r sikeres bet\u00f6lt\u00e9se \u00e9rdek\u00e9ben<\/li>\n<li>Viselked\u00e9si elemz\u00e9s (DISC) az szem\u00e9ly meg\u00e9rt\u00e9se \u00e9rdek\u00e9ben<\/li>\n<li>Motiv\u00e1ci\u00f3s felm\u00e9r\u00e9sek<\/li>\n<\/ul>\n<p>[\/vc_column_text][\/vc_column][vc_column width=&#8221;1\/3&#8243;][vc_single_image image=&#8221;154&#8243; img_size=&#8221;full&#8221; alignment=&#8221;center&#8221;][\/vc_column][\/vc_row]<\/p>\n<\/div>","protected":false},"excerpt":{"rendered":"<p>[vc_row][vc_column width=&#8221;2\/3&#8243;][vc_column_text] A job benchmarking megalapozza a kiemelked\u0151 teljes\u00edtm\u00e9nyt. M\u00e9gis a legkedvez\u0151bb az alkalmazottak sz\u00e1m\u00e1ra, ha m\u00e1r az els\u0151 munkanapjukt\u00f3l kezdve onboarding tr\u00e9ningen vehetnek r\u00e9szt. A munkav\u00e1llal\u00f3i k\u00e9pz\u00e9s fenntart\u00e1sa az alkalmazott els\u0151 n\u00e9h\u00e1ny h\u00f3napj\u00e1ban kritikus fontoss\u00e1g\u00fa ahhoz, hogy beilleszkedjenek \u00e9s sikeres tagj\u00e1v\u00e1 v\u00e1ljanak a szervezetnek. Sikeres onboarding a k\u00f6vetkez\u0151kh\u00f6z vezet:<span class=\"excerpt-hellip\"> [\u2026]<\/span><\/p>\n","protected":false},"author":1,"featured_media":0,"parent":580,"menu_order":0,"comment_status":"closed","ping_status":"closed","template":"","meta":{"inline_featured_image":false,"footnotes":""},"class_list":["post-2079","page","type-page","status-publish","hentry"],"_links":{"self":[{"href":"https:\/\/www.ttisuccessinsights.hu\/hu\/wp-json\/wp\/v2\/pages\/2079","targetHints":{"allow":["GET"]}}],"collection":[{"href":"https:\/\/www.ttisuccessinsights.hu\/hu\/wp-json\/wp\/v2\/pages"}],"about":[{"href":"https:\/\/www.ttisuccessinsights.hu\/hu\/wp-json\/wp\/v2\/types\/page"}],"author":[{"embeddable":true,"href":"https:\/\/www.ttisuccessinsights.hu\/hu\/wp-json\/wp\/v2\/users\/1"}],"replies":[{"embeddable":true,"href":"https:\/\/www.ttisuccessinsights.hu\/hu\/wp-json\/wp\/v2\/comments?post=2079"}],"version-history":[{"count":2,"href":"https:\/\/www.ttisuccessinsights.hu\/hu\/wp-json\/wp\/v2\/pages\/2079\/revisions"}],"predecessor-version":[{"id":2082,"href":"https:\/\/www.ttisuccessinsights.hu\/hu\/wp-json\/wp\/v2\/pages\/2079\/revisions\/2082"}],"up":[{"embeddable":true,"href":"https:\/\/www.ttisuccessinsights.hu\/hu\/wp-json\/wp\/v2\/pages\/580"}],"wp:attachment":[{"href":"https:\/\/www.ttisuccessinsights.hu\/hu\/wp-json\/wp\/v2\/media?parent=2079"}],"curies":[{"name":"wp","href":"https:\/\/api.w.org\/{rel}","templated":true}]}}